{"id":17,"date":"2008-03-30T18:28:17","date_gmt":"2008-03-30T18:28:17","guid":{"rendered":"https:\/\/eaa-online.org\/congress-2009\/organizers\/"},"modified":"2022-10-13T12:13:55","modified_gmt":"2022-10-13T12:13:55","slug":"organizers","status":"publish","type":"page","link":"https:\/\/eaa-online.org\/congress-2009\/organizers\/","title":{"rendered":"Organizers"},"content":{"rendered":"<table cellspacing=\"20\" cellpadding=\"1\" width=\"619\" border=\"0\" style=\"width: 619px;height: 426px\">\n<tbody>\n<tr>\n<td valign=\"top\" align=\"left\" width=\"50%\">\n<p><span style=\"font-size: x-large\"><span><span style=\"color: #a4b83d\">Organizers<br \/>\n            <\/span><\/span><\/span><\/p>\n<p><span style=\"font-size: large\"><span style=\"color: #00ccff\"><img decoding=\"async\" loading=\"lazy\" height=\"29\" alt=\"\" width=\"30\" align=\"absMiddle\" src=\"https:\/\/eaa-online.org\/app\/uploads\/sites\/61\/2021\/09\/green1-2.jpg\" \/>Organizing Committee<br \/>\n            <\/span><\/span><\/p>\n<ul>\n<li>Salme N\u00e4si (chair)<\/li>\n<li>Matias Laine (secretary-general)<\/li>\n<li>Timo Hyv\u00f6nen (treasurer)<\/li>\n<li>Petri Vehmanen<\/li>\n<li>Hannele M\u00e4kel\u00e4<\/li>\n<\/ul>\n<\/td>\n<td>\n<p><span style=\"font-size: x-large\"><span><span style=\"color: #a4b83d\">&#160;<br \/>\n            <\/span><\/span><\/span><span style=\"color: #00ccff\"><span style=\"font-size: large\"><img decoding=\"async\" loading=\"lazy\" height=\"29\" alt=\"\" width=\"30\" align=\"absMiddle\" src=\"https:\/\/eaa-online.org\/app\/uploads\/sites\/61\/2021\/09\/green1-3.jpg\" \/><\/span><\/span><span style=\"color: #00ccff\"><span style=\"font-size: large\">Local Host<br \/>\n            <\/span><\/span><\/p>\n<p>Department of Economics and Accounting<br \/>\n            University of Tampere<\/p>\n<p>FIN-33014 Tampere, Finland<\/p>\n<p>&#160;<\/p>\n<\/td>\n<\/tr>\n<tr>\n<td valign=\"top\" align=\"left\" width=\"50%\">\n<p><span style=\"font-size: large\"><span style=\"color: #00ccff\"><img decoding=\"async\" loading=\"lazy\" height=\"29\" alt=\"\" width=\"30\" align=\"absMiddle\" src=\"https:\/\/eaa-online.org\/app\/uploads\/sites\/61\/2021\/09\/green1-4.jpg\" \/>EAA<\/span><\/span><\/p>\n<p>Place de Brouck\u00e8re Plein, 31<br \/>\n            B-1000 Brussels, Belgium<\/p>\n<p>Phone +32&#160;2&#160;226&#160;66&#160;63<br \/>\n            Fax +32 2 512 19 29<\/p>\n<\/td>\n<td valign=\"top\" align=\"left\">\n<p><span style=\"color: #00ccff\"><span style=\"font-size: large\"><img decoding=\"async\" loading=\"lazy\" height=\"29\" alt=\"\" width=\"30\" align=\"absMiddle\" src=\"https:\/\/eaa-online.org\/app\/uploads\/sites\/61\/2021\/09\/green1-5.jpg\" \/>Conference Management<\/span><\/span><\/p>\n<p>Congreszon Tampere<br \/>\n            &#160;<\/p>\n<p>&#160;<\/p>\n<\/td>\n<\/tr>\n<\/tbody>\n<\/table>\n<p>&#160;<\/p>\n","protected":false},"excerpt":{"rendered":"<p>Organizers Organizing Committee Salme N\u00e4si (chair) Matias Laine (secretary-general) Timo Hyv\u00f6nen (treasurer) Petri Vehmanen Hannele M\u00e4kel\u00e4 &#160; Local Host Department of Economics and Accounting University of Tampere FIN-33014 Tampere, Finland &#160; EAA Place de Brouck\u00e8re Plein, 31 B-1000 Brussels, Belgium Phone +32&#160;2&#160;226&#160;66&#160;63 Fax +32 2 512 19 29 Conference Management Congreszon Tampere &#160; &#160; &#160;<\/p>\n","protected":false},"author":2943,"featured_media":0,"parent":0,"menu_order":0,"comment_status":"closed","ping_status":"closed","template":"","meta":{"ngg_post_thumbnail":0},"acf":[],"yoast_head":"<!-- This site is optimized with the Yoast SEO plugin v20.12 - https:\/\/yoast.com\/wordpress\/plugins\/seo\/ -->\n<title>Organizers - Congress 2009<\/title>\n<meta name=\"robots\" content=\"noindex, follow, max-snippet:-1, max-image-preview:large, max-video-preview:-1\" \/>\n<meta property=\"og:locale\" content=\"en_US\" \/>\n<meta property=\"og:type\" content=\"article\" \/>\n<meta property=\"og:title\" content=\"Organizers - Congress 2009\" \/>\n<meta property=\"og:description\" content=\"Organizers Organizing Committee Salme N\u00e4si (chair) Matias Laine (secretary-general) Timo Hyv\u00f6nen (treasurer) Petri Vehmanen Hannele M\u00e4kel\u00e4 &#160; Local Host Department of Economics and Accounting University of Tampere FIN-33014 Tampere, Finland &#160; EAA Place de Brouck\u00e8re Plein, 31 B-1000 Brussels, Belgium Phone +32&#160;2&#160;226&#160;66&#160;63 Fax +32 2 512 19 29 Conference Management Congreszon Tampere &#160; &#160; &#160;\" \/>\n<meta property=\"og:url\" content=\"https:\/\/eaa-online.org\/congress-2009\/organizers\/\" \/>\n<meta property=\"og:site_name\" content=\"Congress 2009\" \/>\n<meta property=\"article:modified_time\" content=\"2022-10-13T12:13:55+00:00\" \/>\n<meta property=\"og:image\" content=\"https:\/\/eaa-online.org\/app\/uploads\/sites\/61\/2021\/09\/green1-2.jpg\" \/>\n<meta name=\"twitter:card\" content=\"summary_large_image\" \/>\n<script type=\"application\/ld+json\" class=\"yoast-schema-graph\">{\"@context\":\"https:\/\/schema.org\",\"@graph\":[{\"@type\":\"WebPage\",\"@id\":\"https:\/\/eaa-online.org\/congress-2009\/organizers\/\",\"url\":\"https:\/\/eaa-online.org\/congress-2009\/organizers\/\",\"name\":\"Organizers - Congress 2009\",\"isPartOf\":{\"@id\":\"https:\/\/eaa-online.org\/congress-2009\/#website\"},\"datePublished\":\"2008-03-30T18:28:17+00:00\",\"dateModified\":\"2022-10-13T12:13:55+00:00\",\"breadcrumb\":{\"@id\":\"https:\/\/eaa-online.org\/congress-2009\/organizers\/#breadcrumb\"},\"inLanguage\":\"en-US\",\"potentialAction\":[{\"@type\":\"ReadAction\",\"target\":[\"https:\/\/eaa-online.org\/congress-2009\/organizers\/\"]}]},{\"@type\":\"BreadcrumbList\",\"@id\":\"https:\/\/eaa-online.org\/congress-2009\/organizers\/#breadcrumb\",\"itemListElement\":[{\"@type\":\"ListItem\",\"position\":1,\"name\":\"Home\",\"item\":\"https:\/\/eaa-online.org\/congress-2009\/\"},{\"@type\":\"ListItem\",\"position\":2,\"name\":\"Organizers\"}]},{\"@type\":\"WebSite\",\"@id\":\"https:\/\/eaa-online.org\/congress-2009\/#website\",\"url\":\"https:\/\/eaa-online.org\/congress-2009\/\",\"name\":\"Congress 2009\",\"description\":\"Just another EAA Sites site\",\"potentialAction\":[{\"@type\":\"SearchAction\",\"target\":{\"@type\":\"EntryPoint\",\"urlTemplate\":\"https:\/\/eaa-online.org\/congress-2009\/?s={search_term_string}\"},\"query-input\":\"required name=search_term_string\"}],\"inLanguage\":\"en-US\"}]}<\/script>\n<!-- \/ Yoast SEO plugin. -->","yoast_head_json":{"title":"Organizers - Congress 2009","robots":{"index":"noindex","follow":"follow","max-snippet":"max-snippet:-1","max-image-preview":"max-image-preview:large","max-video-preview":"max-video-preview:-1"},"og_locale":"en_US","og_type":"article","og_title":"Organizers - Congress 2009","og_description":"Organizers Organizing Committee Salme N\u00e4si (chair) Matias Laine (secretary-general) Timo Hyv\u00f6nen (treasurer) Petri Vehmanen Hannele M\u00e4kel\u00e4 &#160; Local Host Department of Economics and Accounting University of Tampere FIN-33014 Tampere, Finland &#160; EAA Place de Brouck\u00e8re Plein, 31 B-1000 Brussels, Belgium Phone +32&#160;2&#160;226&#160;66&#160;63 Fax +32 2 512 19 29 Conference Management Congreszon Tampere &#160; &#160; &#160;","og_url":"https:\/\/eaa-online.org\/congress-2009\/organizers\/","og_site_name":"Congress 2009","article_modified_time":"2022-10-13T12:13:55+00:00","og_image":[{"url":"https:\/\/eaa-online.org\/app\/uploads\/sites\/61\/2021\/09\/green1-2.jpg"}],"twitter_card":"summary_large_image","schema":{"@context":"https:\/\/schema.org","@graph":[{"@type":"WebPage","@id":"https:\/\/eaa-online.org\/congress-2009\/organizers\/","url":"https:\/\/eaa-online.org\/congress-2009\/organizers\/","name":"Organizers - Congress 2009","isPartOf":{"@id":"https:\/\/eaa-online.org\/congress-2009\/#website"},"datePublished":"2008-03-30T18:28:17+00:00","dateModified":"2022-10-13T12:13:55+00:00","breadcrumb":{"@id":"https:\/\/eaa-online.org\/congress-2009\/organizers\/#breadcrumb"},"inLanguage":"en-US","potentialAction":[{"@type":"ReadAction","target":["https:\/\/eaa-online.org\/congress-2009\/organizers\/"]}]},{"@type":"BreadcrumbList","@id":"https:\/\/eaa-online.org\/congress-2009\/organizers\/#breadcrumb","itemListElement":[{"@type":"ListItem","position":1,"name":"Home","item":"https:\/\/eaa-online.org\/congress-2009\/"},{"@type":"ListItem","position":2,"name":"Organizers"}]},{"@type":"WebSite","@id":"https:\/\/eaa-online.org\/congress-2009\/#website","url":"https:\/\/eaa-online.org\/congress-2009\/","name":"Congress 2009","description":"Just another EAA Sites site","potentialAction":[{"@type":"SearchAction","target":{"@type":"EntryPoint","urlTemplate":"https:\/\/eaa-online.org\/congress-2009\/?s={search_term_string}"},"query-input":"required name=search_term_string"}],"inLanguage":"en-US"}]}},"_links":{"self":[{"href":"https:\/\/eaa-online.org\/congress-2009\/wp-json\/wp\/v2\/pages\/17"}],"collection":[{"href":"https:\/\/eaa-online.org\/congress-2009\/wp-json\/wp\/v2\/pages"}],"about":[{"href":"https:\/\/eaa-online.org\/congress-2009\/wp-json\/wp\/v2\/types\/page"}],"author":[{"embeddable":true,"href":"https:\/\/eaa-online.org\/congress-2009\/wp-json\/wp\/v2\/users\/2943"}],"replies":[{"embeddable":true,"href":"https:\/\/eaa-online.org\/congress-2009\/wp-json\/wp\/v2\/comments?post=17"}],"version-history":[{"count":1,"href":"https:\/\/eaa-online.org\/congress-2009\/wp-json\/wp\/v2\/pages\/17\/revisions"}],"predecessor-version":[{"id":22,"href":"https:\/\/eaa-online.org\/congress-2009\/wp-json\/wp\/v2\/pages\/17\/revisions\/22"}],"wp:attachment":[{"href":"https:\/\/eaa-online.org\/congress-2009\/wp-json\/wp\/v2\/media?parent=17"}],"curies":[{"name":"wp","href":"https:\/\/api.w.org\/{rel}","templated":true}]}}