{"id":1290,"date":"2022-04-11T16:27:24","date_gmt":"2022-04-11T16:27:24","guid":{"rendered":"https:\/\/eaa-online.org\/congress-2010\/?page_id=1290"},"modified":"2022-10-13T12:12:11","modified_gmt":"2022-10-13T12:12:11","slug":"accommodation-transportation-tours","status":"publish","type":"page","link":"https:\/\/eaa-online.org\/congress-2010\/accommodation-transportation-tours\/","title":{"rendered":"Accommodation, Transportation &amp; Tours"},"content":{"rendered":"<table cellspacing=\"20\" cellpadding=\"1\" width=\"100%\" border=\"0\">\n<tbody>\n<tr>\n<td valign=\"top\" align=\"left\" width=\"50%\">\n<p><span style=\"font-size: x-large\"><span><span style=\"color: #a4b83d\"><img decoding=\"async\" loading=\"lazy\" height=\"26\" alt=\"\" width=\"27\" align=\"left\" src=\"\/app\/uploads\/sites\/62\/2022\/04\/blue.jpg\" \/>&#160;<\/span><span style=\"color: #00ccff\"><span>Accommodation, Transportation<\/span><span><span>&#160;&amp; Tours<\/span><\/span><\/span><\/span><\/span><\/p>\n<p style=\"text-align: justify\">\n            To book your hotel accommodation and transportation from\/to the airport,&#160;as well as tours and excursions, please click on the following link:<\/p>\n<p style=\"text-align: center\"><strong><span style=\"font-size: small\"><a target=\"_blank\" href=\"http:\/\/www.eaa2010istanbul.org\/en\/default.asp\" rel=\"noopener\">www.eaa2010.istanbul.org<\/a><\/span><\/strong><\/p>\n<p style=\"text-align: justify\">&#160;If you have questions, please contact directly:<\/p>\n<p>            <strong>DEKON Congress &amp; Tourism<\/strong><br \/>\n            Y\u0131ld\u0131z Posta Caddesi Ak\u0131n Sitesi 1. Blok no : 6 D: 3 Gayrettepe, \u015ei\u015fli \/ Istanbul &#8211; TURKEY<br \/>\n            E- mail : <a href=\"mailto:ebru@dekon.com.tr\">ebru@dekon.com.tr<\/a> or <a href=\"mailto:tuveyc@dekon.com.tr\">tuveyc@dekon.com.tr<\/a>&#160;<br \/>\n            Telephone : +90 212 347 63 00 <br \/>\n            Fax : +90 212 347 63 63&#160;<\/p>\n<p>            Please note that the EAA&#160;is not interfering in the above mentioned bookings.<br \/>\n            &#160;<\/p>\n<\/td>\n<\/tr>\n<\/tbody>\n<\/table>\n<p>&#160;<\/p>\n","protected":false},"excerpt":{"rendered":"<p>&#160;Accommodation, Transportation&#160;&amp; Tours To book your hotel accommodation and transportation from\/to the airport,&#160;as well as tours and excursions, please click on the following link: www.eaa2010.istanbul.org &#160;If you have questions, please contact directly: DEKON Congress &amp; Tourism Y\u0131ld\u0131z Posta Caddesi Ak\u0131n Sitesi 1. Blok no : 6 D: 3 Gayrettepe, \u015ei\u015fli \/ Istanbul &#8211; TURKEY E- [&hellip;]<\/p>\n","protected":false},"author":2943,"featured_media":0,"parent":0,"menu_order":0,"comment_status":"closed","ping_status":"closed","template":"","meta":{"ngg_post_thumbnail":0},"acf":[],"yoast_head":"<!-- This site is optimized with the Yoast SEO plugin v20.12 - https:\/\/yoast.com\/wordpress\/plugins\/seo\/ -->\n<title>Accommodation, Transportation &amp; Tours - Congress 2010<\/title>\n<meta name=\"robots\" content=\"noindex, follow, max-snippet:-1, max-image-preview:large, max-video-preview:-1\" \/>\n<meta property=\"og:locale\" content=\"en_US\" \/>\n<meta property=\"og:type\" content=\"article\" \/>\n<meta property=\"og:title\" content=\"Accommodation, Transportation &amp; Tours - Congress 2010\" \/>\n<meta property=\"og:description\" content=\"&#160;Accommodation, Transportation&#160;&amp; Tours To book your hotel accommodation and transportation from\/to the airport,&#160;as well as tours and excursions, please click on the following link: www.eaa2010.istanbul.org &#160;If you have questions, please contact directly: DEKON Congress &amp; Tourism Y\u0131ld\u0131z Posta Caddesi Ak\u0131n Sitesi 1. Blok no : 6 D: 3 Gayrettepe, \u015ei\u015fli \/ Istanbul &#8211; TURKEY E- [&hellip;]\" \/>\n<meta property=\"og:url\" content=\"https:\/\/eaa-online.org\/congress-2010\/accommodation-transportation-tours\/\" \/>\n<meta property=\"og:site_name\" content=\"Congress 2010\" \/>\n<meta property=\"article:modified_time\" content=\"2022-10-13T12:12:11+00:00\" \/>\n<meta name=\"twitter:card\" content=\"summary_large_image\" \/>\n<script type=\"application\/ld+json\" class=\"yoast-schema-graph\">{\"@context\":\"https:\/\/schema.org\",\"@graph\":[{\"@type\":\"WebPage\",\"@id\":\"https:\/\/eaa-online.org\/congress-2010\/accommodation-transportation-tours\/\",\"url\":\"https:\/\/eaa-online.org\/congress-2010\/accommodation-transportation-tours\/\",\"name\":\"Accommodation, Transportation &amp; Tours - Congress 2010\",\"isPartOf\":{\"@id\":\"https:\/\/eaa-online.org\/congress-2010\/#website\"},\"datePublished\":\"2022-04-11T16:27:24+00:00\",\"dateModified\":\"2022-10-13T12:12:11+00:00\",\"breadcrumb\":{\"@id\":\"https:\/\/eaa-online.org\/congress-2010\/accommodation-transportation-tours\/#breadcrumb\"},\"inLanguage\":\"en-US\",\"potentialAction\":[{\"@type\":\"ReadAction\",\"target\":[\"https:\/\/eaa-online.org\/congress-2010\/accommodation-transportation-tours\/\"]}]},{\"@type\":\"BreadcrumbList\",\"@id\":\"https:\/\/eaa-online.org\/congress-2010\/accommodation-transportation-tours\/#breadcrumb\",\"itemListElement\":[{\"@type\":\"ListItem\",\"position\":1,\"name\":\"Home\",\"item\":\"https:\/\/eaa-online.org\/congress-2010\/\"},{\"@type\":\"ListItem\",\"position\":2,\"name\":\"Accommodation, Transportation &amp; Tours\"}]},{\"@type\":\"WebSite\",\"@id\":\"https:\/\/eaa-online.org\/congress-2010\/#website\",\"url\":\"https:\/\/eaa-online.org\/congress-2010\/\",\"name\":\"Congress 2010\",\"description\":\"Just another EAA Sites site\",\"potentialAction\":[{\"@type\":\"SearchAction\",\"target\":{\"@type\":\"EntryPoint\",\"urlTemplate\":\"https:\/\/eaa-online.org\/congress-2010\/?s={search_term_string}\"},\"query-input\":\"required name=search_term_string\"}],\"inLanguage\":\"en-US\"}]}<\/script>\n<!-- \/ Yoast SEO plugin. -->","yoast_head_json":{"title":"Accommodation, Transportation &amp; Tours - Congress 2010","robots":{"index":"noindex","follow":"follow","max-snippet":"max-snippet:-1","max-image-preview":"max-image-preview:large","max-video-preview":"max-video-preview:-1"},"og_locale":"en_US","og_type":"article","og_title":"Accommodation, Transportation &amp; Tours - Congress 2010","og_description":"&#160;Accommodation, Transportation&#160;&amp; Tours To book your hotel accommodation and transportation from\/to the airport,&#160;as well as tours and excursions, please click on the following link: www.eaa2010.istanbul.org &#160;If you have questions, please contact directly: DEKON Congress &amp; Tourism Y\u0131ld\u0131z Posta Caddesi Ak\u0131n Sitesi 1. Blok no : 6 D: 3 Gayrettepe, \u015ei\u015fli \/ Istanbul &#8211; TURKEY E- [&hellip;]","og_url":"https:\/\/eaa-online.org\/congress-2010\/accommodation-transportation-tours\/","og_site_name":"Congress 2010","article_modified_time":"2022-10-13T12:12:11+00:00","twitter_card":"summary_large_image","schema":{"@context":"https:\/\/schema.org","@graph":[{"@type":"WebPage","@id":"https:\/\/eaa-online.org\/congress-2010\/accommodation-transportation-tours\/","url":"https:\/\/eaa-online.org\/congress-2010\/accommodation-transportation-tours\/","name":"Accommodation, Transportation &amp; Tours - Congress 2010","isPartOf":{"@id":"https:\/\/eaa-online.org\/congress-2010\/#website"},"datePublished":"2022-04-11T16:27:24+00:00","dateModified":"2022-10-13T12:12:11+00:00","breadcrumb":{"@id":"https:\/\/eaa-online.org\/congress-2010\/accommodation-transportation-tours\/#breadcrumb"},"inLanguage":"en-US","potentialAction":[{"@type":"ReadAction","target":["https:\/\/eaa-online.org\/congress-2010\/accommodation-transportation-tours\/"]}]},{"@type":"BreadcrumbList","@id":"https:\/\/eaa-online.org\/congress-2010\/accommodation-transportation-tours\/#breadcrumb","itemListElement":[{"@type":"ListItem","position":1,"name":"Home","item":"https:\/\/eaa-online.org\/congress-2010\/"},{"@type":"ListItem","position":2,"name":"Accommodation, Transportation &amp; Tours"}]},{"@type":"WebSite","@id":"https:\/\/eaa-online.org\/congress-2010\/#website","url":"https:\/\/eaa-online.org\/congress-2010\/","name":"Congress 2010","description":"Just another EAA Sites site","potentialAction":[{"@type":"SearchAction","target":{"@type":"EntryPoint","urlTemplate":"https:\/\/eaa-online.org\/congress-2010\/?s={search_term_string}"},"query-input":"required name=search_term_string"}],"inLanguage":"en-US"}]}},"_links":{"self":[{"href":"https:\/\/eaa-online.org\/congress-2010\/wp-json\/wp\/v2\/pages\/1290"}],"collection":[{"href":"https:\/\/eaa-online.org\/congress-2010\/wp-json\/wp\/v2\/pages"}],"about":[{"href":"https:\/\/eaa-online.org\/congress-2010\/wp-json\/wp\/v2\/types\/page"}],"author":[{"embeddable":true,"href":"https:\/\/eaa-online.org\/congress-2010\/wp-json\/wp\/v2\/users\/2943"}],"replies":[{"embeddable":true,"href":"https:\/\/eaa-online.org\/congress-2010\/wp-json\/wp\/v2\/comments?post=1290"}],"version-history":[{"count":2,"href":"https:\/\/eaa-online.org\/congress-2010\/wp-json\/wp\/v2\/pages\/1290\/revisions"}],"predecessor-version":[{"id":2866,"href":"https:\/\/eaa-online.org\/congress-2010\/wp-json\/wp\/v2\/pages\/1290\/revisions\/2866"}],"wp:attachment":[{"href":"https:\/\/eaa-online.org\/congress-2010\/wp-json\/wp\/v2\/media?parent=1290"}],"curies":[{"name":"wp","href":"https:\/\/api.w.org\/{rel}","templated":true}]}}