{"id":1366,"date":"2022-04-11T17:02:49","date_gmt":"2022-04-11T17:02:49","guid":{"rendered":"https:\/\/eaa-online.org\/congress-2010\/?page_id=1366"},"modified":"2022-10-13T12:12:16","modified_gmt":"2022-10-13T12:12:16","slug":"organizers","status":"publish","type":"page","link":"https:\/\/eaa-online.org\/congress-2010\/organizers\/","title":{"rendered":"Organizers"},"content":{"rendered":"<table cellspacing=\"20\" cellpadding=\"1\" width=\"619\" border=\"0\" style=\"width: 619px;height: 426px\">\n<tbody>\n<tr>\n<td valign=\"top\" align=\"left\" width=\"50%\">\n<p><span style=\"font-size: x-large\"><span><span style=\"color: #a4b83d\">Organizers<br \/>\n            <\/span><\/span><\/span><\/p>\n<p><span style=\"font-size: large\"><span style=\"color: #00ccff\"><img decoding=\"async\" loading=\"lazy\" height=\"29\" alt=\"\" width=\"30\" align=\"absMiddle\" src=\"\/app\/uploads\/sites\/62\/2022\/04\/blue.jpg\" \/>Organizing Committee<br \/>\n            <\/span><\/span><\/p>\n<ul>\n<li>Recep Pekdemir, Chair<\/li>\n<li>Mehmet \u015e\u00fckr\u00fc Tekba\u015f, Deputy Chair<\/li>\n<li>Fatih Y\u0131lmaz, Secretary General<\/li>\n<li>Nazl\u0131 Kep\u00e7e, Treasurer<\/li>\n<li>Yakup Selvi, Member<br \/>\n                &#160;<\/li>\n<\/ul>\n<\/td>\n<td>\n<p>&#160;<\/p>\n<p><span style=\"color: #00ccff\"><span style=\"font-size: large\"><img decoding=\"async\" loading=\"lazy\" height=\"29\" alt=\"\" width=\"30\" align=\"absMiddle\" src=\"\/app\/uploads\/sites\/62\/2022\/04\/blue.jpg\" \/><\/span><\/span><span style=\"color: #00ccff\"><span style=\"font-size: large\">Local Host<br \/>\n            <\/span><\/span><\/p>\n<p>Istanbul University<br \/>\n            Faculty of Business Administration<br \/>\n            Department of Accounting<br \/>\n            Avcilar Campus<br \/>\n            Avcilar 34320 &#8211; Istanbul<\/p>\n<p><a target=\"_blank\" href=\"http:\/\/www.istanbul.edu.tr\/\" rel=\"noopener\">www.istanbul.edu.tr\/<\/a><br \/>\n            <a target=\"_blank\" href=\"http:\/\/www.isletme.istanbul.edu.tr\/\" rel=\"noopener\">www.isletme.istanbul.edu.tr\/<\/a><\/p>\n<\/td>\n<\/tr>\n<tr>\n<td valign=\"top\" align=\"left\" width=\"50%\">\n<p><span style=\"font-size: large\"><span style=\"color: #00ccff\"><img decoding=\"async\" loading=\"lazy\" height=\"29\" alt=\"\" width=\"30\" align=\"absMiddle\" src=\"\/app\/uploads\/sites\/62\/2022\/04\/blue.jpg\" \/>EAA<\/span><\/span><\/p>\n<p>EAA<br \/>\n            Place de Brouck\u00e8re Plein, 31<br \/>\n            1000 Brussels -&#160;Belgium<\/p>\n<p>Phone : +32&#160;2&#160;226&#160;66&#160;60<br \/>\n            Fax : +32 2 512 19 29<br \/>\n            Visit <a href=\"http:\/\/www.eaa-online.org\">www.eaa-online.org<\/a><\/p>\n<p>E-mails:<\/p>\n<p>            For conference registration: Mrs Marion Hebbelynck (<a href=\"mailto:hebbelynck@eiasm.be\">hebbelynck@eiasm.be<\/a>)<\/p>\n<p>For papers submitted and any other request: Mrs Nicole Coopman (<a href=\"mailto:coopman@eiasm.be\">coopman@eiasm.be<\/a>)<br \/>\n            &#160;<\/p>\n<\/td>\n<td valign=\"top\" align=\"left\">\n<p><span style=\"color: #00ccff\"><span style=\"font-size: large\"><img decoding=\"async\" loading=\"lazy\" height=\"29\" alt=\"\" width=\"30\" align=\"absMiddle\" src=\"\/app\/uploads\/sites\/62\/2022\/04\/blue.jpg\" \/>Conference Management<\/span><\/span><\/p>\n<p>Dekon Congress &amp; Tourism<br \/>\n            Gayrettepe Mah. Esentepe Yildiz Posta Cad. Ak\u0131n Sitesi 1. Blok No:6 Kat:1 D:3 34394<br \/>\n            \u015ei\u015fli,&#160;Istanbul &#8211; Turkey<\/p>\n<p>            Phone : +90 212 347 63 00<br \/>\n            Fax&#160;: +90 212 347 63 63 <br \/>\n            Visit <a href=\"http:\/\/www.dekon.com.tr\">www.dekon.com.tr<\/a><\/p>\n<p>E-mails:<\/p>\n<p>            For accommodation: Ms Ebru Ebranil (<a href=\"mailto:ebru@dekon.com.tr\">ebru@dekon.com.tr<\/a>)<\/p>\n<p>            For other requests: Mrs T\u00fcveyc Gucmen (<a href=\"mailto:tuveyc@dekon.com.tr\">tuveyc@dekon.com.tr<\/a>)<\/p>\n<p>\n            &#160;<\/p>\n<\/td>\n<\/tr>\n<\/tbody>\n<\/table>\n<p>&#160;<\/p>\n","protected":false},"excerpt":{"rendered":"<p>Organizers Organizing Committee Recep Pekdemir, Chair Mehmet \u015e\u00fckr\u00fc Tekba\u015f, Deputy Chair Fatih Y\u0131lmaz, Secretary General Nazl\u0131 Kep\u00e7e, Treasurer Yakup Selvi, Member &#160; &#160; Local Host Istanbul University Faculty of Business Administration Department of Accounting Avcilar Campus Avcilar 34320 &#8211; Istanbul www.istanbul.edu.tr\/ www.isletme.istanbul.edu.tr\/ EAA EAA Place de Brouck\u00e8re Plein, 31 1000 Brussels -&#160;Belgium Phone : +32&#160;2&#160;226&#160;66&#160;60 [&hellip;]<\/p>\n","protected":false},"author":2943,"featured_media":0,"parent":0,"menu_order":0,"comment_status":"closed","ping_status":"closed","template":"","meta":{"ngg_post_thumbnail":0},"acf":[],"yoast_head":"<!-- This site is optimized with the Yoast SEO plugin v20.12 - https:\/\/yoast.com\/wordpress\/plugins\/seo\/ -->\n<title>Organizers - Congress 2010<\/title>\n<meta name=\"robots\" content=\"index, follow, max-snippet:-1, max-image-preview:large, max-video-preview:-1\" \/>\n<link rel=\"canonical\" href=\"https:\/\/eaa-online.org\/congress-2010\/organizers\/\" \/>\n<meta property=\"og:locale\" content=\"en_US\" \/>\n<meta property=\"og:type\" content=\"article\" \/>\n<meta property=\"og:title\" content=\"Organizers - Congress 2010\" \/>\n<meta property=\"og:description\" content=\"Organizers Organizing Committee Recep Pekdemir, Chair Mehmet \u015e\u00fckr\u00fc Tekba\u015f, Deputy Chair Fatih Y\u0131lmaz, Secretary General Nazl\u0131 Kep\u00e7e, Treasurer Yakup Selvi, Member &#160; &#160; Local Host Istanbul University Faculty of Business Administration Department of Accounting Avcilar Campus Avcilar 34320 &#8211; Istanbul www.istanbul.edu.tr\/ www.isletme.istanbul.edu.tr\/ EAA EAA Place de Brouck\u00e8re Plein, 31 1000 Brussels -&#160;Belgium Phone : +32&#160;2&#160;226&#160;66&#160;60 [&hellip;]\" \/>\n<meta property=\"og:url\" content=\"https:\/\/eaa-online.org\/congress-2010\/organizers\/\" \/>\n<meta property=\"og:site_name\" content=\"Congress 2010\" \/>\n<meta property=\"article:modified_time\" content=\"2022-10-13T12:12:16+00:00\" \/>\n<meta name=\"twitter:card\" content=\"summary_large_image\" \/>\n<meta name=\"twitter:label1\" content=\"Est. reading time\" \/>\n\t<meta name=\"twitter:data1\" content=\"1 minute\" \/>\n<script type=\"application\/ld+json\" class=\"yoast-schema-graph\">{\"@context\":\"https:\/\/schema.org\",\"@graph\":[{\"@type\":\"WebPage\",\"@id\":\"https:\/\/eaa-online.org\/congress-2010\/organizers\/\",\"url\":\"https:\/\/eaa-online.org\/congress-2010\/organizers\/\",\"name\":\"Organizers - Congress 2010\",\"isPartOf\":{\"@id\":\"https:\/\/eaa-online.org\/congress-2010\/#website\"},\"datePublished\":\"2022-04-11T17:02:49+00:00\",\"dateModified\":\"2022-10-13T12:12:16+00:00\",\"breadcrumb\":{\"@id\":\"https:\/\/eaa-online.org\/congress-2010\/organizers\/#breadcrumb\"},\"inLanguage\":\"en-US\",\"potentialAction\":[{\"@type\":\"ReadAction\",\"target\":[\"https:\/\/eaa-online.org\/congress-2010\/organizers\/\"]}]},{\"@type\":\"BreadcrumbList\",\"@id\":\"https:\/\/eaa-online.org\/congress-2010\/organizers\/#breadcrumb\",\"itemListElement\":[{\"@type\":\"ListItem\",\"position\":1,\"name\":\"Home\",\"item\":\"https:\/\/eaa-online.org\/congress-2010\/\"},{\"@type\":\"ListItem\",\"position\":2,\"name\":\"Organizers\"}]},{\"@type\":\"WebSite\",\"@id\":\"https:\/\/eaa-online.org\/congress-2010\/#website\",\"url\":\"https:\/\/eaa-online.org\/congress-2010\/\",\"name\":\"Congress 2010\",\"description\":\"Just another EAA Sites site\",\"potentialAction\":[{\"@type\":\"SearchAction\",\"target\":{\"@type\":\"EntryPoint\",\"urlTemplate\":\"https:\/\/eaa-online.org\/congress-2010\/?s={search_term_string}\"},\"query-input\":\"required name=search_term_string\"}],\"inLanguage\":\"en-US\"}]}<\/script>\n<!-- \/ Yoast SEO plugin. -->","yoast_head_json":{"title":"Organizers - Congress 2010","robots":{"index":"index","follow":"follow","max-snippet":"max-snippet:-1","max-image-preview":"max-image-preview:large","max-video-preview":"max-video-preview:-1"},"canonical":"https:\/\/eaa-online.org\/congress-2010\/organizers\/","og_locale":"en_US","og_type":"article","og_title":"Organizers - Congress 2010","og_description":"Organizers Organizing Committee Recep Pekdemir, Chair Mehmet \u015e\u00fckr\u00fc Tekba\u015f, Deputy Chair Fatih Y\u0131lmaz, Secretary General Nazl\u0131 Kep\u00e7e, Treasurer Yakup Selvi, Member &#160; &#160; Local Host Istanbul University Faculty of Business Administration Department of Accounting Avcilar Campus Avcilar 34320 &#8211; Istanbul www.istanbul.edu.tr\/ www.isletme.istanbul.edu.tr\/ EAA EAA Place de Brouck\u00e8re Plein, 31 1000 Brussels -&#160;Belgium Phone : +32&#160;2&#160;226&#160;66&#160;60 [&hellip;]","og_url":"https:\/\/eaa-online.org\/congress-2010\/organizers\/","og_site_name":"Congress 2010","article_modified_time":"2022-10-13T12:12:16+00:00","twitter_card":"summary_large_image","twitter_misc":{"Est. reading time":"1 minute"},"schema":{"@context":"https:\/\/schema.org","@graph":[{"@type":"WebPage","@id":"https:\/\/eaa-online.org\/congress-2010\/organizers\/","url":"https:\/\/eaa-online.org\/congress-2010\/organizers\/","name":"Organizers - Congress 2010","isPartOf":{"@id":"https:\/\/eaa-online.org\/congress-2010\/#website"},"datePublished":"2022-04-11T17:02:49+00:00","dateModified":"2022-10-13T12:12:16+00:00","breadcrumb":{"@id":"https:\/\/eaa-online.org\/congress-2010\/organizers\/#breadcrumb"},"inLanguage":"en-US","potentialAction":[{"@type":"ReadAction","target":["https:\/\/eaa-online.org\/congress-2010\/organizers\/"]}]},{"@type":"BreadcrumbList","@id":"https:\/\/eaa-online.org\/congress-2010\/organizers\/#breadcrumb","itemListElement":[{"@type":"ListItem","position":1,"name":"Home","item":"https:\/\/eaa-online.org\/congress-2010\/"},{"@type":"ListItem","position":2,"name":"Organizers"}]},{"@type":"WebSite","@id":"https:\/\/eaa-online.org\/congress-2010\/#website","url":"https:\/\/eaa-online.org\/congress-2010\/","name":"Congress 2010","description":"Just another EAA Sites site","potentialAction":[{"@type":"SearchAction","target":{"@type":"EntryPoint","urlTemplate":"https:\/\/eaa-online.org\/congress-2010\/?s={search_term_string}"},"query-input":"required name=search_term_string"}],"inLanguage":"en-US"}]}},"_links":{"self":[{"href":"https:\/\/eaa-online.org\/congress-2010\/wp-json\/wp\/v2\/pages\/1366"}],"collection":[{"href":"https:\/\/eaa-online.org\/congress-2010\/wp-json\/wp\/v2\/pages"}],"about":[{"href":"https:\/\/eaa-online.org\/congress-2010\/wp-json\/wp\/v2\/types\/page"}],"author":[{"embeddable":true,"href":"https:\/\/eaa-online.org\/congress-2010\/wp-json\/wp\/v2\/users\/2943"}],"replies":[{"embeddable":true,"href":"https:\/\/eaa-online.org\/congress-2010\/wp-json\/wp\/v2\/comments?post=1366"}],"version-history":[{"count":3,"href":"https:\/\/eaa-online.org\/congress-2010\/wp-json\/wp\/v2\/pages\/1366\/revisions"}],"predecessor-version":[{"id":2868,"href":"https:\/\/eaa-online.org\/congress-2010\/wp-json\/wp\/v2\/pages\/1366\/revisions\/2868"}],"wp:attachment":[{"href":"https:\/\/eaa-online.org\/congress-2010\/wp-json\/wp\/v2\/media?parent=1366"}],"curies":[{"name":"wp","href":"https:\/\/api.w.org\/{rel}","templated":true}]}}