{"id":275,"date":"2011-04-15T11:50:03","date_gmt":"2011-04-15T11:50:03","guid":{"rendered":"https:\/\/eaa-online.org\/congress-2012\/contact-2\/"},"modified":"2022-10-13T12:10:53","modified_gmt":"2022-10-13T12:10:53","slug":"contact-2","status":"publish","type":"page","link":"https:\/\/eaa-online.org\/congress-2012\/contact-2\/","title":{"rendered":"Contact"},"content":{"rendered":"<p><span style=\"color: #00ccff\"><strong><span style=\"font-size: x-large\">Contact<\/span><\/strong><\/span><\/p>\n<p><span style=\"color: #00ccff\"><strong><\/p>\n<p>Faculty of Economics<br \/>\nUniversity of Ljubljana<br \/>\nKardeljev plo\u0161\u010dad 17<br \/>\nSI-1000 Ljubljana<\/strong><\/span><br \/>\nEmail: <a href=\"mailto:eaa2012@ef.uni-lj.si\"><span style=\"background-color: #ffffff\">eaa2012@ef.uni-lj.si<\/span><\/a><span style=\"background-color: #ffffff\"><br \/>\n<\/span>Website:&#160;<a href=\"http:\/\/www2.ef.uni-lj.si\/en\/\">http:\/\/www2.ef.uni-lj.si\/en\/<\/a><\/p>\n<p><strong><span style=\"color: #00ccff\"><span>For issues relating to your submission, please contact<\/span><\/span><span style=\"color: #00ffff\">:<br \/>\n<\/span><\/strong>Nicole Coopman<br \/>\nEmail: <a href=\"mailto:coopman@eiasm.be\">coopman@eiasm.be<\/a><br \/>\nTel: +32 2 226 66 63<br \/>\nFax: +32 2 512 19 29<\/p>\n<p><strong><span style=\"color: #00ccff\">For issues relating to your registration, please contact:<br \/>\n<\/span><\/strong>Marion Hebbelynck<br \/>\nEmail: <a href=\"mailto:hebbelynck@eiasm.be\">hebbelynck@eiasm.be<\/a> <br \/>\nTel: +32 2 226&#160;66&#160;60<br \/>\nFax: +32&#160;2&#160;512&#160;19&#160;29<\/p>\n<p><span style=\"color: #00ccff\"><strong>For issues relating to exhibitors or sponsorhip, please contact:<br \/>\n<\/strong><\/span><span style=\"color: #000000\"><span>Barbara Leskovec<\/span><br \/>\n<\/span>Email:&#160;<a href=\"mailto:barbara.leskovec@ef.uni-lj.si\">barbara.leskovec@ef.uni-lj.si<\/a> <span style=\"background-color: #ffff00\"><br \/>\n<\/span>Tel: +386 1 5892 400<br \/>\nFax: +386 1 5892 698<\/p>\n<p><span style=\"color: #00ccff\"><strong>For ALL other issues (accommodation, bus transfers, social events and tours):<br \/>\n<\/strong><\/span>Jana Pucelj<br \/>\nEmail: : <a href=\"mailto:eaa2012@ef.uni-lj.si\">eaa2012@ef.uni-lj.si<\/a><\/p>\n<p><span style=\"color: #00ccff\"><strong>Local organizing committee (University of Ljubljana, Faculty of Economcs):<\/strong><\/span><\/p>\n<p><strong>Aljo\u0161a&#160;Valentin\u010di\u010d<\/strong><u>,<\/u> Chair<br \/>\n<strong>Sergeja&#160;Slapni\u010dar<\/strong>, Deputy Chair<br \/>\n<strong>Simon \u010cade\u017e<\/strong>, Member<br \/>\n<strong>Marko Ho\u010devar<\/strong>, Member<br \/>\n<strong>Aleksander Igli\u010dar<\/strong>, Member<br \/>\n<strong>Igor Lon\u010darski<\/strong>, Member<br \/>\n<strong>Barbara M\u00f6rec<\/strong>, Member<br \/>\n<strong>Ale\u0161 Novak,<\/strong> Member<br \/>\n<strong>Metka Tekav\u010di\u010d<\/strong>, Member <br \/>\n<strong>Maja Zaman Groff<\/strong>, Member<br \/>\n<u><br \/>\n<\/u><strong>Monika Lapanja<\/strong>, Secretary General &amp; Treasurer<span style=\"background-color: #ffff00\"><br \/>\n<\/span>&#160;<\/p>\n","protected":false},"excerpt":{"rendered":"<p>Contact Faculty of Economics University of Ljubljana Kardeljev plo\u0161\u010dad 17 SI-1000 Ljubljana Email: eaa2012@ef.uni-lj.si Website:&#160;http:\/\/www2.ef.uni-lj.si\/en\/ For issues relating to your submission, please contact: Nicole Coopman Email: coopman@eiasm.be Tel: +32 2 226 66 63 Fax: +32 2 512 19 29 For issues relating to your registration, please contact: Marion Hebbelynck Email: hebbelynck@eiasm.be Tel: +32 2 226&#160;66&#160;60 [&hellip;]<\/p>\n","protected":false},"author":2943,"featured_media":0,"parent":0,"menu_order":0,"comment_status":"closed","ping_status":"closed","template":"","meta":{"ngg_post_thumbnail":0},"acf":[],"yoast_head":"<!-- This site is optimized with the Yoast SEO plugin v20.12 - https:\/\/yoast.com\/wordpress\/plugins\/seo\/ -->\n<title>Contact - Congress 2012<\/title>\n<meta name=\"robots\" content=\"noindex, follow, max-snippet:-1, max-image-preview:large, max-video-preview:-1\" \/>\n<meta property=\"og:locale\" content=\"en_US\" \/>\n<meta property=\"og:type\" content=\"article\" \/>\n<meta property=\"og:title\" content=\"Contact - Congress 2012\" \/>\n<meta property=\"og:description\" content=\"Contact Faculty of Economics University of Ljubljana Kardeljev plo\u0161\u010dad 17 SI-1000 Ljubljana Email: eaa2012@ef.uni-lj.si Website:&#160;http:\/\/www2.ef.uni-lj.si\/en\/ For issues relating to your submission, please contact: Nicole Coopman Email: coopman@eiasm.be Tel: +32 2 226 66 63 Fax: +32 2 512 19 29 For issues relating to your registration, please contact: Marion Hebbelynck Email: hebbelynck@eiasm.be Tel: +32 2 226&#160;66&#160;60 [&hellip;]\" \/>\n<meta property=\"og:url\" content=\"https:\/\/eaa-online.org\/congress-2012\/contact-2\/\" \/>\n<meta property=\"og:site_name\" content=\"Congress 2012\" \/>\n<meta property=\"article:modified_time\" content=\"2022-10-13T12:10:53+00:00\" \/>\n<meta name=\"twitter:card\" content=\"summary_large_image\" \/>\n<meta name=\"twitter:label1\" content=\"Est. reading time\" \/>\n\t<meta name=\"twitter:data1\" content=\"1 minute\" \/>\n<script type=\"application\/ld+json\" class=\"yoast-schema-graph\">{\"@context\":\"https:\/\/schema.org\",\"@graph\":[{\"@type\":\"WebPage\",\"@id\":\"https:\/\/eaa-online.org\/congress-2012\/contact-2\/\",\"url\":\"https:\/\/eaa-online.org\/congress-2012\/contact-2\/\",\"name\":\"Contact - Congress 2012\",\"isPartOf\":{\"@id\":\"https:\/\/eaa-online.org\/congress-2012\/#website\"},\"datePublished\":\"2011-04-15T11:50:03+00:00\",\"dateModified\":\"2022-10-13T12:10:53+00:00\",\"breadcrumb\":{\"@id\":\"https:\/\/eaa-online.org\/congress-2012\/contact-2\/#breadcrumb\"},\"inLanguage\":\"en-US\",\"potentialAction\":[{\"@type\":\"ReadAction\",\"target\":[\"https:\/\/eaa-online.org\/congress-2012\/contact-2\/\"]}]},{\"@type\":\"BreadcrumbList\",\"@id\":\"https:\/\/eaa-online.org\/congress-2012\/contact-2\/#breadcrumb\",\"itemListElement\":[{\"@type\":\"ListItem\",\"position\":1,\"name\":\"Home\",\"item\":\"https:\/\/eaa-online.org\/congress-2012\/\"},{\"@type\":\"ListItem\",\"position\":2,\"name\":\"Contact\"}]},{\"@type\":\"WebSite\",\"@id\":\"https:\/\/eaa-online.org\/congress-2012\/#website\",\"url\":\"https:\/\/eaa-online.org\/congress-2012\/\",\"name\":\"Congress 2012\",\"description\":\"Just another EAA Sites site\",\"potentialAction\":[{\"@type\":\"SearchAction\",\"target\":{\"@type\":\"EntryPoint\",\"urlTemplate\":\"https:\/\/eaa-online.org\/congress-2012\/?s={search_term_string}\"},\"query-input\":\"required name=search_term_string\"}],\"inLanguage\":\"en-US\"}]}<\/script>\n<!-- \/ Yoast SEO plugin. -->","yoast_head_json":{"title":"Contact - Congress 2012","robots":{"index":"noindex","follow":"follow","max-snippet":"max-snippet:-1","max-image-preview":"max-image-preview:large","max-video-preview":"max-video-preview:-1"},"og_locale":"en_US","og_type":"article","og_title":"Contact - Congress 2012","og_description":"Contact Faculty of Economics University of Ljubljana Kardeljev plo\u0161\u010dad 17 SI-1000 Ljubljana Email: eaa2012@ef.uni-lj.si Website:&#160;http:\/\/www2.ef.uni-lj.si\/en\/ For issues relating to your submission, please contact: Nicole Coopman Email: coopman@eiasm.be Tel: +32 2 226 66 63 Fax: +32 2 512 19 29 For issues relating to your registration, please contact: Marion Hebbelynck Email: hebbelynck@eiasm.be Tel: +32 2 226&#160;66&#160;60 [&hellip;]","og_url":"https:\/\/eaa-online.org\/congress-2012\/contact-2\/","og_site_name":"Congress 2012","article_modified_time":"2022-10-13T12:10:53+00:00","twitter_card":"summary_large_image","twitter_misc":{"Est. reading time":"1 minute"},"schema":{"@context":"https:\/\/schema.org","@graph":[{"@type":"WebPage","@id":"https:\/\/eaa-online.org\/congress-2012\/contact-2\/","url":"https:\/\/eaa-online.org\/congress-2012\/contact-2\/","name":"Contact - Congress 2012","isPartOf":{"@id":"https:\/\/eaa-online.org\/congress-2012\/#website"},"datePublished":"2011-04-15T11:50:03+00:00","dateModified":"2022-10-13T12:10:53+00:00","breadcrumb":{"@id":"https:\/\/eaa-online.org\/congress-2012\/contact-2\/#breadcrumb"},"inLanguage":"en-US","potentialAction":[{"@type":"ReadAction","target":["https:\/\/eaa-online.org\/congress-2012\/contact-2\/"]}]},{"@type":"BreadcrumbList","@id":"https:\/\/eaa-online.org\/congress-2012\/contact-2\/#breadcrumb","itemListElement":[{"@type":"ListItem","position":1,"name":"Home","item":"https:\/\/eaa-online.org\/congress-2012\/"},{"@type":"ListItem","position":2,"name":"Contact"}]},{"@type":"WebSite","@id":"https:\/\/eaa-online.org\/congress-2012\/#website","url":"https:\/\/eaa-online.org\/congress-2012\/","name":"Congress 2012","description":"Just another EAA Sites site","potentialAction":[{"@type":"SearchAction","target":{"@type":"EntryPoint","urlTemplate":"https:\/\/eaa-online.org\/congress-2012\/?s={search_term_string}"},"query-input":"required name=search_term_string"}],"inLanguage":"en-US"}]}},"_links":{"self":[{"href":"https:\/\/eaa-online.org\/congress-2012\/wp-json\/wp\/v2\/pages\/275"}],"collection":[{"href":"https:\/\/eaa-online.org\/congress-2012\/wp-json\/wp\/v2\/pages"}],"about":[{"href":"https:\/\/eaa-online.org\/congress-2012\/wp-json\/wp\/v2\/types\/page"}],"author":[{"embeddable":true,"href":"https:\/\/eaa-online.org\/congress-2012\/wp-json\/wp\/v2\/users\/2943"}],"replies":[{"embeddable":true,"href":"https:\/\/eaa-online.org\/congress-2012\/wp-json\/wp\/v2\/comments?post=275"}],"version-history":[{"count":1,"href":"https:\/\/eaa-online.org\/congress-2012\/wp-json\/wp\/v2\/pages\/275\/revisions"}],"predecessor-version":[{"id":276,"href":"https:\/\/eaa-online.org\/congress-2012\/wp-json\/wp\/v2\/pages\/275\/revisions\/276"}],"wp:attachment":[{"href":"https:\/\/eaa-online.org\/congress-2012\/wp-json\/wp\/v2\/media?parent=275"}],"curies":[{"name":"wp","href":"https:\/\/api.w.org\/{rel}","templated":true}]}}