{"id":289,"date":"2011-08-29T10:20:21","date_gmt":"2011-08-29T10:20:21","guid":{"rendered":"https:\/\/eaa-online.org\/congress-2012\/call-for-papers\/"},"modified":"2022-10-13T12:10:52","modified_gmt":"2022-10-13T12:10:52","slug":"call-for-papers","status":"publish","type":"page","link":"https:\/\/eaa-online.org\/congress-2012\/call-for-papers\/","title":{"rendered":"Call for Papers"},"content":{"rendered":"<table cellspacing=\"20\" cellpadding=\"1\" width=\"100%\" border=\"0\">\n<tbody>\n<tr>\n<td valign=\"top\" align=\"left\" width=\"50%\"><span style=\"font-size: x-large\"><span><span><\/p>\n<p><strong><span>Call for Papers<\/span><\/strong><\/p>\n<p>            <\/span><\/span><\/span><\/p>\n<p style=\"text-align: right\"><span style=\"color: #00ccff\"><span style=\"font-size: small\"><span><b><br \/>\n            <\/b><\/span><\/span><\/span>30<sup>th<\/sup> August 2011<\/p>\n<p style=\"text-align: left\">Dear Colleagues,<\/p>\n<p style=\"text-align: justify\">The European Accounting Association will hold its <strong>35<sup>th<\/sup> Annual Congress <\/strong>in Ljubljana, Slovenia, from 9-12 May 2012.&#160;<\/p>\n<p style=\"text-align: justify\">You are kindly invited to submit papers to be considered for presentation at the EAA 2012 congress (<a href=\"http:\/\/www.eaa-online.org\/congress-2012\/r\/submission\">http:\/\/www.eaa-online.org\/congress-2012\/r\/submission<\/a>). As you may remember, if you want to submit a paper, you have to be an EAA member in the year of the congress for which you submit. Hence if you are not yet an EAA member for 2012, the system will invite you to subscribe before allowing you to submit.<\/p>\n<p style=\"text-align: justify\">Please note that only full papers can be submitted. All submitted papers will be double-blind peer-reviewed. May I kindly request that you carefully read the information that you will find on the web page under the item \u201c<em><strong>Submission Rules<\/strong><\/em>\u201d, which will be very useful in submitting a paper and get the most out of the conference.<\/p>\n<p style=\"text-align: justify\">The paper submission deadline is <span style=\"color: #0000ff\"><strong>December 1, 2011<\/strong><\/span>.<\/p>\n<p style=\"text-align: justify\">As in previous years, there will be a two and a half day <strong>colloquium for doctoral students<\/strong> from 5-8 May 2012 that will take place in Bled.<\/p>\n<p style=\"text-align: justify\">For more information on the conference and doctoral colloquium, please visit the EAA 2012 website at <a href=\"http:\/\/www.eaa-online.org\/congress-2012\">http:\/\/www.eaa-online.org\/congress-2012<\/a>.<\/p>\n<p style=\"text-align: justify\">We&#160;look forward to welcoming you to Slovenia in May 2012 for the 35<sup>th<\/sup> Annual Congress of the European Accounting Association.<\/p>\n<p style=\"text-align: justify\">With kind regards from Ljubljana,<\/p>\n<p style=\"text-align: justify\"><strong>Aljo\u0161a Valentin\u010di\u010d<\/strong><br \/>\n            Congress Chair<\/p>\n<p style=\"text-align: justify\">&#160;<\/p>\n<\/td>\n<\/tr>\n<\/tbody>\n<\/table>\n<p style=\"text-align: justify\">&#160;<\/p>\n","protected":false},"excerpt":{"rendered":"<p>Call for Papers 30th August 2011 Dear Colleagues, The European Accounting Association will hold its 35th Annual Congress in Ljubljana, Slovenia, from 9-12 May 2012.&#160; You are kindly invited to submit papers to be considered for presentation at the EAA 2012 congress (http:\/\/www.eaa-online.org\/congress-2012\/r\/submission). As you may remember, if you want to submit a paper, you [&hellip;]<\/p>\n","protected":false},"author":2943,"featured_media":0,"parent":0,"menu_order":0,"comment_status":"closed","ping_status":"closed","template":"","meta":{"ngg_post_thumbnail":0},"acf":[],"yoast_head":"<!-- This site is optimized with the Yoast SEO plugin v20.12 - https:\/\/yoast.com\/wordpress\/plugins\/seo\/ -->\n<title>Call for Papers - Congress 2012<\/title>\n<meta name=\"robots\" content=\"noindex, follow, max-snippet:-1, max-image-preview:large, max-video-preview:-1\" \/>\n<meta property=\"og:locale\" content=\"en_US\" \/>\n<meta property=\"og:type\" content=\"article\" \/>\n<meta property=\"og:title\" content=\"Call for Papers - Congress 2012\" \/>\n<meta property=\"og:description\" content=\"Call for Papers 30th August 2011 Dear Colleagues, The European Accounting Association will hold its 35th Annual Congress in Ljubljana, Slovenia, from 9-12 May 2012.&#160; You are kindly invited to submit papers to be considered for presentation at the EAA 2012 congress (http:\/\/www.eaa-online.org\/congress-2012\/r\/submission). As you may remember, if you want to submit a paper, you [&hellip;]\" \/>\n<meta property=\"og:url\" content=\"https:\/\/eaa-online.org\/congress-2012\/call-for-papers\/\" \/>\n<meta property=\"og:site_name\" content=\"Congress 2012\" \/>\n<meta property=\"article:modified_time\" content=\"2022-10-13T12:10:52+00:00\" \/>\n<meta name=\"twitter:card\" content=\"summary_large_image\" \/>\n<meta name=\"twitter:label1\" content=\"Est. reading time\" \/>\n\t<meta name=\"twitter:data1\" content=\"1 minute\" \/>\n<script type=\"application\/ld+json\" class=\"yoast-schema-graph\">{\"@context\":\"https:\/\/schema.org\",\"@graph\":[{\"@type\":\"WebPage\",\"@id\":\"https:\/\/eaa-online.org\/congress-2012\/call-for-papers\/\",\"url\":\"https:\/\/eaa-online.org\/congress-2012\/call-for-papers\/\",\"name\":\"Call for Papers - Congress 2012\",\"isPartOf\":{\"@id\":\"https:\/\/eaa-online.org\/congress-2012\/#website\"},\"datePublished\":\"2011-08-29T10:20:21+00:00\",\"dateModified\":\"2022-10-13T12:10:52+00:00\",\"breadcrumb\":{\"@id\":\"https:\/\/eaa-online.org\/congress-2012\/call-for-papers\/#breadcrumb\"},\"inLanguage\":\"en-US\",\"potentialAction\":[{\"@type\":\"ReadAction\",\"target\":[\"https:\/\/eaa-online.org\/congress-2012\/call-for-papers\/\"]}]},{\"@type\":\"BreadcrumbList\",\"@id\":\"https:\/\/eaa-online.org\/congress-2012\/call-for-papers\/#breadcrumb\",\"itemListElement\":[{\"@type\":\"ListItem\",\"position\":1,\"name\":\"Home\",\"item\":\"https:\/\/eaa-online.org\/congress-2012\/\"},{\"@type\":\"ListItem\",\"position\":2,\"name\":\"Call for Papers\"}]},{\"@type\":\"WebSite\",\"@id\":\"https:\/\/eaa-online.org\/congress-2012\/#website\",\"url\":\"https:\/\/eaa-online.org\/congress-2012\/\",\"name\":\"Congress 2012\",\"description\":\"Just another EAA Sites site\",\"potentialAction\":[{\"@type\":\"SearchAction\",\"target\":{\"@type\":\"EntryPoint\",\"urlTemplate\":\"https:\/\/eaa-online.org\/congress-2012\/?s={search_term_string}\"},\"query-input\":\"required name=search_term_string\"}],\"inLanguage\":\"en-US\"}]}<\/script>\n<!-- \/ Yoast SEO plugin. -->","yoast_head_json":{"title":"Call for Papers - Congress 2012","robots":{"index":"noindex","follow":"follow","max-snippet":"max-snippet:-1","max-image-preview":"max-image-preview:large","max-video-preview":"max-video-preview:-1"},"og_locale":"en_US","og_type":"article","og_title":"Call for Papers - Congress 2012","og_description":"Call for Papers 30th August 2011 Dear Colleagues, The European Accounting Association will hold its 35th Annual Congress in Ljubljana, Slovenia, from 9-12 May 2012.&#160; You are kindly invited to submit papers to be considered for presentation at the EAA 2012 congress (http:\/\/www.eaa-online.org\/congress-2012\/r\/submission). As you may remember, if you want to submit a paper, you [&hellip;]","og_url":"https:\/\/eaa-online.org\/congress-2012\/call-for-papers\/","og_site_name":"Congress 2012","article_modified_time":"2022-10-13T12:10:52+00:00","twitter_card":"summary_large_image","twitter_misc":{"Est. reading time":"1 minute"},"schema":{"@context":"https:\/\/schema.org","@graph":[{"@type":"WebPage","@id":"https:\/\/eaa-online.org\/congress-2012\/call-for-papers\/","url":"https:\/\/eaa-online.org\/congress-2012\/call-for-papers\/","name":"Call for Papers - Congress 2012","isPartOf":{"@id":"https:\/\/eaa-online.org\/congress-2012\/#website"},"datePublished":"2011-08-29T10:20:21+00:00","dateModified":"2022-10-13T12:10:52+00:00","breadcrumb":{"@id":"https:\/\/eaa-online.org\/congress-2012\/call-for-papers\/#breadcrumb"},"inLanguage":"en-US","potentialAction":[{"@type":"ReadAction","target":["https:\/\/eaa-online.org\/congress-2012\/call-for-papers\/"]}]},{"@type":"BreadcrumbList","@id":"https:\/\/eaa-online.org\/congress-2012\/call-for-papers\/#breadcrumb","itemListElement":[{"@type":"ListItem","position":1,"name":"Home","item":"https:\/\/eaa-online.org\/congress-2012\/"},{"@type":"ListItem","position":2,"name":"Call for Papers"}]},{"@type":"WebSite","@id":"https:\/\/eaa-online.org\/congress-2012\/#website","url":"https:\/\/eaa-online.org\/congress-2012\/","name":"Congress 2012","description":"Just another EAA Sites site","potentialAction":[{"@type":"SearchAction","target":{"@type":"EntryPoint","urlTemplate":"https:\/\/eaa-online.org\/congress-2012\/?s={search_term_string}"},"query-input":"required name=search_term_string"}],"inLanguage":"en-US"}]}},"_links":{"self":[{"href":"https:\/\/eaa-online.org\/congress-2012\/wp-json\/wp\/v2\/pages\/289"}],"collection":[{"href":"https:\/\/eaa-online.org\/congress-2012\/wp-json\/wp\/v2\/pages"}],"about":[{"href":"https:\/\/eaa-online.org\/congress-2012\/wp-json\/wp\/v2\/types\/page"}],"author":[{"embeddable":true,"href":"https:\/\/eaa-online.org\/congress-2012\/wp-json\/wp\/v2\/users\/2943"}],"replies":[{"embeddable":true,"href":"https:\/\/eaa-online.org\/congress-2012\/wp-json\/wp\/v2\/comments?post=289"}],"version-history":[{"count":1,"href":"https:\/\/eaa-online.org\/congress-2012\/wp-json\/wp\/v2\/pages\/289\/revisions"}],"predecessor-version":[{"id":290,"href":"https:\/\/eaa-online.org\/congress-2012\/wp-json\/wp\/v2\/pages\/289\/revisions\/290"}],"wp:attachment":[{"href":"https:\/\/eaa-online.org\/congress-2012\/wp-json\/wp\/v2\/media?parent=289"}],"curies":[{"name":"wp","href":"https:\/\/api.w.org\/{rel}","templated":true}]}}