{"id":142,"date":"2012-07-12T08:56:22","date_gmt":"2012-07-12T08:56:22","guid":{"rendered":"https:\/\/eaa-online.org\/congress-2013\/scientific-committee\/"},"modified":"2022-10-13T12:09:55","modified_gmt":"2022-10-13T12:09:55","slug":"scientific-committee","status":"publish","type":"page","link":"https:\/\/eaa-online.org\/congress-2013\/scientific-committee\/","title":{"rendered":"Scientific Committee"},"content":{"rendered":"<table border=\"0\" cellspacing=\"20\" cellpadding=\"1\" width=\"100%\">\n<tbody>\n<tr>\n<td valign=\"top\" width=\"50%\" align=\"left\">\n<p><span style=\"color: #0080cc\"><strong><span style=\"font-size: x-large\">Scientific Committee<\/span><\/strong><\/span><\/p>\n<p>&#160;<\/p>\n<p><span style=\"color: #0080cc\"><strong><span style=\"font-size: small\">Standing Scientific Committee:<\/span><\/strong><\/span><\/p>\n<p><u>Chair<\/u>:<\/p>\n<p>            <strong>Herv\u00e9 STOLOWY<\/strong>, HEC Paris<\/p>\n<p>            <u>Standing Scientific Committee Members<\/u>:<\/p>\n<p>            <strong>Ariela CAGLIO, <\/strong>Bocconi University<br \/>\n            <strong>Froystein GJESDAL<\/strong>, Norwegian School of Economics &amp; Business Administration<br \/>\n            <strong>Marta MACIAS<\/strong>, University&#160;Carlos III&#160;Madrid<br \/>\n            <strong>Aljosa VALENTINCIC<\/strong>, Faculty of Economics, University of Ljubljana <br \/>\n            <strong>Marleen WILLEKENS<\/strong>, Catholic University of Leuven<\/p>\n<p><u>Scientific Committee<\/u><\/p>\n<p>Simon <strong>ALCOUFFE<\/strong>, Toulouse Business&#160;School<br \/>\n            Paul <strong>ANDR\u00c9<\/strong>, ESSEC Business School<br \/>\n            Diane-Laure&#160;<strong>ARJALIES<\/strong>, HEC Paris<br \/>\n            Juan <strong>BANOS<\/strong>, University Pablo&#160;de Olavide<br \/>\n            Sohnke <strong>BARTRAM<\/strong>, Warwick Business School<br \/>\n            Ilias <strong>BASIOUDIS<\/strong>, Aston Business School<br \/>\n            Jan <strong>BEBBINGTON<\/strong>, University of St Andrews<br \/>\n            Sebastian <strong>BECKER<\/strong>, HEC&#160;Paris<br \/>\n            Nicolas <strong>BERLAND<\/strong>, Paris-Dauphine University<br \/>\n            Christof <strong>BEUSELINCK<\/strong>, IESEG<br \/>\n            Josep <strong>BISBE<\/strong>, ESADE<br \/>\n            Carolina <strong>BONA-SANCHEZ<\/strong>, University of Las Palmas de Gran Canaria<br \/>\n            Ulf <strong>BRUGGEMANN<\/strong>, Humboldt University Berlin<br \/>\n            Liesbeth <strong>BRUYNSEELS<\/strong>, KU&#160;Leuven<br \/>\n            Simon <strong>CADEZ<\/strong>, University of Ljubljana<br \/>\n            Ariela&#160;<strong>CAGLIO<\/strong>,&#160;Bocconi University<br \/>\n            Mara <strong>CAMERAN<\/strong>, Bocconi University<br \/>\n            Mary <strong>CANNING<\/strong>, DCU Business School<br \/>\n            Manuel <strong>CANO-RODR\u00cdGUEZ<\/strong>, Jaen University<br \/>\n            Vedran <strong>CAPKUN<\/strong>, HEC Paris<br \/>\n            Bino <strong>CATASUS<\/strong>, Stockholm&#160;University School of Business<br \/>\n            Charles <strong>CHO<\/strong>, ESSEC<br \/>\n            Denis <strong>CORMIER<\/strong>, Universit\u00e9 du Qu\u00e9bec \u00e0 Montr\u00e9al<br \/>\n            Carmen <strong>CORREA RUIZ<\/strong>, University Pablo de Olavide<br \/>\n            Christina <strong>DARGENIDOU<\/strong>, University of Exeter<br \/>\n            Henri <strong>DEKKER<\/strong>, VU&#160;University Amsterdam<br \/>\n            Roberto <strong>DI PIETRA<\/strong>, University of Siena<br \/>\n            Jesse <strong>DILLARD<\/strong>, Queen&#8217;s University Belfast<br \/>\n            Yuan <strong>DING<\/strong>, China Europea International Business School<br \/>\n            Angelo <strong>DITILLO<\/strong>, SDA&#160;Bocconi<br \/>\n            Minyue <strong>DONG<\/strong>, University of Lausanne<br \/>\n            Eva <strong>EBERHARTINGER<\/strong>, Vienna University of Economics and Business<br \/>\n            Jurgen&#160;<strong>ERNSTBERGER<\/strong>, University of Bochum<br \/>\n            Ralf <strong>EWERT<\/strong>, University of Graz<br \/>\n            Michael <strong>FAVERE-MARCHESI<\/strong>, Simon Fraser University<br \/>\n            Peter <strong>FIECHTER<\/strong>, University of Zurich<br \/>\n            Andrei <strong>FILIP<\/strong>, ESSEC&#160;Business School<br \/>\n            Annita <strong>FLOROU<\/strong>,&#160;Lancaster University<br \/>\n            Francesca <strong>FRANCO<\/strong>, London Business School<br \/>\n            Susana <strong>GAGO<\/strong>, University Carlos III de Madrid<br \/>\n            Christina <strong>GAIO<\/strong>, ISEG-Universidade Tecnica de Lisboa<br \/>\n            Maria <strong>GARCIA BENAU<\/strong>, University of Valencia<br \/>\n            Juan Manuel <strong>GARCIA LARA<\/strong>,&#160;UniversityCarlos III de&#160;Madrid<br \/>\n            Neil <strong>GARROD<\/strong>, Greenwich University<br \/>\n            Joachim <strong>GASSEN<\/strong>, Humboldt University Berlin<br \/>\n            Elena <strong>GIOVANNONI<\/strong>, University of Siena<br \/>\n            Froystein&#160;<strong>GJESDAL<\/strong>, Norwegian School of Economics<br \/>\n            Delfina <strong>GOMES<\/strong>, University of Minho<br \/>\n            Aleksandra <strong>GREGORIC<\/strong>, Copenhagen Business School<br \/>\n            Encarna <strong>GUILLAMON<\/strong>, University Carlos III de Madrid<br \/>\n            Parveen <strong>GUPTA<\/strong>, Lehigh University<br \/>\n            Fernando <strong>GUTIERREZ<\/strong>, University Pablo de Olavide<br \/>\n            Mahama <strong>HABIB<\/strong>, Australian National University<br \/>\n            Joerg-Markus <strong>HITZ<\/strong>, G\u00f6ttingen University<br \/>\n            Allan <strong>HODGSON<\/strong>,&#160;Queensland University<br \/>\n            Christian <strong>HOFMANN<\/strong>, LMU Munich&#160;<br \/>\n            Claus <strong>HOLM<\/strong>, Aarhus University<br \/>\n            Vassili <strong>JOANNIDES<\/strong>, Grenoble Ecole de Management<br \/>\n            Sylvia <strong>JORDAN<\/strong>, London School of Economics<br \/>\n            Lili <strong>KIHN<\/strong>, Tampere University<br \/>\n            Eksa <strong>KILFOYLE<\/strong>, University of Windsor<br \/>\n            Urska <strong>KOSI<\/strong>, Humboldt University Berlin<br \/>\n            Erlend <strong>KVAAL<\/strong>, BI&#160;Norwegian Business School<br \/>\n            Teija <strong>LAITINEN<\/strong>, University of Vaasa<br \/>\n            Caroline <strong>LAMBERT<\/strong>, HEC&#160;Paris<br \/>\n            Carlos <strong>LARRINAGA<\/strong>, University of Burgos<br \/>\n            Roby <strong>LEHAVY<\/strong>, University of Michigan<br \/>\n            Yves <strong>LEVANT<\/strong>, IAE de Pau<br \/>\n            Gilad <strong>LIVNE<\/strong>, London City University<br \/>\n            Igor <strong>LONCARSKI<\/strong>, University of Ljubljana<br \/>\n            Isabel <strong>LOURENCO<\/strong>, ISCTE-IUL Business School<br \/>\n            Marta <strong>MACIAS<\/strong>, University Carlos III Madrid<br \/>\n            Bertrand <strong>MALSCH<\/strong>, HEC&#160;Montreal<br \/>\n            Garen <strong>MARKARIAN<\/strong>, IE Business School<br \/>\n            Isabelle <strong>MARTINEZ<\/strong>, University of Toulouse<br \/>\n            Andrea&#160;<strong>MENNICKEN<\/strong>, London School of Economics<br \/>\n            Martin <strong>MESSNER<\/strong>, University of Innsbruck<br \/>\n            Roger <strong>MEUWISSEN<\/strong>, Maastricht University<br \/>\n            Giovanna <strong>MICHELON<\/strong>, University of Padova<br \/>\n            Yuval <strong>MILLO<\/strong>, London School of Economics<br \/>\n            Sven <strong>MODELL<\/strong>, Manchester Business School&#160;<br \/>\n            Jodie <strong>MOLL<\/strong>, Manchester Business School<br \/>\n            Araceli <strong>MORA<\/strong>, Valencia University<br \/>\n            Jens <strong>MULLER<\/strong>, Graz University<br \/>\n            David <strong>NARANJO-GIL<\/strong>, University Pablo Olavide <br \/>\n            G\u00e9rald <strong>NARO<\/strong>, University of Montpellier<br \/>\n            Rainer <strong>NIEMANN<\/strong>, Graz University<br \/>\n            Lasse <strong>NIEMI<\/strong>, Aalto School of Economics<br \/>\n            Marc <strong>NIKITIN<\/strong>, University of Orl\u00e9ans<br \/>\n            Jiri <strong>NOVAK<\/strong>, Charles University in Prague<br \/>\n            Zoltan <strong>NOVOTNY-FARKAS<\/strong>, Lancaster University<br \/>\n            John <strong>O&#8217;HANLON<\/strong>, Lancaster University<br \/>\n            Michael <strong>OVERESCH<\/strong>, Goethe University Frankfurt<br \/>\n            Mari <strong>PAANANEN<\/strong>, Brunel University London<br \/>\n            Tommaso <strong>PALERMO<\/strong>, London School of Economics<br \/>\n            Antonio <strong>PARBONETTI<\/strong>, University of Padova<br \/>\n            Erik <strong>PEEK<\/strong>, ERIM, Erasmus University<br \/>\n            Jukka <strong>PELLINEN<\/strong>, University of Jyvaskyla<br \/>\n            Paolo <strong>PEREGO<\/strong>, Erasmus University Rotterdam<br \/>\n            Charles <strong>PIOT<\/strong>, Grenoble II&#160;University<br \/>\n            Christine <strong>POCHET<\/strong>, Sorbonne Graduate Business School<br \/>\n            Alberto <strong>QUAGLI<\/strong>, University of Genova<br \/>\n            Bernard <strong>RAFFOURNIER<\/strong>, HEC&#160;Geneva<br \/>\n            Ricardo <strong>REIS<\/strong>, Catolica Lisbon School of Business<br \/>\n            Joao <strong>RIBEIRO<\/strong>, University of Porto<br \/>\n            Chrystelle <strong>RICHARD<\/strong>, ESSEC<br \/>\n            S\u00e9bastien <strong>ROCHER<\/strong>, University of Angers<br \/>\n            Martin <strong>RUF<\/strong>, Eberhard Karls University T\u00fcbingen<br \/>\n            Sonia <strong>SANABRIA<\/strong>, University of Alicante<br \/>\n            Thorsten <strong>SELLHORN<\/strong>, WHU-Otto Beisheim School of Management<br \/>\n            Sergeja <strong>SLAPNICAR<\/strong>, University of Ljubljana<br \/>\n            Kim <strong>SOIN<\/strong>, University of Greenwich<br \/>\n            Jack <strong>STECHER<\/strong>, Carnegie Mellon University<br \/>\n            Michael <strong>STICH<\/strong>, University of Bochum<br \/>\n            Herv\u00e9 <strong>STOLOWY<\/strong>, HEC Paris<br \/>\n            Jeroen <strong>SUIJS<\/strong>, Tilburg University<br \/>\n            Stefan <strong>SUNDGREN<\/strong>, Umea University<br \/>\n            Caren <strong>SURETH<\/strong>, University of Paderborn<br \/>\n            Ane <strong>TAMAYO<\/strong>, London School of Economics<br \/>\n            Lourdes <strong>TORRES<\/strong>, Universidy of Zaragoza<br \/>\n            Juhani <strong>VAIVIO<\/strong>, Aalto University school of Economics<br \/>\n            Aljosa <strong>VALENTINCIC<\/strong>, University of Ljubljana<br \/>\n            Joost <strong>VAN BUUREN<\/strong>, Nijenrode University<br \/>\n            Tom <strong>VAN CANEGHEM<\/strong>, Hogeschool-Universiteit Brussel<br \/>\n            Heidi <strong>VAN DER BAUWHEDE<\/strong>, Ghent university<br \/>\n            Martijn <strong>VAN DER STEEN<\/strong>, University of Groningen<br \/>\n            Ann <strong>VANSTRAELEN<\/strong>, Maastricht University<br \/>\n            David <strong>VEENMAN<\/strong>, Erasmus University Rotterdam<br \/>\n            Johannes <strong>VOGET<\/strong>, University of Mannheim<br \/>\n            Pengguo <strong>WANG<\/strong>, Exeter Business School<br \/>\n            Marleen <strong>WILLEKENS<\/strong>, Catholic University of Leuven<br \/>\n            Matthias <strong>WOLZ<\/strong>, University of Trier<br \/>\n            Mahbub <strong>ZAMAN<\/strong>, Manchester Business School<br \/>\n            <strong>&#160;<\/strong><\/p>\n<\/td>\n<\/tr>\n<\/tbody>\n<\/table>\n<p><strong>&#160;<\/strong><\/p>\n","protected":false},"excerpt":{"rendered":"<p>Scientific Committee &#160; Standing Scientific Committee: Chair: Herv\u00e9 STOLOWY, HEC Paris Standing Scientific Committee Members: Ariela CAGLIO, Bocconi University Froystein GJESDAL, Norwegian School of Economics &amp; Business Administration Marta MACIAS, University&#160;Carlos III&#160;Madrid Aljosa VALENTINCIC, Faculty of Economics, University of Ljubljana Marleen WILLEKENS, Catholic University of Leuven Scientific Committee Simon ALCOUFFE, Toulouse Business&#160;School Paul ANDR\u00c9, ESSEC [&hellip;]<\/p>\n","protected":false},"author":2943,"featured_media":0,"parent":0,"menu_order":0,"comment_status":"closed","ping_status":"closed","template":"","meta":{"ngg_post_thumbnail":0},"acf":[],"yoast_head":"<!-- This site is optimized with the Yoast SEO plugin v20.12 - https:\/\/yoast.com\/wordpress\/plugins\/seo\/ -->\n<title>Scientific Committee - Congress 2013<\/title>\n<meta name=\"robots\" content=\"index, follow, max-snippet:-1, max-image-preview:large, max-video-preview:-1\" \/>\n<link rel=\"canonical\" href=\"https:\/\/eaa-online.org\/congress-2013\/scientific-committee\/\" \/>\n<meta property=\"og:locale\" content=\"en_US\" \/>\n<meta property=\"og:type\" content=\"article\" \/>\n<meta property=\"og:title\" content=\"Scientific Committee - Congress 2013\" \/>\n<meta property=\"og:description\" content=\"Scientific Committee &#160; Standing Scientific Committee: Chair: Herv\u00e9 STOLOWY, HEC Paris Standing Scientific Committee Members: Ariela CAGLIO, Bocconi University Froystein GJESDAL, Norwegian School of Economics &amp; Business Administration Marta MACIAS, University&#160;Carlos III&#160;Madrid Aljosa VALENTINCIC, Faculty of Economics, University of Ljubljana Marleen WILLEKENS, Catholic University of Leuven Scientific Committee Simon ALCOUFFE, Toulouse Business&#160;School Paul ANDR\u00c9, ESSEC [&hellip;]\" \/>\n<meta property=\"og:url\" content=\"https:\/\/eaa-online.org\/congress-2013\/scientific-committee\/\" \/>\n<meta property=\"og:site_name\" content=\"Congress 2013\" \/>\n<meta property=\"article:modified_time\" content=\"2022-10-13T12:09:55+00:00\" \/>\n<meta name=\"twitter:card\" content=\"summary_large_image\" \/>\n<meta name=\"twitter:label1\" content=\"Est. reading time\" \/>\n\t<meta name=\"twitter:data1\" content=\"4 minutes\" \/>\n<script type=\"application\/ld+json\" class=\"yoast-schema-graph\">{\"@context\":\"https:\/\/schema.org\",\"@graph\":[{\"@type\":\"WebPage\",\"@id\":\"https:\/\/eaa-online.org\/congress-2013\/scientific-committee\/\",\"url\":\"https:\/\/eaa-online.org\/congress-2013\/scientific-committee\/\",\"name\":\"Scientific Committee - Congress 2013\",\"isPartOf\":{\"@id\":\"https:\/\/eaa-online.org\/congress-2013\/#website\"},\"datePublished\":\"2012-07-12T08:56:22+00:00\",\"dateModified\":\"2022-10-13T12:09:55+00:00\",\"breadcrumb\":{\"@id\":\"https:\/\/eaa-online.org\/congress-2013\/scientific-committee\/#breadcrumb\"},\"inLanguage\":\"en-US\",\"potentialAction\":[{\"@type\":\"ReadAction\",\"target\":[\"https:\/\/eaa-online.org\/congress-2013\/scientific-committee\/\"]}]},{\"@type\":\"BreadcrumbList\",\"@id\":\"https:\/\/eaa-online.org\/congress-2013\/scientific-committee\/#breadcrumb\",\"itemListElement\":[{\"@type\":\"ListItem\",\"position\":1,\"name\":\"Home\",\"item\":\"https:\/\/eaa-online.org\/congress-2013\/\"},{\"@type\":\"ListItem\",\"position\":2,\"name\":\"Scientific Committee\"}]},{\"@type\":\"WebSite\",\"@id\":\"https:\/\/eaa-online.org\/congress-2013\/#website\",\"url\":\"https:\/\/eaa-online.org\/congress-2013\/\",\"name\":\"Congress 2013\",\"description\":\"Just another EAA Sites site\",\"potentialAction\":[{\"@type\":\"SearchAction\",\"target\":{\"@type\":\"EntryPoint\",\"urlTemplate\":\"https:\/\/eaa-online.org\/congress-2013\/?s={search_term_string}\"},\"query-input\":\"required name=search_term_string\"}],\"inLanguage\":\"en-US\"}]}<\/script>\n<!-- \/ Yoast SEO plugin. -->","yoast_head_json":{"title":"Scientific Committee - Congress 2013","robots":{"index":"index","follow":"follow","max-snippet":"max-snippet:-1","max-image-preview":"max-image-preview:large","max-video-preview":"max-video-preview:-1"},"canonical":"https:\/\/eaa-online.org\/congress-2013\/scientific-committee\/","og_locale":"en_US","og_type":"article","og_title":"Scientific Committee - Congress 2013","og_description":"Scientific Committee &#160; Standing Scientific Committee: Chair: Herv\u00e9 STOLOWY, HEC Paris Standing Scientific Committee Members: Ariela CAGLIO, Bocconi University Froystein GJESDAL, Norwegian School of Economics &amp; Business Administration Marta MACIAS, University&#160;Carlos III&#160;Madrid Aljosa VALENTINCIC, Faculty of Economics, University of Ljubljana Marleen WILLEKENS, Catholic University of Leuven Scientific Committee Simon ALCOUFFE, Toulouse Business&#160;School Paul ANDR\u00c9, ESSEC [&hellip;]","og_url":"https:\/\/eaa-online.org\/congress-2013\/scientific-committee\/","og_site_name":"Congress 2013","article_modified_time":"2022-10-13T12:09:55+00:00","twitter_card":"summary_large_image","twitter_misc":{"Est. reading time":"4 minutes"},"schema":{"@context":"https:\/\/schema.org","@graph":[{"@type":"WebPage","@id":"https:\/\/eaa-online.org\/congress-2013\/scientific-committee\/","url":"https:\/\/eaa-online.org\/congress-2013\/scientific-committee\/","name":"Scientific Committee - Congress 2013","isPartOf":{"@id":"https:\/\/eaa-online.org\/congress-2013\/#website"},"datePublished":"2012-07-12T08:56:22+00:00","dateModified":"2022-10-13T12:09:55+00:00","breadcrumb":{"@id":"https:\/\/eaa-online.org\/congress-2013\/scientific-committee\/#breadcrumb"},"inLanguage":"en-US","potentialAction":[{"@type":"ReadAction","target":["https:\/\/eaa-online.org\/congress-2013\/scientific-committee\/"]}]},{"@type":"BreadcrumbList","@id":"https:\/\/eaa-online.org\/congress-2013\/scientific-committee\/#breadcrumb","itemListElement":[{"@type":"ListItem","position":1,"name":"Home","item":"https:\/\/eaa-online.org\/congress-2013\/"},{"@type":"ListItem","position":2,"name":"Scientific Committee"}]},{"@type":"WebSite","@id":"https:\/\/eaa-online.org\/congress-2013\/#website","url":"https:\/\/eaa-online.org\/congress-2013\/","name":"Congress 2013","description":"Just another EAA Sites site","potentialAction":[{"@type":"SearchAction","target":{"@type":"EntryPoint","urlTemplate":"https:\/\/eaa-online.org\/congress-2013\/?s={search_term_string}"},"query-input":"required name=search_term_string"}],"inLanguage":"en-US"}]}},"_links":{"self":[{"href":"https:\/\/eaa-online.org\/congress-2013\/wp-json\/wp\/v2\/pages\/142"}],"collection":[{"href":"https:\/\/eaa-online.org\/congress-2013\/wp-json\/wp\/v2\/pages"}],"about":[{"href":"https:\/\/eaa-online.org\/congress-2013\/wp-json\/wp\/v2\/types\/page"}],"author":[{"embeddable":true,"href":"https:\/\/eaa-online.org\/congress-2013\/wp-json\/wp\/v2\/users\/2943"}],"replies":[{"embeddable":true,"href":"https:\/\/eaa-online.org\/congress-2013\/wp-json\/wp\/v2\/comments?post=142"}],"version-history":[{"count":1,"href":"https:\/\/eaa-online.org\/congress-2013\/wp-json\/wp\/v2\/pages\/142\/revisions"}],"predecessor-version":[{"id":143,"href":"https:\/\/eaa-online.org\/congress-2013\/wp-json\/wp\/v2\/pages\/142\/revisions\/143"}],"wp:attachment":[{"href":"https:\/\/eaa-online.org\/congress-2013\/wp-json\/wp\/v2\/media?parent=142"}],"curies":[{"name":"wp","href":"https:\/\/api.w.org\/{rel}","templated":true}]}}