{"id":221,"date":"2012-07-12T08:56:29","date_gmt":"2012-07-12T08:56:29","guid":{"rendered":"https:\/\/eaa-online.org\/congress-2013\/congress-venue-2\/"},"modified":"2022-10-13T12:09:44","modified_gmt":"2022-10-13T12:09:44","slug":"congress-venue-2","status":"publish","type":"page","link":"https:\/\/eaa-online.org\/congress-2013\/congress-venue-2\/","title":{"rendered":"Congress Venue"},"content":{"rendered":"<table border=\"0\" cellspacing=\"20\" cellpadding=\"1\" width=\"100%\">\n<tbody>\n<tr>\n<td valign=\"top\" width=\"50%\" align=\"left\"><span style=\"font-size: x-large\"><span><span style=\"color: #a4b83d\"><\/p>\n<p><span style=\"color: #0080cc\"><strong>Congress Venue<\/strong><\/span><\/p>\n<p>            <\/span><\/span><\/span><\/p>\n<p style=\"text-align: justify\">&#160;<br \/>\n            The EAA 2013 will take place in Paris, France,&#160;at the<\/p>\n<p>            <span style=\"font-size: small\"><strong>Paris-Dauphine&#160;University<\/strong><\/span><span style=\"font-size: x-small\"><strong><br \/>\n            <\/strong><\/span>Place du Mar\u00e9chal de Lattre&#160;<br \/>\n            75775&#160;Paris Cedex 16<\/p>\n<p>            <a href=\"http:\/\/www.dauphine.fr\/en\/welcome.html\">http:\/\/www.dauphine.fr\/en\/welcome.html<\/a><\/p>\n<p style=\"text-align: justify\">\n            The main scientific programme of the Congress will be held within the university.<\/p>\n<p style=\"text-align: center\"><img decoding=\"async\" loading=\"lazy\" alt=\"\" align=\"middle\" width=\"550\" height=\"321\" src=\"https:\/\/eaa-online.org\/app\/uploads\/sites\/65\/2021\/09\/Location-1-of-Paris-Dauph-Univ-on-Paris-map2.png\" \/><\/p>\n<p style=\"text-align: left\"><span style=\"color: #0080cc\"><strong><span style=\"font-size: small\"><br \/>\n            Directions to Porte Dauphine Campus<\/span><\/strong><\/span><br \/>\n            Main access: Boulevard Lannes<\/p>\n<p>            <u>By car<\/u>:<br \/>\n            Take the Boulevard P\u00e9riph\u00e9rique, exit at &#8220;Porte Dauphine&#8221;, straight to the Place Mar\u00e9chal de Lattre de Tassigny.<\/p>\n<p style=\"text-align: justify\"><u>By public transportation<\/u>:<br \/>\n            <strong>Bus<\/strong>: take PC1&#160;Line and get off at the Porte Dauphine stop.<br \/>\n            <strong>Subway<\/strong>: take Line 2 (Nation &#8211; Porte Dauphine), get off at the Porte Dauphine station and exit at Avenue Bugeaud<br \/>\n            <strong>RER<\/strong> (suburban trains): take Line C and get off at the Avenue Foch station<br \/>\n            &#160;<\/p>\n<p style=\"text-align: center\"><span style=\"color: #0080cc\"><span style=\"font-size: small\"><strong><img decoding=\"async\" loading=\"lazy\" alt=\"\" align=\"middle\" width=\"550\" height=\"284\" src=\"https:\/\/eaa-online.org\/app\/uploads\/sites\/65\/2021\/09\/Location-of-Pavillon-Dauphine-on-Paris-map.png\" \/><br \/>\n            <\/strong><\/span><\/span><\/p>\n<p style=\"text-align: left\"><span style=\"color: #0080cc\"><span style=\"font-size: small\"><strong><br \/>\n            Registration<\/strong><\/span><br \/>\n            <\/span>Registration will take place in the lobby of the university (Place du Mar\u00e9chal de Lattre entrance).&#160;<br \/>\n            The registration desk will be&#160;open during the opening hours from 8 am to 5 pm.<br \/>\n            &#160;<\/p>\n<p style=\"text-align: justify\">&#160;<br \/>\n            &#160;<\/p>\n<\/td>\n<\/tr>\n<\/tbody>\n<\/table>\n<p>&#160;<\/p>\n","protected":false},"excerpt":{"rendered":"<p>Congress Venue &#160; The EAA 2013 will take place in Paris, France,&#160;at the Paris-Dauphine&#160;University Place du Mar\u00e9chal de Lattre&#160; 75775&#160;Paris Cedex 16 http:\/\/www.dauphine.fr\/en\/welcome.html The main scientific programme of the Congress will be held within the university. Directions to Porte Dauphine Campus Main access: Boulevard Lannes By car: Take the Boulevard P\u00e9riph\u00e9rique, exit at &#8220;Porte Dauphine&#8221;, [&hellip;]<\/p>\n","protected":false},"author":2943,"featured_media":0,"parent":0,"menu_order":0,"comment_status":"closed","ping_status":"closed","template":"","meta":{"ngg_post_thumbnail":0},"acf":[],"yoast_head":"<!-- This site is optimized with the Yoast SEO plugin v20.12 - https:\/\/yoast.com\/wordpress\/plugins\/seo\/ -->\n<title>Congress Venue - Congress 2013<\/title>\n<meta name=\"robots\" content=\"noindex, follow, max-snippet:-1, max-image-preview:large, max-video-preview:-1\" \/>\n<meta property=\"og:locale\" content=\"en_US\" \/>\n<meta property=\"og:type\" content=\"article\" \/>\n<meta property=\"og:title\" content=\"Congress Venue - Congress 2013\" \/>\n<meta property=\"og:description\" content=\"Congress Venue &#160; The EAA 2013 will take place in Paris, France,&#160;at the Paris-Dauphine&#160;University Place du Mar\u00e9chal de Lattre&#160; 75775&#160;Paris Cedex 16 http:\/\/www.dauphine.fr\/en\/welcome.html The main scientific programme of the Congress will be held within the university. Directions to Porte Dauphine Campus Main access: Boulevard Lannes By car: Take the Boulevard P\u00e9riph\u00e9rique, exit at &#8220;Porte Dauphine&#8221;, [&hellip;]\" \/>\n<meta property=\"og:url\" content=\"https:\/\/eaa-online.org\/congress-2013\/congress-venue-2\/\" \/>\n<meta property=\"og:site_name\" content=\"Congress 2013\" \/>\n<meta property=\"article:modified_time\" content=\"2022-10-13T12:09:44+00:00\" \/>\n<meta property=\"og:image\" content=\"https:\/\/eaa-online.org\/app\/uploads\/sites\/65\/2021\/09\/Location-1-of-Paris-Dauph-Univ-on-Paris-map2.png\" \/>\n<meta name=\"twitter:card\" content=\"summary_large_image\" \/>\n<meta name=\"twitter:label1\" content=\"Est. reading time\" \/>\n\t<meta name=\"twitter:data1\" content=\"1 minute\" \/>\n<script type=\"application\/ld+json\" class=\"yoast-schema-graph\">{\"@context\":\"https:\/\/schema.org\",\"@graph\":[{\"@type\":\"WebPage\",\"@id\":\"https:\/\/eaa-online.org\/congress-2013\/congress-venue-2\/\",\"url\":\"https:\/\/eaa-online.org\/congress-2013\/congress-venue-2\/\",\"name\":\"Congress Venue - Congress 2013\",\"isPartOf\":{\"@id\":\"https:\/\/eaa-online.org\/congress-2013\/#website\"},\"datePublished\":\"2012-07-12T08:56:29+00:00\",\"dateModified\":\"2022-10-13T12:09:44+00:00\",\"breadcrumb\":{\"@id\":\"https:\/\/eaa-online.org\/congress-2013\/congress-venue-2\/#breadcrumb\"},\"inLanguage\":\"en-US\",\"potentialAction\":[{\"@type\":\"ReadAction\",\"target\":[\"https:\/\/eaa-online.org\/congress-2013\/congress-venue-2\/\"]}]},{\"@type\":\"BreadcrumbList\",\"@id\":\"https:\/\/eaa-online.org\/congress-2013\/congress-venue-2\/#breadcrumb\",\"itemListElement\":[{\"@type\":\"ListItem\",\"position\":1,\"name\":\"Home\",\"item\":\"https:\/\/eaa-online.org\/congress-2013\/\"},{\"@type\":\"ListItem\",\"position\":2,\"name\":\"Congress Venue\"}]},{\"@type\":\"WebSite\",\"@id\":\"https:\/\/eaa-online.org\/congress-2013\/#website\",\"url\":\"https:\/\/eaa-online.org\/congress-2013\/\",\"name\":\"Congress 2013\",\"description\":\"Just another EAA Sites site\",\"potentialAction\":[{\"@type\":\"SearchAction\",\"target\":{\"@type\":\"EntryPoint\",\"urlTemplate\":\"https:\/\/eaa-online.org\/congress-2013\/?s={search_term_string}\"},\"query-input\":\"required name=search_term_string\"}],\"inLanguage\":\"en-US\"}]}<\/script>\n<!-- \/ Yoast SEO plugin. -->","yoast_head_json":{"title":"Congress Venue - Congress 2013","robots":{"index":"noindex","follow":"follow","max-snippet":"max-snippet:-1","max-image-preview":"max-image-preview:large","max-video-preview":"max-video-preview:-1"},"og_locale":"en_US","og_type":"article","og_title":"Congress Venue - Congress 2013","og_description":"Congress Venue &#160; The EAA 2013 will take place in Paris, France,&#160;at the Paris-Dauphine&#160;University Place du Mar\u00e9chal de Lattre&#160; 75775&#160;Paris Cedex 16 http:\/\/www.dauphine.fr\/en\/welcome.html The main scientific programme of the Congress will be held within the university. Directions to Porte Dauphine Campus Main access: Boulevard Lannes By car: Take the Boulevard P\u00e9riph\u00e9rique, exit at &#8220;Porte Dauphine&#8221;, [&hellip;]","og_url":"https:\/\/eaa-online.org\/congress-2013\/congress-venue-2\/","og_site_name":"Congress 2013","article_modified_time":"2022-10-13T12:09:44+00:00","og_image":[{"url":"https:\/\/eaa-online.org\/app\/uploads\/sites\/65\/2021\/09\/Location-1-of-Paris-Dauph-Univ-on-Paris-map2.png"}],"twitter_card":"summary_large_image","twitter_misc":{"Est. reading time":"1 minute"},"schema":{"@context":"https:\/\/schema.org","@graph":[{"@type":"WebPage","@id":"https:\/\/eaa-online.org\/congress-2013\/congress-venue-2\/","url":"https:\/\/eaa-online.org\/congress-2013\/congress-venue-2\/","name":"Congress Venue - Congress 2013","isPartOf":{"@id":"https:\/\/eaa-online.org\/congress-2013\/#website"},"datePublished":"2012-07-12T08:56:29+00:00","dateModified":"2022-10-13T12:09:44+00:00","breadcrumb":{"@id":"https:\/\/eaa-online.org\/congress-2013\/congress-venue-2\/#breadcrumb"},"inLanguage":"en-US","potentialAction":[{"@type":"ReadAction","target":["https:\/\/eaa-online.org\/congress-2013\/congress-venue-2\/"]}]},{"@type":"BreadcrumbList","@id":"https:\/\/eaa-online.org\/congress-2013\/congress-venue-2\/#breadcrumb","itemListElement":[{"@type":"ListItem","position":1,"name":"Home","item":"https:\/\/eaa-online.org\/congress-2013\/"},{"@type":"ListItem","position":2,"name":"Congress Venue"}]},{"@type":"WebSite","@id":"https:\/\/eaa-online.org\/congress-2013\/#website","url":"https:\/\/eaa-online.org\/congress-2013\/","name":"Congress 2013","description":"Just another EAA Sites site","potentialAction":[{"@type":"SearchAction","target":{"@type":"EntryPoint","urlTemplate":"https:\/\/eaa-online.org\/congress-2013\/?s={search_term_string}"},"query-input":"required name=search_term_string"}],"inLanguage":"en-US"}]}},"_links":{"self":[{"href":"https:\/\/eaa-online.org\/congress-2013\/wp-json\/wp\/v2\/pages\/221"}],"collection":[{"href":"https:\/\/eaa-online.org\/congress-2013\/wp-json\/wp\/v2\/pages"}],"about":[{"href":"https:\/\/eaa-online.org\/congress-2013\/wp-json\/wp\/v2\/types\/page"}],"author":[{"embeddable":true,"href":"https:\/\/eaa-online.org\/congress-2013\/wp-json\/wp\/v2\/users\/2943"}],"replies":[{"embeddable":true,"href":"https:\/\/eaa-online.org\/congress-2013\/wp-json\/wp\/v2\/comments?post=221"}],"version-history":[{"count":1,"href":"https:\/\/eaa-online.org\/congress-2013\/wp-json\/wp\/v2\/pages\/221\/revisions"}],"predecessor-version":[{"id":224,"href":"https:\/\/eaa-online.org\/congress-2013\/wp-json\/wp\/v2\/pages\/221\/revisions\/224"}],"wp:attachment":[{"href":"https:\/\/eaa-online.org\/congress-2013\/wp-json\/wp\/v2\/media?parent=221"}],"curies":[{"name":"wp","href":"https:\/\/api.w.org\/{rel}","templated":true}]}}