{"id":23,"date":"2013-05-26T13:53:27","date_gmt":"2013-05-26T13:53:27","guid":{"rendered":"https:\/\/eaa-online.org\/congress-2014\/organizers\/"},"modified":"2022-10-13T11:47:31","modified_gmt":"2022-10-13T11:47:31","slug":"organizers","status":"publish","type":"page","link":"https:\/\/eaa-online.org\/congress-2014\/organizers\/","title":{"rendered":"Organizers"},"content":{"rendered":"<table cellspacing=\"25\" cellpadding=\"1\" width=\"700\" border=\"0\">\n<tbody>\n<tr>\n<td valign=\"top\" width=\"50%\" align=\"left\">\n<p><span style=\"color: #0080cc\"><strong><span style=\"font-size: x-large\">Organizers<\/span><\/strong><\/span><span style=\"font-size: x-large\"><span><span style=\"color: #a4b83d\"><br \/>\n            <\/span><\/span><\/span><\/p>\n<p>            <span style=\"color: #0080cc\"><strong><span style=\"font-size: large\"><span style=\"font-size: medium\"><br \/>\n            Local Organizing Committee<\/span><br \/>\n            <\/span><\/strong><\/span><\/p>\n<ul>\n<li>Toomas HALDMA, Chair<\/li>\n<li>Ruth ALAS, Deputy Chair<\/li>\n<li>Kertu L\u00c4\u00c4TS, Secretary General<\/li>\n<li>Ulvi SLOOG, Treasurer<\/li>\n<li>Malle POST, Member<\/li>\n<li>Maarja MURUM\u00c4GI, Member<\/li>\n<li>Priit SASI, Member<\/li>\n<li>Toomas T\u00dcRNPUU, Member<\/li>\n<\/ul>\n<p><span style=\"color: #0080cc\"><strong><span style=\"font-size: medium\">Conference management<\/span><\/strong><\/span><\/p>\n<p>La Pub Conferences<\/p>\n<p>            Phone: +372 740 4095<br \/>\n            Email: <a href=\"mailto:eaa2014@lapub.ee\">eaa2014@lapub.ee<\/a> <br \/>\n            &#160;<\/p>\n<p>\n            &#160;&#160;<br \/>\n            &#160;&#160;&#160;&#160;&#160;&#160;&#160;&#160;<\/p>\n<p>            &#160;<\/p>\n<\/td>\n<td>\n<p><strong><span style=\"color: #6699cc\"><span style=\"color: #0080cc\"><span style=\"font-size: medium\">EAA<\/span><\/span><\/span><\/strong><\/p>\n<p>Place de Brouck\u00e8re, 31<br \/>\n            1000 Brussels &#8211; Belgium<\/p>\n<p>Phone: +32 (0)2 226 66 60<br \/>\n            Fax : +32 (0)2 512 19 29<br \/>\n            Website: <a href=\"http:\/\/www.eaa-online.org\/\">www.eaa-online.org<\/a><\/p>\n<p><u>Contact persons<\/u>:<\/p>\n<p>For <strong>paper submission <\/strong>and any general request: <br \/>\n            Nicole COOPMAN (<a href=\"mailto:coopman@eiasm.be\">coopman@eiasm.be<\/a>)<\/p>\n<p>For <strong>conference registration<\/strong>:<br \/>\n            Marion HEBBELYNCK<strong> <\/strong>(<a href=\"mailto:hebbelynck@eiasm.be\">hebbelynck@eiasm.be<\/a>)<br \/>\n            &#160;<\/p>\n<\/td>\n<\/tr>\n<\/tbody>\n<\/table>\n<p>&#160;<\/p>\n","protected":false},"excerpt":{"rendered":"<p>Organizers Local Organizing Committee Toomas HALDMA, Chair Ruth ALAS, Deputy Chair Kertu L\u00c4\u00c4TS, Secretary General Ulvi SLOOG, Treasurer Malle POST, Member Maarja MURUM\u00c4GI, Member Priit SASI, Member Toomas T\u00dcRNPUU, Member Conference management La Pub Conferences Phone: +372 740 4095 Email: eaa2014@lapub.ee &#160; &#160;&#160; &#160;&#160;&#160;&#160;&#160;&#160;&#160;&#160; &#160; EAA Place de Brouck\u00e8re, 31 1000 Brussels &#8211; Belgium Phone: [&hellip;]<\/p>\n","protected":false},"author":2943,"featured_media":0,"parent":0,"menu_order":0,"comment_status":"closed","ping_status":"closed","template":"","meta":{"ngg_post_thumbnail":0},"acf":[],"yoast_head":"<!-- This site is optimized with the Yoast SEO plugin v20.12 - https:\/\/yoast.com\/wordpress\/plugins\/seo\/ -->\n<title>Organizers - Congress 2014<\/title>\n<meta name=\"robots\" content=\"noindex, follow, max-snippet:-1, max-image-preview:large, max-video-preview:-1\" \/>\n<meta property=\"og:locale\" content=\"en_US\" \/>\n<meta property=\"og:type\" content=\"article\" \/>\n<meta property=\"og:title\" content=\"Organizers - Congress 2014\" \/>\n<meta property=\"og:description\" content=\"Organizers Local Organizing Committee Toomas HALDMA, Chair Ruth ALAS, Deputy Chair Kertu L\u00c4\u00c4TS, Secretary General Ulvi SLOOG, Treasurer Malle POST, Member Maarja MURUM\u00c4GI, Member Priit SASI, Member Toomas T\u00dcRNPUU, Member Conference management La Pub Conferences Phone: +372 740 4095 Email: eaa2014@lapub.ee &#160; &#160;&#160; &#160;&#160;&#160;&#160;&#160;&#160;&#160;&#160; &#160; EAA Place de Brouck\u00e8re, 31 1000 Brussels &#8211; Belgium Phone: [&hellip;]\" \/>\n<meta property=\"og:url\" content=\"https:\/\/eaa-online.org\/congress-2014\/organizers\/\" \/>\n<meta property=\"og:site_name\" content=\"Congress 2014\" \/>\n<meta property=\"article:modified_time\" content=\"2022-10-13T11:47:31+00:00\" \/>\n<meta name=\"twitter:card\" content=\"summary_large_image\" \/>\n<script type=\"application\/ld+json\" class=\"yoast-schema-graph\">{\"@context\":\"https:\/\/schema.org\",\"@graph\":[{\"@type\":\"WebPage\",\"@id\":\"https:\/\/eaa-online.org\/congress-2014\/organizers\/\",\"url\":\"https:\/\/eaa-online.org\/congress-2014\/organizers\/\",\"name\":\"Organizers - Congress 2014\",\"isPartOf\":{\"@id\":\"https:\/\/eaa-online.org\/congress-2014\/#website\"},\"datePublished\":\"2013-05-26T13:53:27+00:00\",\"dateModified\":\"2022-10-13T11:47:31+00:00\",\"breadcrumb\":{\"@id\":\"https:\/\/eaa-online.org\/congress-2014\/organizers\/#breadcrumb\"},\"inLanguage\":\"en-US\",\"potentialAction\":[{\"@type\":\"ReadAction\",\"target\":[\"https:\/\/eaa-online.org\/congress-2014\/organizers\/\"]}]},{\"@type\":\"BreadcrumbList\",\"@id\":\"https:\/\/eaa-online.org\/congress-2014\/organizers\/#breadcrumb\",\"itemListElement\":[{\"@type\":\"ListItem\",\"position\":1,\"name\":\"Home\",\"item\":\"https:\/\/eaa-online.org\/congress-2014\/\"},{\"@type\":\"ListItem\",\"position\":2,\"name\":\"Organizers\"}]},{\"@type\":\"WebSite\",\"@id\":\"https:\/\/eaa-online.org\/congress-2014\/#website\",\"url\":\"https:\/\/eaa-online.org\/congress-2014\/\",\"name\":\"Congress 2014\",\"description\":\"Just another EAA Sites site\",\"potentialAction\":[{\"@type\":\"SearchAction\",\"target\":{\"@type\":\"EntryPoint\",\"urlTemplate\":\"https:\/\/eaa-online.org\/congress-2014\/?s={search_term_string}\"},\"query-input\":\"required name=search_term_string\"}],\"inLanguage\":\"en-US\"}]}<\/script>\n<!-- \/ Yoast SEO plugin. -->","yoast_head_json":{"title":"Organizers - Congress 2014","robots":{"index":"noindex","follow":"follow","max-snippet":"max-snippet:-1","max-image-preview":"max-image-preview:large","max-video-preview":"max-video-preview:-1"},"og_locale":"en_US","og_type":"article","og_title":"Organizers - Congress 2014","og_description":"Organizers Local Organizing Committee Toomas HALDMA, Chair Ruth ALAS, Deputy Chair Kertu L\u00c4\u00c4TS, Secretary General Ulvi SLOOG, Treasurer Malle POST, Member Maarja MURUM\u00c4GI, Member Priit SASI, Member Toomas T\u00dcRNPUU, Member Conference management La Pub Conferences Phone: +372 740 4095 Email: eaa2014@lapub.ee &#160; &#160;&#160; &#160;&#160;&#160;&#160;&#160;&#160;&#160;&#160; &#160; EAA Place de Brouck\u00e8re, 31 1000 Brussels &#8211; Belgium Phone: [&hellip;]","og_url":"https:\/\/eaa-online.org\/congress-2014\/organizers\/","og_site_name":"Congress 2014","article_modified_time":"2022-10-13T11:47:31+00:00","twitter_card":"summary_large_image","schema":{"@context":"https:\/\/schema.org","@graph":[{"@type":"WebPage","@id":"https:\/\/eaa-online.org\/congress-2014\/organizers\/","url":"https:\/\/eaa-online.org\/congress-2014\/organizers\/","name":"Organizers - Congress 2014","isPartOf":{"@id":"https:\/\/eaa-online.org\/congress-2014\/#website"},"datePublished":"2013-05-26T13:53:27+00:00","dateModified":"2022-10-13T11:47:31+00:00","breadcrumb":{"@id":"https:\/\/eaa-online.org\/congress-2014\/organizers\/#breadcrumb"},"inLanguage":"en-US","potentialAction":[{"@type":"ReadAction","target":["https:\/\/eaa-online.org\/congress-2014\/organizers\/"]}]},{"@type":"BreadcrumbList","@id":"https:\/\/eaa-online.org\/congress-2014\/organizers\/#breadcrumb","itemListElement":[{"@type":"ListItem","position":1,"name":"Home","item":"https:\/\/eaa-online.org\/congress-2014\/"},{"@type":"ListItem","position":2,"name":"Organizers"}]},{"@type":"WebSite","@id":"https:\/\/eaa-online.org\/congress-2014\/#website","url":"https:\/\/eaa-online.org\/congress-2014\/","name":"Congress 2014","description":"Just another EAA Sites site","potentialAction":[{"@type":"SearchAction","target":{"@type":"EntryPoint","urlTemplate":"https:\/\/eaa-online.org\/congress-2014\/?s={search_term_string}"},"query-input":"required name=search_term_string"}],"inLanguage":"en-US"}]}},"_links":{"self":[{"href":"https:\/\/eaa-online.org\/congress-2014\/wp-json\/wp\/v2\/pages\/23"}],"collection":[{"href":"https:\/\/eaa-online.org\/congress-2014\/wp-json\/wp\/v2\/pages"}],"about":[{"href":"https:\/\/eaa-online.org\/congress-2014\/wp-json\/wp\/v2\/types\/page"}],"author":[{"embeddable":true,"href":"https:\/\/eaa-online.org\/congress-2014\/wp-json\/wp\/v2\/users\/2943"}],"replies":[{"embeddable":true,"href":"https:\/\/eaa-online.org\/congress-2014\/wp-json\/wp\/v2\/comments?post=23"}],"version-history":[{"count":1,"href":"https:\/\/eaa-online.org\/congress-2014\/wp-json\/wp\/v2\/pages\/23\/revisions"}],"predecessor-version":[{"id":24,"href":"https:\/\/eaa-online.org\/congress-2014\/wp-json\/wp\/v2\/pages\/23\/revisions\/24"}],"wp:attachment":[{"href":"https:\/\/eaa-online.org\/congress-2014\/wp-json\/wp\/v2\/media?parent=23"}],"curies":[{"name":"wp","href":"https:\/\/api.w.org\/{rel}","templated":true}]}}