{"id":49,"date":"2013-05-26T13:53:28","date_gmt":"2013-05-26T13:53:28","guid":{"rendered":"https:\/\/eaa-online.org\/congress-2014\/scientific-committee\/"},"modified":"2022-10-13T11:47:37","modified_gmt":"2022-10-13T11:47:37","slug":"scientific-committee","status":"publish","type":"page","link":"https:\/\/eaa-online.org\/congress-2014\/scientific-committee\/","title":{"rendered":"Scientific Committee"},"content":{"rendered":"<table cellspacing=\"20\" cellpadding=\"1\" width=\"100%\" border=\"0\">\n<tbody>\n<tr>\n<td valign=\"top\" width=\"50%\" align=\"left\">\n<p><span><strong><span style=\"font-size: x-large\">Scientific Committee<\/span><\/strong><\/span><\/p>\n<p>&#160;<br \/>\n            <u>Chair<\/u>:<\/p>\n<p>            Aljosa <strong>VALENTINCIC<\/strong>, University of Ljubljana<\/p>\n<p>            <u>Standing Scientific Committee Members<\/u>:<\/p>\n<p>            Ariela <strong>CAGLIO, <\/strong>Bocconi University<br \/>\n            Ralf <strong>EWERT<\/strong>, University of Graz<br \/>\n            Helena <strong>ISIDRO<\/strong>, ISCTE &#8211; Lisbon University Institute<br \/>\n            Marta <strong>MACIAS<\/strong>, University&#160;Carlos III&#160;Madrid<br \/>\n            Ann <strong>VANSTRAELEN<\/strong>, University of Maastricht&#160;&#160;&#160;&#160;&#160;&#160;&#160;&#160;&#160;&#160;&#160;<\/p>\n<p><u>Scientific Committee Members<\/u>:<\/p>\n<p>            Paul <strong>ANDR\u00c9<\/strong>, ESSEC Business School<br \/>\n            Diane-Laure <strong>ARJALIES<\/strong>, HEC Paris<br \/>\n            Vasilili <strong>ATHANASAKOU<\/strong>, London School of Economics<br \/>\n            Ilias <strong>BASIOUDIS<\/strong>, Aston Business School<br \/>\n            Vivien <strong>BEATTIE<\/strong>, Lancaster University<br \/>\n            Sebastian <strong>BECKER<\/strong>, HEC Paris<br \/>\n            Wendy <strong>BEEKES<\/strong>, Lancaster University<br \/>\n            Carolina <strong>BONA-SANCHEZ<\/strong>, University of Las Palmas de Gran Canaria<br \/>\n            Saverio <strong>BOZZOLAN<\/strong>, University of Padova<br \/>\n            Ulf <strong>BRUGGEMANN<\/strong>, Humboldt University Berlin<br \/>\n            Liesbeth <strong>BRUYNSEELS<\/strong>, KU Leuven<br \/>\n            J\u00f6rg <strong>BUDDE<\/strong>, University of Bonn<br \/>\n            Svetlana <strong>BYCHKOVA<\/strong>, St-Petersburg State Agrarian University<br \/>\n            Ariela <strong>CAGLIO<\/strong>, Bocconi University<br \/>\n            Mary <strong>CANNING<\/strong>, DCU Business School<br \/>\n            Andreas <strong>CHARITOU<\/strong>, University of Cyprus<br \/>\n            Charles <strong>CHO<\/strong>, ESSEC Business School<br \/>\n            Johan <strong>CHRISTIAENS<\/strong>, Ghent University<br \/>\n            Martine <strong>COOLS<\/strong>, KU Leuven<br \/>\n            Christina <strong>DARGENIDOU<\/strong>, University of Exeter<br \/>\n            Holger <strong>DASKE<\/strong>, University of Mannheim<br \/>\n            Belen Gill <strong>DE ALBORNOZ NOGUER<\/strong>, Universitat Jaume 1<br \/>\n            Ignace <strong>DE BEELDE<\/strong>, Ghent University<br \/>\n            Elisabeth <strong>DEDMAN<\/strong>, University of Nottingham<br \/>\n            Rogier <strong>DEUMES<\/strong>, Maastricht University<br \/>\n            Roberto <strong>DI PIETRA<\/strong>, University of Siena<br \/>\n            Angelo <strong>DITILLO<\/strong>, SDA Bocconi<br \/>\n            Minyue <strong>DONG<\/strong>, University of Lausanne<br \/>\n            Eva <strong>EBERHARTINGER<\/strong>, Vienna University of Economics and Business<br \/>\n            Jurgen <strong>ERNSTBERGER<\/strong>, University of Bochum<br \/>\n            Ralf <strong>EWERT<\/strong>, University of Graz<br \/>\n            John <strong>FERGUSON<\/strong>, University of Strathclyde<br \/>\n            Peter <strong>FIECHTER<\/strong>, University of Zurich<br \/>\n            Andrei <strong>FILIP<\/strong>, ESSEC Business School<br \/>\n            Annita <strong>FLOROU<\/strong>, King\u2019s College London<br \/>\n            Ann <strong>GAEREMYNCK<\/strong>, KU Leuven<br \/>\n            Christina <strong>GAIO<\/strong>, ISEG-Universidade Tecnica de Lisboa<br \/>\n            Maria <strong>GARCIA BENAU<\/strong>, University of Valencia<br \/>\n            Juan Manuel <strong>GARCIA LARA<\/strong>, University Carlos III de Madrid<br \/>\n            Neil <strong>GARROD<\/strong>, Greenwich University<br \/>\n            Elena <strong>GIOVANNONI<\/strong>, University of Siena<br \/>\n            Martin <strong>GLAUM<\/strong>, University of Giessen<br \/>\n            Anna <strong>GOLD<\/strong>, Vrije Universiteit Amsterdam<br \/>\n            Delfina <strong>GOMES<\/strong>, University of Minho<br \/>\n            Markus <strong>GRANLUND<\/strong>, University of Turku<br \/>\n            Aleksandra <strong>GREGORIC<\/strong>, Copenhagen Business School<br \/>\n            Dorothea <strong>GREILING<\/strong>, Linz Johannes Kepler University<br \/>\n            Ulfert <strong>GRONEWOLD<\/strong>, Universit\u00e4t Potsdam<br \/>\n            Giuseppe <strong>GROSSI<\/strong>, University of Siena<br \/>\n            Harold <strong>HASSINK<\/strong>, University of Maastricht<br \/>\n            Claus <strong>HOLM<\/strong>, Aarhus University<br \/>\n            Javier <strong>HUSILLOS<\/strong>, University of Navarra<br \/>\n            Timo <strong>HYVONEN<\/strong>, Turku School of Economics<br \/>\n            Helena <strong>ISIDRO<\/strong>, ISCTE<br \/>\n            Marko <strong>J\u00c4RVENP\u00c4\u00c4<\/strong>, University of Jyvaskyla<br \/>\n            Thomas <strong>JEANJEAN<\/strong>, ESSEC Business School<br \/>\n            Irena <strong>JINDRICHOVSKA<\/strong>, Centrum Ekonomickych Studii VSEM<br \/>\n            Vassili <strong>JOANNIDES<\/strong>, Grenoble Ecole de Management<br \/>\n            Irene <strong>KARAMANOU<\/strong>, University of Cyprus<br \/>\n            Ur\u0161ka <strong>KOSI<\/strong>, Humboldt Universit\u00e4t Berlin<br \/>\n            Erlend <strong>KVAAL<\/strong>, BI Norwegian Business School<br \/>\n            Teija <strong>LAITINEN<\/strong>, University of Vaasa<br \/>\n            Igor <strong>LONCARSKI<\/strong>, University of Ljubljana<br \/>\n            Isabel <strong>LOURENCO<\/strong>, ISCTE-IUL Business School<br \/>\n            Marta <strong>MACIAS<\/strong>, University Carlos III Madrid<br \/>\n            Teemu <strong>MALMI<\/strong>, Aalto University School of Economics<br \/>\n            Bertrand <strong>MALSCH<\/strong>, Queen&#8217;s School of Business<br \/>\n            Garen <strong>MARKARIAN<\/strong>, IE Business School<br \/>\n            Ana <strong>MARQUES<\/strong>, Nova School of Business and Economics<br \/>\n            Isabelle <strong>MARTINEZ<\/strong>, University of Toulouse<br \/>\n            Andrea <strong>MENNICKEN<\/strong>, London School of Economics<br \/>\n            Martin <strong>MESSNER<\/strong>, University of Innsbruck<br \/>\n            Giovanna <strong>MICHELON<\/strong>, Exeter University<br \/>\n            Yuval <strong>MILLO<\/strong>, University of Leicester<br \/>\n            Jodie <strong>MOLL<\/strong>, Manchester Business School<br \/>\n            Klaus <strong>M\u00d6LLER<\/strong>, University of St. Gallen<br \/>\n            Jose Mariano <strong>MONEVA<\/strong>, University of Zatagoza<br \/>\n            Jens <strong>MULLER<\/strong>, Graz University<br \/>\n            Chris <strong>NAPIER<\/strong>, London University, Royal Holloway<br \/>\n            Lasse <strong>NIEMI<\/strong>, Aalto School of Economics<br \/>\n            Marc <strong>NIKITIN<\/strong>, University of Orl\u00e9ans<br \/>\n            Jiri <strong>NOVAK<\/strong>, Charles University in Prague<br \/>\n            Zoltan <strong>NOVOTNY-FARKAS<\/strong>, Lancaster University<br \/>\n            John <strong>O&#8217;HANLON<\/strong>, Lancaster University<br \/>\n            Mari <strong>PAANANEN<\/strong>, University of Exeter<br \/>\n            Tommaso <strong>PALERMO<\/strong>, London School of Economics<br \/>\n            Antonio <strong>PARBONETTI<\/strong>, University of Padova<br \/>\n            Erik <strong>PEEK<\/strong>, ERIM, Erasmus University<br \/>\n            Annalisa <strong>PRENCIPE<\/strong>, Bocconi University<br \/>\n            Alberto <strong>QUAGLI<\/strong>, University of Genova<br \/>\n            Ivana <strong>RAONIC<\/strong>, CASS Business School<br \/>\n            Ricardo <strong>REIS<\/strong>, Catolica Lisbon School of Business<br \/>\n            Chrystelle <strong>RICHARD<\/strong>, ESSEC Business School<br \/>\n            S\u00e9bastien <strong>ROCHER<\/strong>, University of Angers<br \/>\n            Martin <strong>RUF<\/strong>, Eberhard Karls University T\u00fcbingen<br \/>\n            Sonia <strong>SANABRIA<\/strong>, University of Alicante<br \/>\n            Gerrit <strong>SARENS<\/strong>, Universit\u00e9 Catholique de Louvain la Neuve<br \/>\n            Utz <strong>SCH\u00c4FFER<\/strong>, WHU-Otto Beisheim School of Management<br \/>\n            Caren <strong>SCHELLEMAN<\/strong>, Maastricht University<br \/>\n            Jens-Robert <strong>SCH\u00d6NDUBE<\/strong>, University of Hannover<br \/>\n            Thorsten <strong>SELLHORN<\/strong>, WHU-Otto Beisheim School of Management<br \/>\n            Killian <strong>SHEILA<\/strong>, University of Limerick<br \/>\n            Dirk <strong>SIMONS<\/strong>, University of Mannheim<br \/>\n            Kazbi <strong>SOONAWALLA<\/strong>, London School of Economics<br \/>\n            Michael <strong>STICH<\/strong>, University of Bochum<br \/>\n            Jeroen <strong>SUIJS<\/strong>, Tilburg University<br \/>\n            Stefan <strong>SUNDGREN<\/strong>, Umea University<br \/>\n            Caren <strong>SURETH<\/strong>, University of Paderborn<br \/>\n            Ane <strong>TAMAYO<\/strong>, London School of Economics<br \/>\n            Lourdes <strong>TORRES<\/strong>, University of Zaragoza<br \/>\n            Irem <strong>TUNA<\/strong>, London Business School<br \/>\n            Stuart <strong>TURLEY<\/strong>, Manchester University<br \/>\n            Aljosa <strong>VALENTINCIC<\/strong>, University of Ljubljana<br \/>\n            Martijn <strong>VAN DER STEEN<\/strong>, University of Groningen<br \/>\n            Heidi <strong>VAN DER BAUWHEDE<\/strong>, Ghent university<br \/>\n            Ann <strong>VANSTRAELEN<\/strong>, Maastricht University<br \/>\n            David <strong>VEENMAN<\/strong>, Erasmus University Rotterdam<br \/>\n            Johannes <strong>VOGET<\/strong>, University of Mannheim<br \/>\n            Pengguo <strong>WANG<\/strong>, Exeter Business School<br \/>\n            Mahbub <strong>ZAMAN<\/strong>, Manchester Business School<br \/>\n            Alessandro <strong>ZATTONI<\/strong>, Bocconi University<\/p>\n<p>            &#160;&#160;&#160;&#160;&#160;&#160;&#160;&#160;&#160;&#160;&#160;&#160;<strong>&#160;<\/strong><\/p>\n<\/td>\n<\/tr>\n<\/tbody>\n<\/table>\n<p><strong>&#160;<\/strong><\/p>\n","protected":false},"excerpt":{"rendered":"<p>Scientific Committee &#160; Chair: Aljosa VALENTINCIC, University of Ljubljana Standing Scientific Committee Members: Ariela CAGLIO, Bocconi University Ralf EWERT, University of Graz Helena ISIDRO, ISCTE &#8211; Lisbon University Institute Marta MACIAS, University&#160;Carlos III&#160;Madrid Ann VANSTRAELEN, University of Maastricht&#160;&#160;&#160;&#160;&#160;&#160;&#160;&#160;&#160;&#160;&#160; Scientific Committee Members: Paul ANDR\u00c9, ESSEC Business School Diane-Laure ARJALIES, HEC Paris Vasilili ATHANASAKOU, London School of [&hellip;]<\/p>\n","protected":false},"author":2943,"featured_media":0,"parent":0,"menu_order":0,"comment_status":"closed","ping_status":"closed","template":"","meta":{"ngg_post_thumbnail":0},"acf":[],"yoast_head":"<!-- This site is optimized with the Yoast SEO plugin v20.12 - https:\/\/yoast.com\/wordpress\/plugins\/seo\/ -->\n<title>Scientific Committee - Congress 2014<\/title>\n<meta name=\"robots\" content=\"noindex, follow, max-snippet:-1, max-image-preview:large, max-video-preview:-1\" \/>\n<meta property=\"og:locale\" content=\"en_US\" \/>\n<meta property=\"og:type\" content=\"article\" \/>\n<meta property=\"og:title\" content=\"Scientific Committee - Congress 2014\" \/>\n<meta property=\"og:description\" content=\"Scientific Committee &#160; Chair: Aljosa VALENTINCIC, University of Ljubljana Standing Scientific Committee Members: Ariela CAGLIO, Bocconi University Ralf EWERT, University of Graz Helena ISIDRO, ISCTE &#8211; Lisbon University Institute Marta MACIAS, University&#160;Carlos III&#160;Madrid Ann VANSTRAELEN, University of Maastricht&#160;&#160;&#160;&#160;&#160;&#160;&#160;&#160;&#160;&#160;&#160; Scientific Committee Members: Paul ANDR\u00c9, ESSEC Business School Diane-Laure ARJALIES, HEC Paris Vasilili ATHANASAKOU, London School of [&hellip;]\" \/>\n<meta property=\"og:url\" content=\"https:\/\/eaa-online.org\/congress-2014\/scientific-committee\/\" \/>\n<meta property=\"og:site_name\" content=\"Congress 2014\" \/>\n<meta property=\"article:modified_time\" content=\"2022-10-13T11:47:37+00:00\" \/>\n<meta name=\"twitter:card\" content=\"summary_large_image\" \/>\n<meta name=\"twitter:label1\" content=\"Est. reading time\" \/>\n\t<meta name=\"twitter:data1\" content=\"3 minutes\" \/>\n<script type=\"application\/ld+json\" class=\"yoast-schema-graph\">{\"@context\":\"https:\/\/schema.org\",\"@graph\":[{\"@type\":\"WebPage\",\"@id\":\"https:\/\/eaa-online.org\/congress-2014\/scientific-committee\/\",\"url\":\"https:\/\/eaa-online.org\/congress-2014\/scientific-committee\/\",\"name\":\"Scientific Committee - Congress 2014\",\"isPartOf\":{\"@id\":\"https:\/\/eaa-online.org\/congress-2014\/#website\"},\"datePublished\":\"2013-05-26T13:53:28+00:00\",\"dateModified\":\"2022-10-13T11:47:37+00:00\",\"breadcrumb\":{\"@id\":\"https:\/\/eaa-online.org\/congress-2014\/scientific-committee\/#breadcrumb\"},\"inLanguage\":\"en-US\",\"potentialAction\":[{\"@type\":\"ReadAction\",\"target\":[\"https:\/\/eaa-online.org\/congress-2014\/scientific-committee\/\"]}]},{\"@type\":\"BreadcrumbList\",\"@id\":\"https:\/\/eaa-online.org\/congress-2014\/scientific-committee\/#breadcrumb\",\"itemListElement\":[{\"@type\":\"ListItem\",\"position\":1,\"name\":\"Home\",\"item\":\"https:\/\/eaa-online.org\/congress-2014\/\"},{\"@type\":\"ListItem\",\"position\":2,\"name\":\"Scientific Committee\"}]},{\"@type\":\"WebSite\",\"@id\":\"https:\/\/eaa-online.org\/congress-2014\/#website\",\"url\":\"https:\/\/eaa-online.org\/congress-2014\/\",\"name\":\"Congress 2014\",\"description\":\"Just another EAA Sites site\",\"potentialAction\":[{\"@type\":\"SearchAction\",\"target\":{\"@type\":\"EntryPoint\",\"urlTemplate\":\"https:\/\/eaa-online.org\/congress-2014\/?s={search_term_string}\"},\"query-input\":\"required name=search_term_string\"}],\"inLanguage\":\"en-US\"}]}<\/script>\n<!-- \/ Yoast SEO plugin. -->","yoast_head_json":{"title":"Scientific Committee - Congress 2014","robots":{"index":"noindex","follow":"follow","max-snippet":"max-snippet:-1","max-image-preview":"max-image-preview:large","max-video-preview":"max-video-preview:-1"},"og_locale":"en_US","og_type":"article","og_title":"Scientific Committee - Congress 2014","og_description":"Scientific Committee &#160; Chair: Aljosa VALENTINCIC, University of Ljubljana Standing Scientific Committee Members: Ariela CAGLIO, Bocconi University Ralf EWERT, University of Graz Helena ISIDRO, ISCTE &#8211; Lisbon University Institute Marta MACIAS, University&#160;Carlos III&#160;Madrid Ann VANSTRAELEN, University of Maastricht&#160;&#160;&#160;&#160;&#160;&#160;&#160;&#160;&#160;&#160;&#160; Scientific Committee Members: Paul ANDR\u00c9, ESSEC Business School Diane-Laure ARJALIES, HEC Paris Vasilili ATHANASAKOU, London School of [&hellip;]","og_url":"https:\/\/eaa-online.org\/congress-2014\/scientific-committee\/","og_site_name":"Congress 2014","article_modified_time":"2022-10-13T11:47:37+00:00","twitter_card":"summary_large_image","twitter_misc":{"Est. reading time":"3 minutes"},"schema":{"@context":"https:\/\/schema.org","@graph":[{"@type":"WebPage","@id":"https:\/\/eaa-online.org\/congress-2014\/scientific-committee\/","url":"https:\/\/eaa-online.org\/congress-2014\/scientific-committee\/","name":"Scientific Committee - Congress 2014","isPartOf":{"@id":"https:\/\/eaa-online.org\/congress-2014\/#website"},"datePublished":"2013-05-26T13:53:28+00:00","dateModified":"2022-10-13T11:47:37+00:00","breadcrumb":{"@id":"https:\/\/eaa-online.org\/congress-2014\/scientific-committee\/#breadcrumb"},"inLanguage":"en-US","potentialAction":[{"@type":"ReadAction","target":["https:\/\/eaa-online.org\/congress-2014\/scientific-committee\/"]}]},{"@type":"BreadcrumbList","@id":"https:\/\/eaa-online.org\/congress-2014\/scientific-committee\/#breadcrumb","itemListElement":[{"@type":"ListItem","position":1,"name":"Home","item":"https:\/\/eaa-online.org\/congress-2014\/"},{"@type":"ListItem","position":2,"name":"Scientific Committee"}]},{"@type":"WebSite","@id":"https:\/\/eaa-online.org\/congress-2014\/#website","url":"https:\/\/eaa-online.org\/congress-2014\/","name":"Congress 2014","description":"Just another EAA Sites site","potentialAction":[{"@type":"SearchAction","target":{"@type":"EntryPoint","urlTemplate":"https:\/\/eaa-online.org\/congress-2014\/?s={search_term_string}"},"query-input":"required name=search_term_string"}],"inLanguage":"en-US"}]}},"_links":{"self":[{"href":"https:\/\/eaa-online.org\/congress-2014\/wp-json\/wp\/v2\/pages\/49"}],"collection":[{"href":"https:\/\/eaa-online.org\/congress-2014\/wp-json\/wp\/v2\/pages"}],"about":[{"href":"https:\/\/eaa-online.org\/congress-2014\/wp-json\/wp\/v2\/types\/page"}],"author":[{"embeddable":true,"href":"https:\/\/eaa-online.org\/congress-2014\/wp-json\/wp\/v2\/users\/2943"}],"replies":[{"embeddable":true,"href":"https:\/\/eaa-online.org\/congress-2014\/wp-json\/wp\/v2\/comments?post=49"}],"version-history":[{"count":1,"href":"https:\/\/eaa-online.org\/congress-2014\/wp-json\/wp\/v2\/pages\/49\/revisions"}],"predecessor-version":[{"id":50,"href":"https:\/\/eaa-online.org\/congress-2014\/wp-json\/wp\/v2\/pages\/49\/revisions\/50"}],"wp:attachment":[{"href":"https:\/\/eaa-online.org\/congress-2014\/wp-json\/wp\/v2\/media?parent=49"}],"curies":[{"name":"wp","href":"https:\/\/api.w.org\/{rel}","templated":true}]}}