{"id":68,"date":"2015-06-03T11:29:24","date_gmt":"2015-06-03T11:29:24","guid":{"rendered":"https:\/\/eaa-online.org\/congress-2016\/opening-session\/"},"modified":"2022-10-13T11:43:47","modified_gmt":"2022-10-13T11:43:47","slug":"opening-session","status":"publish","type":"page","link":"https:\/\/eaa-online.org\/congress-2016\/opening-session\/","title":{"rendered":"Opening Session"},"content":{"rendered":"<p><span style=\"color: #00ccff\"><strong><span style=\"font-size: x-large\"><br \/>\nOpening Session<\/span><\/strong><\/span><\/p>\n<p>\nMay 9, 12.30 \u2013 13.50<br \/>\nMercator Hall<\/p>\n<p><span style=\"color: #00ccff\"><strong><br \/>\nWelcoming Addresses:<\/strong><\/span><\/p>\n<ul>\n<li><strong>Professor Aljo\u0161a Valentin\u010di\u010d<\/strong>, Chair of the EAA 2012 Annual Congress, Vice-dean for Research and Doctoral Studies of the Faculty of Economics, University of Ljubljana<\/li>\n<li><strong>Professor Bego\u00f1a Giner<\/strong>, President of the European Accounting Association<\/li>\n<li><strong>Professor Du\u0161an Mramor<\/strong>, Dean of the Faculty of Economics, University of Ljubljana<\/li>\n<\/ul>\n<p><span style=\"color: #00ccff\"><strong><br \/>\nKeynote Address:<\/p>\n<p><\/strong><\/span><strong>Professor Steven Maijoor<\/strong>, Chair, European Securities and Markets Authority (ESMA)<\/p>\n<p><span style=\"color: #00ccff\"><strong><br \/>\nPerformance:<\/p>\n<p><\/strong><\/span><strong>Lior Manor <\/strong>\u2013 Mind reader<\/p>\n<p><em>can read your mind&#8230;<\/em><\/p>\n<p style=\"text-align: justify\"><em>Lior is an expert in a wide range of techniques including body language and nonverbal communication, special memory, mind reading, social networking, and other unexpected and amazing methods.Lior Manor is a leading corporate infotainer who delivers messages at trade shows, company gatherings,annual meetings, and sales and marketing events for companies located from Singapore to throughout Europe and the US. With his unique ability to combine the world of mentalism with that of the corporate world, Lior delivers messages in both an entertaining and unforgettable way.<\/em><\/p>\n<p>&#160;<\/p>\n","protected":false},"excerpt":{"rendered":"<p>Opening Session May 9, 12.30 \u2013 13.50 Mercator Hall Welcoming Addresses: Professor Aljo\u0161a Valentin\u010di\u010d, Chair of the EAA 2012 Annual Congress, Vice-dean for Research and Doctoral Studies of the Faculty of Economics, University of Ljubljana Professor Bego\u00f1a Giner, President of the European Accounting Association Professor Du\u0161an Mramor, Dean of the Faculty of Economics, University of [&hellip;]<\/p>\n","protected":false},"author":2943,"featured_media":0,"parent":0,"menu_order":0,"comment_status":"closed","ping_status":"closed","template":"","meta":{"ngg_post_thumbnail":0},"acf":[],"yoast_head":"<!-- This site is optimized with the Yoast SEO plugin v20.12 - https:\/\/yoast.com\/wordpress\/plugins\/seo\/ -->\n<title>Opening Session - Congress 2016<\/title>\n<meta name=\"robots\" content=\"noindex, follow, max-snippet:-1, max-image-preview:large, max-video-preview:-1\" \/>\n<meta property=\"og:locale\" content=\"en_US\" \/>\n<meta property=\"og:type\" content=\"article\" \/>\n<meta property=\"og:title\" content=\"Opening Session - Congress 2016\" \/>\n<meta property=\"og:description\" content=\"Opening Session May 9, 12.30 \u2013 13.50 Mercator Hall Welcoming Addresses: Professor Aljo\u0161a Valentin\u010di\u010d, Chair of the EAA 2012 Annual Congress, Vice-dean for Research and Doctoral Studies of the Faculty of Economics, University of Ljubljana Professor Bego\u00f1a Giner, President of the European Accounting Association Professor Du\u0161an Mramor, Dean of the Faculty of Economics, University of [&hellip;]\" \/>\n<meta property=\"og:url\" content=\"https:\/\/eaa-online.org\/congress-2016\/opening-session\/\" \/>\n<meta property=\"og:site_name\" content=\"Congress 2016\" \/>\n<meta property=\"article:modified_time\" content=\"2022-10-13T11:43:47+00:00\" \/>\n<meta name=\"twitter:card\" content=\"summary_large_image\" \/>\n<meta name=\"twitter:label1\" content=\"Est. reading time\" \/>\n\t<meta name=\"twitter:data1\" content=\"1 minute\" \/>\n<script type=\"application\/ld+json\" class=\"yoast-schema-graph\">{\"@context\":\"https:\/\/schema.org\",\"@graph\":[{\"@type\":\"WebPage\",\"@id\":\"https:\/\/eaa-online.org\/congress-2016\/opening-session\/\",\"url\":\"https:\/\/eaa-online.org\/congress-2016\/opening-session\/\",\"name\":\"Opening Session - Congress 2016\",\"isPartOf\":{\"@id\":\"https:\/\/eaa-online.org\/congress-2016\/#website\"},\"datePublished\":\"2015-06-03T11:29:24+00:00\",\"dateModified\":\"2022-10-13T11:43:47+00:00\",\"breadcrumb\":{\"@id\":\"https:\/\/eaa-online.org\/congress-2016\/opening-session\/#breadcrumb\"},\"inLanguage\":\"en-US\",\"potentialAction\":[{\"@type\":\"ReadAction\",\"target\":[\"https:\/\/eaa-online.org\/congress-2016\/opening-session\/\"]}]},{\"@type\":\"BreadcrumbList\",\"@id\":\"https:\/\/eaa-online.org\/congress-2016\/opening-session\/#breadcrumb\",\"itemListElement\":[{\"@type\":\"ListItem\",\"position\":1,\"name\":\"Home\",\"item\":\"https:\/\/eaa-online.org\/congress-2016\/\"},{\"@type\":\"ListItem\",\"position\":2,\"name\":\"Opening Session\"}]},{\"@type\":\"WebSite\",\"@id\":\"https:\/\/eaa-online.org\/congress-2016\/#website\",\"url\":\"https:\/\/eaa-online.org\/congress-2016\/\",\"name\":\"Congress 2016\",\"description\":\"Just another EAA Sites site\",\"potentialAction\":[{\"@type\":\"SearchAction\",\"target\":{\"@type\":\"EntryPoint\",\"urlTemplate\":\"https:\/\/eaa-online.org\/congress-2016\/?s={search_term_string}\"},\"query-input\":\"required name=search_term_string\"}],\"inLanguage\":\"en-US\"}]}<\/script>\n<!-- \/ Yoast SEO plugin. -->","yoast_head_json":{"title":"Opening Session - Congress 2016","robots":{"index":"noindex","follow":"follow","max-snippet":"max-snippet:-1","max-image-preview":"max-image-preview:large","max-video-preview":"max-video-preview:-1"},"og_locale":"en_US","og_type":"article","og_title":"Opening Session - Congress 2016","og_description":"Opening Session May 9, 12.30 \u2013 13.50 Mercator Hall Welcoming Addresses: Professor Aljo\u0161a Valentin\u010di\u010d, Chair of the EAA 2012 Annual Congress, Vice-dean for Research and Doctoral Studies of the Faculty of Economics, University of Ljubljana Professor Bego\u00f1a Giner, President of the European Accounting Association Professor Du\u0161an Mramor, Dean of the Faculty of Economics, University of [&hellip;]","og_url":"https:\/\/eaa-online.org\/congress-2016\/opening-session\/","og_site_name":"Congress 2016","article_modified_time":"2022-10-13T11:43:47+00:00","twitter_card":"summary_large_image","twitter_misc":{"Est. reading time":"1 minute"},"schema":{"@context":"https:\/\/schema.org","@graph":[{"@type":"WebPage","@id":"https:\/\/eaa-online.org\/congress-2016\/opening-session\/","url":"https:\/\/eaa-online.org\/congress-2016\/opening-session\/","name":"Opening Session - Congress 2016","isPartOf":{"@id":"https:\/\/eaa-online.org\/congress-2016\/#website"},"datePublished":"2015-06-03T11:29:24+00:00","dateModified":"2022-10-13T11:43:47+00:00","breadcrumb":{"@id":"https:\/\/eaa-online.org\/congress-2016\/opening-session\/#breadcrumb"},"inLanguage":"en-US","potentialAction":[{"@type":"ReadAction","target":["https:\/\/eaa-online.org\/congress-2016\/opening-session\/"]}]},{"@type":"BreadcrumbList","@id":"https:\/\/eaa-online.org\/congress-2016\/opening-session\/#breadcrumb","itemListElement":[{"@type":"ListItem","position":1,"name":"Home","item":"https:\/\/eaa-online.org\/congress-2016\/"},{"@type":"ListItem","position":2,"name":"Opening Session"}]},{"@type":"WebSite","@id":"https:\/\/eaa-online.org\/congress-2016\/#website","url":"https:\/\/eaa-online.org\/congress-2016\/","name":"Congress 2016","description":"Just another EAA Sites site","potentialAction":[{"@type":"SearchAction","target":{"@type":"EntryPoint","urlTemplate":"https:\/\/eaa-online.org\/congress-2016\/?s={search_term_string}"},"query-input":"required name=search_term_string"}],"inLanguage":"en-US"}]}},"_links":{"self":[{"href":"https:\/\/eaa-online.org\/congress-2016\/wp-json\/wp\/v2\/pages\/68"}],"collection":[{"href":"https:\/\/eaa-online.org\/congress-2016\/wp-json\/wp\/v2\/pages"}],"about":[{"href":"https:\/\/eaa-online.org\/congress-2016\/wp-json\/wp\/v2\/types\/page"}],"author":[{"embeddable":true,"href":"https:\/\/eaa-online.org\/congress-2016\/wp-json\/wp\/v2\/users\/2943"}],"replies":[{"embeddable":true,"href":"https:\/\/eaa-online.org\/congress-2016\/wp-json\/wp\/v2\/comments?post=68"}],"version-history":[{"count":1,"href":"https:\/\/eaa-online.org\/congress-2016\/wp-json\/wp\/v2\/pages\/68\/revisions"}],"predecessor-version":[{"id":69,"href":"https:\/\/eaa-online.org\/congress-2016\/wp-json\/wp\/v2\/pages\/68\/revisions\/69"}],"wp:attachment":[{"href":"https:\/\/eaa-online.org\/congress-2016\/wp-json\/wp\/v2\/media?parent=68"}],"curies":[{"name":"wp","href":"https:\/\/api.w.org\/{rel}","templated":true}]}}