{"id":2363,"date":"2020-10-03T09:16:28","date_gmt":"2020-10-03T09:16:28","guid":{"rendered":"http:\/\/eaa-online.org\/congress\/social-events-2\/"},"modified":"2022-10-13T11:33:27","modified_gmt":"2022-10-13T11:33:27","slug":"social-events-2","status":"publish","type":"page","link":"https:\/\/eaa-online.org\/congress-2021\/social-events-2\/","title":{"rendered":"Social Events"},"content":{"rendered":"<p style=\"text-align: justify\">  <strong style=\"font-family: verdana, geneva, sans-serif;font-size: 24px\"><span>EAA 2020 Social Events<\/span><\/strong><\/p>\n<p style=\"text-align: justify\"><span style=\"font-size:12px\"><span style=\"font-family:verdana,geneva,sans-serif\">T<span style=\"color:#000080\">wo of Bucharest&rsquo;s oldest and most iconic restaurants have been selected to host the Congress Early Bird Reception (<\/span><a href=\"https:\/\/www.carucubere.ro\/en\/\"><span style=\"color:#000080\">The Beer Wagon<\/span><\/a><span style=\"color:#000080\">, Romanian: Caru&rsquo; cu Bere) and the Welcome Reception (<\/span><a href=\"https:\/\/www.hanumanucrestaurant.ro\/en\"><span style=\"color:#000080\">Manuc&rsquo;s Inn<\/span><\/a><span style=\"color:#000080\">; Romanian: Hanu&rsquo; lui Manuc). The Gala Dinner will be hosted in the Unirii Hall of the <\/span><a href=\"http:\/\/cic.cdep.ro\/en\/\"><span style=\"color:#000080\">Palace of the Parliament<\/span><\/a><span style=\"color:#000080\"> (the second largest building in the world), situated on the edge of Old Town<\/span>.<\/span><\/span><\/p>\n<p style=\"text-align: center\"><img decoding=\"async\" alt=\"\" src=\"\/UserFiles\/Map of social events Bucharest.JPG\" style=\"width: 444px;height: 346px\" \/><\/p>\n<p style=\"text-align: justify\"><strong><span style=\"color:#0080CC\"><span style=\"font-family:verdana,sans-serif\"><span style=\"font-size:12.0pt\">Early Bird Reception Venue &ndash; <\/span><\/span><\/span><\/strong><span style=\"color:black\"><a href=\"https:\/\/www.carucubere.ro\/en\/\"><strong><span style=\"color:#0080CC\"><span style=\"font-family:verdana,sans-serif\"><span style=\"font-size:12.0pt\">The Beer Wagon<\/span><\/span><\/span><\/strong><\/a><\/span><strong><span style=\"color:#0080CC\"><span style=\"font-family:verdana,sans-serif\"><span style=\"font-size:12.0pt\"> (Caru&rsquo; cu Bere)<\/span><\/span><\/span><\/strong><\/p>\n<p style=\"text-align: justify\"><span style=\"font-size:12px\"><span style=\"font-family:verdana,geneva,sans-serif\"><span style=\"color:#000080\">With a history dating&nbsp; back to 1879, The <em>Caru&rsquo; cu Bere<\/em> restaurant is a beer house built in neo-gothic architectural style, noted for its distinctive art nouveau interior decoration (paints, stained glass, mosaics and carved paneling), making it Romania&rsquo;s <\/span><a href=\"https:\/\/www.thrillist.com\/travel\/nation\/the-most-iconic-restaurant-in-every-eu-country\"><span style=\"color:#000080\">most iconic restaurant<\/span><\/a><span style=\"color:#000080\"> by Thrillist.com.<\/span><\/span><\/span><\/p>\n<p style=\"text-align: justify\"><span style=\"color:#000080\"><span style=\"font-size:12px\"><span style=\"font-family:verdana,geneva,sans-serif\">The name came from the owners&rsquo; practice of beer brewing craftsmanship. In the 19<sup>th<\/sup> century, beer was brought to the beer house by horse-driven wagons. The symbol of Caru&rsquo; cu Bere is Old Ghi\u021b\u0103 (Romanian: Mo\u015f Ghi\u0163\u0103), whose carved silhouette still guards the place. Inseparable from his lantern, Old Ghi\u021b\u0103 was the restaurant&rsquo;s cellar who worked here some dozens of years, moving up and down the stairs to the cellar full with wine and beer barrels.<\/span><\/span><\/span><\/p>\n<p style=\"text-align: justify\"><span style=\"color:#000080\"><span style=\"font-size:12px\"><span style=\"font-family:verdana,geneva,sans-serif\">Today, the building is recognized as an architectural and historical monument. The heraldry of Caru&rsquo; cu Bere consists of a rooster and a cat, suggesting to wake up early in the morning, like the rooster, and to be shrewd like a cat, until sunset. A symbol of Bucharest&rsquo;s Old Town, the restaurant is the meeting place for both locals and foreign tourists. <\/span><\/span><\/span><\/p>\n<p style=\"text-align: center\"><img decoding=\"async\" alt=\"\" src=\"\/UserFiles\/Beer Wagon.JPG\" style=\"width: 438px;height: 576px\" \/><\/p>\n<p style=\"text-align: justify\"><strong><span style=\"color:#0080CC\"><span style=\"font-family:verdana,sans-serif\"><span style=\"font-size:12.0pt\">Welcome Reception Venue &ndash; <\/span><\/span><\/span><\/strong><span style=\"color:black\"><a href=\"https:\/\/www.hanumanucrestaurant.ro\/en\"><strong><span style=\"color:#0080CC\"><span style=\"font-family:verdana,sans-serif\"><span style=\"font-size:12.0pt\">Manuc&rsquo;s Inn<\/span><\/span><\/span><\/strong><\/a><\/span><strong><span style=\"color:#0080CC\"><span style=\"font-family:verdana,sans-serif\"><span style=\"font-size:12.0pt\"> (Hanu&rsquo; lui Manuc)<\/span><\/span><\/span><\/strong><\/p>\n<p style=\"text-align: justify\"><span style=\"color:#000080\"><span style=\"font-size:12px\"><span style=\"font-family:verdana,geneva,sans-serif\">Today one of Europe&#039;s last remaining&nbsp;<em>caravanserai<\/em>, currently laying in Old Town across the street from the ruins of the Old Princely Court of Vlad III, Manuc&rsquo;s Inn was built in 1804 by the wealthy Armenian trader, better known under his Turkish name, Manuc-bei<em>. <\/em>Recognized, rewarded and pursued by all the empires \ufb01ghting for influence over the Romanian Principalities at that time, Manuc-bei was, all at once, merchant, &ldquo;banker&ldquo;, entrepreneur, adventurer and secret agent. With 15 wholesalers, 23 retail stores, 107 rooms for offices or living, two receiving rooms and a pub, the inn was a favorite meeting place for tradesmen, craftsmen and travelers from all over the world.<\/span><\/span><\/span><\/p>\n<p style=\"text-align: justify\"><span style=\"font-size:12px\"><span style=\"font-family:verdana,geneva,sans-serif\"><span style=\"color:#000080\">The inn was the site of the preliminary talks for the <\/span><a href=\"https:\/\/en.wikipedia.org\/wiki\/Treaty_of_Bucharest,_1812\" title=\"Treaty of Bucharest, 1812\"><span style=\"color:#000080\">Treaty of Bucharest<\/span><\/a><span style=\"color:#000080\">, which put an end to the 1806-1812 Russian-Turkish war. Along time, <em>Hanu&rsquo; lui Manuc<\/em> housed Bucharest&#039;s town hall, a theatre, and was the site of the first Romanian <\/span><a href=\"https:\/\/en.wikipedia.org\/wiki\/Operetta\" title=\"Operetta\"><span style=\"color:#000080\">operetta<\/span><\/a><span style=\"color:#000080\"> recital.<\/span><\/span><\/span><\/p>\n<p style=\"text-align: center\"><img decoding=\"async\" alt=\"\" src=\"\/UserFiles\/Manuc's Inn.JPG\" style=\"width: 444px;height: 540px\" \/><\/p>\n<p style=\"text-align: justify\"><strong style=\"text-align: justify\"><span><span style=\"font-family: verdana, sans-serif\"><span style=\"font-size: 12pt\">Gala Dinner and Party &#8211;&nbsp;<\/span><\/span><\/span><\/strong><strong><span style=\"color:#0080CC\"><span style=\"font-family:verdana,sans-serif\"><span style=\"font-size:12.0pt\">The <\/span><\/span><\/span><\/strong><a href=\"http:\/\/cic.cdep.ro\/en\/\"><strong><span style=\"color:#0080cc\"><span style=\"font-family:verdana,sans-serif\"><span style=\"font-size:12pt\">Palace of the Parliament<\/span><\/span><\/span><\/strong><\/a><\/p>\n<p style=\"text-align: justify\"><span style=\"color:#000080\"><span style=\"font-size:12px\"><span style=\"font-family:verdana,geneva,sans-serif\">The Palace of the Parliament, built at the special request of Nicolae Ceau\u015fescu, the leader of Romania&#039;s Communist Party, is a colossal construction meant to gather together all administrative bodies and protect the leaders in case of devastating earthquake and nuclear attack. Formerly known as the &quot;People&#039;s House&quot; (Romanian: Casa Poporului), it is the world&#039;s second largest administrative building after the U.S. Pentagon, the largest civil administrative building, and the heaviest and most expensive building in the world. The impressive construction incorporates 1,000,000 cubic meters of marble (about 5,305,491,057&nbsp;pounds), 3,500 tons of crystal, 220,000 carpets and 2,800 chandeliers. Currently, about half of the total 1,100 rooms are finished and used. <\/span><\/span><\/span><\/p>\n<p style=\"text-align: justify\"><span style=\"color:#000080\"><span style=\"font-size:12px\"><span style=\"font-family:verdana,geneva,sans-serif\">The construction is the result of the effort of about 700 architects and more than 100,000 workers and 12,000 soldiers. Overall, more than 20,000 persons worked 24 hour three shifts per day in peak times. The main constructions took place over a period of 13 years (1984-1997). The works required the demolition of a fifth of Bucharest&rsquo;s area (4.5 km in length and 2 km in width), the equivalent of a few Parisian districts and the total surface of Venice. This part of Bucharest was already significantly damaged by the devastating earthquake of 1977, felt throughout the Balkans. Although the initial project needed 80,000 sq.m, the final building occupies a surface 5 times bigger.&nbsp;Catherine Lalumiere, Secretary General of the Council of Europe, described it as &quot;the palace of a megalomaniac man, but also a masterpiece of the Romanian people&quot;.<\/span><\/span><\/span><\/p>\n<p style=\"text-align: justify\"><span style=\"font-size:12px\"><span style=\"font-family:verdana,geneva,sans-serif\"><span style=\"color:#000080\">Nowadays, the building hosts several Romanian public institutions: the Chamber of Deputies and the Senate (the two houses of the Parliament of Romania), the Legislative Council and the Constitutional Court of Romania. In 2008, the Palace hosted the&nbsp;<\/span><a href=\"https:\/\/en.wikipedia.org\/wiki\/20th_NATO_summit\" title=\"20th NATO summit\"><span style=\"color:#000080\">20<sup>th<\/sup> summit<\/span><\/a><span style=\"color:#000080\">&nbsp;of the&nbsp;<\/span><a href=\"https:\/\/en.wikipedia.org\/wiki\/North_Atlantic_Treaty_Organization\"><span style=\"color:#000080\">North Atlantic Treaty Organization<\/span><\/a><span style=\"color:#000080\"> (NATO).<\/span><\/span><\/span><\/p>\n<p style=\"text-align: justify\"><span style=\"color:#000080\"><span style=\"font-size:12px\"><span style=\"font-family:verdana,geneva,sans-serif\">According to some urban legends and myths, the impressive 2,226 sq.m. (23,961 sq.ft.) Gala Dinner Unirii Hall was first designed to open so that the presidential helicopter could land inside the hall. Moreover, same say that the carpet in this Hall was made from a single piece and was brought in the hall using a crane, through the ceiling.<\/span><\/span><\/span><\/p>\n<p style=\"text-align: justify\"><span style=\"color:#000080\"><span style=\"font-size:12px\"><span style=\"font-family:verdana,geneva,sans-serif\">Since the building hosts official institutions of the Romanian State, visitors are subject to regulated controls. More information will be posted to the website as soon an access procedure will be agreed with the official representatives.<\/span><\/span><\/span><\/p>\n<p style=\"text-align: center\"><span style=\"color:#000080\"><span style=\"font-size:12px\"><span style=\"font-family:verdana,geneva,sans-serif\"><img decoding=\"async\" alt=\"\" src=\"\/UserFiles\/Palace of Parliament.JPG\" style=\"width: 444px;height: 575px\" \/><\/span><\/span><\/span><\/p>\n","protected":false},"excerpt":{"rendered":"<p>EAA 2020 Social Events Two of Bucharest&rsquo;s oldest and most iconic restaurants have been selected to host the Congress Early Bird Reception (The Beer Wagon, Romanian: Caru&rsquo; cu Bere) and the Welcome Reception (Manuc&rsquo;s Inn; Romanian: Hanu&rsquo; lui Manuc). The Gala Dinner will be hosted in the Unirii Hall of the Palace of the Parliament [&hellip;]<\/p>\n","protected":false},"author":2943,"featured_media":0,"parent":0,"menu_order":0,"comment_status":"closed","ping_status":"closed","template":"","meta":{"ngg_post_thumbnail":0},"acf":[],"yoast_head":"<!-- This site is optimized with the Yoast SEO plugin v20.12 - https:\/\/yoast.com\/wordpress\/plugins\/seo\/ -->\n<title>Social Events - EAA 2021<\/title>\n<meta name=\"robots\" content=\"noindex, follow, max-snippet:-1, max-image-preview:large, max-video-preview:-1\" \/>\n<meta property=\"og:locale\" content=\"en_US\" \/>\n<meta property=\"og:type\" content=\"article\" \/>\n<meta property=\"og:title\" content=\"Social Events - EAA 2021\" \/>\n<meta property=\"og:description\" content=\"EAA 2020 Social Events Two of Bucharest&rsquo;s oldest and most iconic restaurants have been selected to host the Congress Early Bird Reception (The Beer Wagon, Romanian: Caru&rsquo; cu Bere) and the Welcome Reception (Manuc&rsquo;s Inn; Romanian: Hanu&rsquo; lui Manuc). The Gala Dinner will be hosted in the Unirii Hall of the Palace of the Parliament [&hellip;]\" \/>\n<meta property=\"og:url\" content=\"https:\/\/eaa-online.org\/congress-2021\/social-events-2\/\" \/>\n<meta property=\"og:site_name\" content=\"EAA 2021\" \/>\n<meta property=\"article:modified_time\" content=\"2022-10-13T11:33:27+00:00\" \/>\n<meta name=\"twitter:card\" content=\"summary_large_image\" \/>\n<meta name=\"twitter:label1\" content=\"Est. reading time\" \/>\n\t<meta name=\"twitter:data1\" content=\"4 minutes\" \/>\n<script type=\"application\/ld+json\" class=\"yoast-schema-graph\">{\"@context\":\"https:\/\/schema.org\",\"@graph\":[{\"@type\":\"WebPage\",\"@id\":\"https:\/\/eaa-online.org\/congress-2021\/social-events-2\/\",\"url\":\"https:\/\/eaa-online.org\/congress-2021\/social-events-2\/\",\"name\":\"Social Events - EAA 2021\",\"isPartOf\":{\"@id\":\"https:\/\/eaa-online.org\/congress-2021\/#website\"},\"datePublished\":\"2020-10-03T09:16:28+00:00\",\"dateModified\":\"2022-10-13T11:33:27+00:00\",\"inLanguage\":\"en-US\",\"potentialAction\":[{\"@type\":\"ReadAction\",\"target\":[\"https:\/\/eaa-online.org\/congress-2021\/social-events-2\/\"]}]},{\"@type\":\"WebSite\",\"@id\":\"https:\/\/eaa-online.org\/congress-2021\/#website\",\"url\":\"https:\/\/eaa-online.org\/congress-2021\/\",\"name\":\"EAA 2021\",\"description\":\"Virtual Congress\",\"potentialAction\":[{\"@type\":\"SearchAction\",\"target\":{\"@type\":\"EntryPoint\",\"urlTemplate\":\"https:\/\/eaa-online.org\/congress-2021\/?s={search_term_string}\"},\"query-input\":\"required name=search_term_string\"}],\"inLanguage\":\"en-US\"}]}<\/script>\n<!-- \/ Yoast SEO plugin. -->","yoast_head_json":{"title":"Social Events - EAA 2021","robots":{"index":"noindex","follow":"follow","max-snippet":"max-snippet:-1","max-image-preview":"max-image-preview:large","max-video-preview":"max-video-preview:-1"},"og_locale":"en_US","og_type":"article","og_title":"Social Events - EAA 2021","og_description":"EAA 2020 Social Events Two of Bucharest&rsquo;s oldest and most iconic restaurants have been selected to host the Congress Early Bird Reception (The Beer Wagon, Romanian: Caru&rsquo; cu Bere) and the Welcome Reception (Manuc&rsquo;s Inn; Romanian: Hanu&rsquo; lui Manuc). The Gala Dinner will be hosted in the Unirii Hall of the Palace of the Parliament [&hellip;]","og_url":"https:\/\/eaa-online.org\/congress-2021\/social-events-2\/","og_site_name":"EAA 2021","article_modified_time":"2022-10-13T11:33:27+00:00","twitter_card":"summary_large_image","twitter_misc":{"Est. reading time":"4 minutes"},"schema":{"@context":"https:\/\/schema.org","@graph":[{"@type":"WebPage","@id":"https:\/\/eaa-online.org\/congress-2021\/social-events-2\/","url":"https:\/\/eaa-online.org\/congress-2021\/social-events-2\/","name":"Social Events - EAA 2021","isPartOf":{"@id":"https:\/\/eaa-online.org\/congress-2021\/#website"},"datePublished":"2020-10-03T09:16:28+00:00","dateModified":"2022-10-13T11:33:27+00:00","inLanguage":"en-US","potentialAction":[{"@type":"ReadAction","target":["https:\/\/eaa-online.org\/congress-2021\/social-events-2\/"]}]},{"@type":"WebSite","@id":"https:\/\/eaa-online.org\/congress-2021\/#website","url":"https:\/\/eaa-online.org\/congress-2021\/","name":"EAA 2021","description":"Virtual Congress","potentialAction":[{"@type":"SearchAction","target":{"@type":"EntryPoint","urlTemplate":"https:\/\/eaa-online.org\/congress-2021\/?s={search_term_string}"},"query-input":"required name=search_term_string"}],"inLanguage":"en-US"}]}},"_links":{"self":[{"href":"https:\/\/eaa-online.org\/congress-2021\/wp-json\/wp\/v2\/pages\/2363"}],"collection":[{"href":"https:\/\/eaa-online.org\/congress-2021\/wp-json\/wp\/v2\/pages"}],"about":[{"href":"https:\/\/eaa-online.org\/congress-2021\/wp-json\/wp\/v2\/types\/page"}],"author":[{"embeddable":true,"href":"https:\/\/eaa-online.org\/congress-2021\/wp-json\/wp\/v2\/users\/2943"}],"replies":[{"embeddable":true,"href":"https:\/\/eaa-online.org\/congress-2021\/wp-json\/wp\/v2\/comments?post=2363"}],"version-history":[{"count":1,"href":"https:\/\/eaa-online.org\/congress-2021\/wp-json\/wp\/v2\/pages\/2363\/revisions"}],"predecessor-version":[{"id":2936,"href":"https:\/\/eaa-online.org\/congress-2021\/wp-json\/wp\/v2\/pages\/2363\/revisions\/2936"}],"wp:attachment":[{"href":"https:\/\/eaa-online.org\/congress-2021\/wp-json\/wp\/v2\/media?parent=2363"}],"curies":[{"name":"wp","href":"https:\/\/api.w.org\/{rel}","templated":true}]}}