{"id":178,"date":"2021-08-23T13:59:58","date_gmt":"2021-08-23T13:59:58","guid":{"rendered":"https:\/\/eaa-online.org\/congress-2023\/?page_id=178"},"modified":"2022-06-07T12:57:37","modified_gmt":"2022-06-07T12:57:37","slug":"general-information","status":"publish","type":"page","link":"https:\/\/eaa-online.org\/congress-2023\/general-information\/","title":{"rendered":"Practical Information"},"content":{"rendered":"<h2><span style=\"font-size: 14pt; color: #0090cc;\">CLIMATE<\/span><\/h2>\n<p>Helsinki and Espoo\u2019s climate combines characteristics of both a maritime and a continental climate. The proximity of the Arctic Ocean and the North Atlantic creates cold weather, while the Gulf Stream brings in warmer air. Summer in Helsinki &amp; Espoo is bright. Days are at their longest in the second half of June when the sun stays above the horizon for 19 hours. For the latest weather forecast:<\/p>\n<p><span style=\"color: #0090cc;\"><a style=\"color: #0090cc;\" href=\"http:\/\/en.ilmatieteenlaitos.fi\/weather\/ helsinki\">en.ilmatieteenlaitos.fi\/weather\/ helsinki<\/a><\/span><\/p>\n<h2><span style=\"font-size: 14pt; color: #0090cc;\">LANGUAGE<\/span><\/h2>\n<p>Finland has two official languages, Finnish and Swedish. Street signs in Helsinki &amp; Espoo are in both languages. English is widely spoken and most Finns also master one or two other foreign languages.<\/p>\n<h2><span style=\"font-size: 14pt; color: #0090cc;\">ATM<\/span><\/h2>\n<p>For an ATM machine, look for the sign \u201cOTTO\u201d. These 24-hour cashpoint machines are widely available and accept the following international ATM and credit cards: Visa, Visa Electron, EuroCard, MasterCard, Maestro, Cirrus, EC and plus.<\/p>\n<h2><span style=\"font-size: 14pt; color: #0090cc;\">BANK<\/span><\/h2>\n<p>Banks are usually open on weekdays from 10:00 to16:30 and at the airport every day from 06:00 to 19:30 (until 23.00 in the transit area).<\/p>\n<h2><span style=\"font-size: 14pt; color: #0090cc;\">CREDIT CARDS<\/span><\/h2>\n<p>All major credit cards are widely accepted in Finland.<\/p>\n<h2><span style=\"font-size: 14pt; color: #0090cc;\">CURRENCY<\/span><\/h2>\n<p>The local currency in Finland is Euro (EUR). In addition to banks, there are several foreign currency exchange points available around the city center, e.g. Forex: Stockmann Department Store or Central Railway Station, www.forex.fi<\/p>\n<p>Tavex: Fabianinkatu 12 or<\/p>\n<p>Asematunneli, www.tavex.fi<\/p>\n<h2><span style=\"font-size: 14pt; color: #0090cc;\">EATING OUT<\/span><\/h2>\n<p>Helsinki and Espoo have thousands of restaurants where you will find everything from gourmet delights to bistro treats. In recent years the \u201cNew Nordic Cuisine\u201d has taken over the scene. Dinner is normally eaten around 19\u201320:00 and restaurants close at 23\u201324:00.<\/p>\n<h2><span style=\"font-size: 14pt; color: #0090cc;\">ELECTRICITY<\/span><\/h2>\n<p>Voltage: 220\u2013240 Volts. Electrical sockets (outlets) in Finland are one of the two European standard electrical socket types: \u201cType C\u201d Europlug and \u201cType E\/F\u201d Schuko.<\/p>\n<h2><span style=\"font-size: 14pt; color: #0090cc;\">EMERGENCY NUMBER<\/span><\/h2>\n<p>The General Emergency number for police, ambulance, and the fire department is 112.<\/p>\n<h2><span style=\"font-size: 14pt; color: #0090cc;\">LOST AND FOUND<\/span><\/h2>\n<p>Helsinki Police, Lost Property,<\/p>\n<p>&nbsp;<span style=\"color: #0090cc;\"><a style=\"color: #0090cc;\" href=\"http:\/\/www.poliisi.fi\">www.poliisi.fi<\/a><\/span><\/p>\n<p>Suomen L\u00f6yt\u00f6tavarapalvelu,<\/p>\n<p><span style=\"color: #0090cc;\"><a style=\"color: #0090cc;\" href=\"http:\/\/www.loytotavara.net\">www.loytotavara.net<\/a><\/span><\/p>\n<p>Suomen L\u00f6yt\u00f6tavarapiste, Kamppi Centre,<\/p>\n<p><span style=\"color: #0090cc;\"><a style=\"color: #0090cc;\" href=\"http:\/\/www.htp-palvelut.com\/loytotavarapiste\">http:\/\/www.htp-palvelut.com\/loytotavarapiste<\/a><\/span><\/p>\n<h2><span style=\"font-size: 14pt; color: #0090cc;\">MEDICAL CARE<\/span><\/h2>\n<p>Emergency duty: Haartman Hospital, Haartmaninkatu 4,<\/p>\n<p>+358 (0)9 3106 3231. Open 24h.<\/p>\n<p>Medical care: Terveystalo Kamppi, Jaakonkatu 3, +358 (0)30 6000.<\/p>\n<p>Open 24h.<\/p>\n<p>Medical care: Mehil\u00e4inen T\u00f6\u00f6l\u00f6,<\/p>\n<p>Pohjoinen Hesperiankatu 17 C,<\/p>\n<p>+358 (0)10 414 00.<\/p>\n<h2><span style=\"font-size: 14pt; color: #0090cc;\">PHARMACY<\/span><\/h2>\n<p>There are a number of pharmacies around the city. Look for the sign \u201cApteekki\u201d, which means pharmacy in Finnish. Yliopiston Apteekki at Mannerheimintie 96 is open 24\/7.<\/p>\n<h2><span style=\"font-size: 14pt; color: #0090cc;\">POSTAL SERVICES<\/span><\/h2>\n<p>Post offices are open from 9:00 to18:00 (some offices are open until 20:00) from Monday to Friday. Yellow mailboxes are available for collections on weekdays. Stamps can be purchased at post offices, bookstores, newsagents, kiosks, and hotels. Helsinki General Post Office, Elielinaukio 2 F.<\/p>\n<h2><span style=\"font-size: 14pt; color: #0090cc;\">SMOKING<\/span><\/h2>\n<p>The Finnish law, in accordance with regulations in force in the majority of European countries, does not allow smoking in public areas like hotels, restaurants, bars, discos, shops, offices and in public transportation unless there is a designated smoking area.<\/p>\n<h2><span style=\"font-size: 14pt; color: #0090cc;\">TAP WATER<\/span><\/h2>\n<p>According to UNESCO\u2019s World Water Development Report, the water in Finland is the cleanest in the world. So, it is safe to drink tap water in Finland.<\/p>\n<h2><span style=\"font-size: 14pt; color: #0090cc;\">TAX REFUND<\/span><\/h2>\n<p>Citizens of non-European countries are eligible for tax-free returns upon leaving EU territory. Purchases must be made in shops displaying the Tax-Free Shopping sign. The minimum total sum of purchased goods must be \u20ac40.<\/p>\n<h2><span style=\"font-size: 14pt; color: #0090cc;\">TIME ZONE<\/span><\/h2>\n<p>The time zone in Helsinki is Eastern European Time (EET), 2 hours ahead of Greenwich Mean Time (GMT+2).<\/p>\n<h2><span style=\"font-size: 14pt; color: #0090cc;\">TIPPING<\/span><\/h2>\n<p>Tipping is not expected in Finland and a service charge is added in hotels and restaurants. Finnish people do tip (max 10%) only if they wish to appreciate good service or delicious food. It is not obligatory to give a tip to the taxi drivers.<\/p>\n<h2><span style=\"font-size: 14pt; color: #0090cc;\">WI-FI<\/span><\/h2>\n<p>For free WiFi, you can connect to \u201cHelsinki City Open Wlan\u201d. There are plenty of hotspots available in the city center and at harbors. You can also connect your laptop or mobile phone to a wireless network in many places throughout the city center e.g. in several cafes, restaurants, and libraries. In addition, most hotels offer their guests a free internet connection. For the international research and education community, it is possible to use the Eduroam service while in Helsinki. At the airport connect to HEL Free Wifi.<\/p>\n<h2><span style=\"font-size: 14pt; color: #0090cc;\">TOURIST INFORMATION<\/span><\/h2>\n<p>Free tourism information about the city, sights, events, and services including a wide range of brochures and maps all year round:<\/p>\n<p>Helsinki Tourist Information<\/p>\n<p>Central Railway Station, Kaivokatu 1<\/p>\n<p>Open daily<\/p>\n<p>&nbsp;<\/p>\n<p>On top of this, you can check the inspirational MyHelsinki and VisitEspoo sites for more information:<\/p>\n<p><a href=\"https:\/\/www.visitespoo.fi\/en\/\"><span style=\"color: #0090cc;\">https:\/\/www.visitespoo.fi\/en\/<\/span><\/a><\/p>\n<p><span style=\"color: #0090cc;\"><a style=\"color: #0090cc;\" href=\"https:\/\/www.myhelsinki.fi\/en\">https:\/\/www.myhelsinki.fi\/en<\/a><\/span><\/p>\n","protected":false},"excerpt":{"rendered":"<p>CLIMATE Helsinki and Espoo\u2019s climate combines characteristics of both a maritime and a continental climate. The proximity of the Arctic Ocean and the North Atlantic creates cold weather, while the Gulf Stream brings in warmer air. Summer in Helsinki &amp; Espoo is bright. Days are at their longest in the second half of June when [&hellip;]<\/p>\n","protected":false},"author":91,"featured_media":0,"parent":0,"menu_order":0,"comment_status":"closed","ping_status":"closed","template":"","meta":{"ngg_post_thumbnail":0},"acf":[],"yoast_head":"<!-- This site is optimized with the Yoast SEO plugin v20.12 - https:\/\/yoast.com\/wordpress\/plugins\/seo\/ -->\n<title>Practical Information - EAA Congress 2023<\/title>\n<meta name=\"robots\" content=\"noindex, follow, max-snippet:-1, max-image-preview:large, max-video-preview:-1\" \/>\n<meta property=\"og:locale\" content=\"en_US\" \/>\n<meta property=\"og:type\" content=\"article\" \/>\n<meta property=\"og:title\" content=\"Practical Information - EAA Congress 2023\" \/>\n<meta property=\"og:description\" content=\"CLIMATE Helsinki and Espoo\u2019s climate combines characteristics of both a maritime and a continental climate. The proximity of the Arctic Ocean and the North Atlantic creates cold weather, while the Gulf Stream brings in warmer air. Summer in Helsinki &amp; Espoo is bright. Days are at their longest in the second half of June when [&hellip;]\" \/>\n<meta property=\"og:url\" content=\"https:\/\/eaa-online.org\/congress-2023\/general-information\/\" \/>\n<meta property=\"og:site_name\" content=\"EAA Congress 2023\" \/>\n<meta property=\"article:modified_time\" content=\"2022-06-07T12:57:37+00:00\" \/>\n<meta name=\"twitter:card\" content=\"summary_large_image\" \/>\n<meta name=\"twitter:label1\" content=\"Est. reading time\" \/>\n\t<meta name=\"twitter:data1\" content=\"2 minutes\" \/>\n<script type=\"application\/ld+json\" class=\"yoast-schema-graph\">{\"@context\":\"https:\/\/schema.org\",\"@graph\":[{\"@type\":\"WebPage\",\"@id\":\"https:\/\/eaa-online.org\/congress-2023\/general-information\/\",\"url\":\"https:\/\/eaa-online.org\/congress-2023\/general-information\/\",\"name\":\"Practical Information - EAA Congress 2023\",\"isPartOf\":{\"@id\":\"https:\/\/eaa-online.org\/congress-2023\/#website\"},\"datePublished\":\"2021-08-23T13:59:58+00:00\",\"dateModified\":\"2022-06-07T12:57:37+00:00\",\"inLanguage\":\"en-US\",\"potentialAction\":[{\"@type\":\"ReadAction\",\"target\":[\"https:\/\/eaa-online.org\/congress-2023\/general-information\/\"]}]},{\"@type\":\"WebSite\",\"@id\":\"https:\/\/eaa-online.org\/congress-2023\/#website\",\"url\":\"https:\/\/eaa-online.org\/congress-2023\/\",\"name\":\"EAA Congress 2023\",\"description\":\"Just another EAA Sites site\",\"potentialAction\":[{\"@type\":\"SearchAction\",\"target\":{\"@type\":\"EntryPoint\",\"urlTemplate\":\"https:\/\/eaa-online.org\/congress-2023\/?s={search_term_string}\"},\"query-input\":\"required name=search_term_string\"}],\"inLanguage\":\"en-US\"}]}<\/script>\n<!-- \/ Yoast SEO plugin. -->","yoast_head_json":{"title":"Practical Information - EAA Congress 2023","robots":{"index":"noindex","follow":"follow","max-snippet":"max-snippet:-1","max-image-preview":"max-image-preview:large","max-video-preview":"max-video-preview:-1"},"og_locale":"en_US","og_type":"article","og_title":"Practical Information - EAA Congress 2023","og_description":"CLIMATE Helsinki and Espoo\u2019s climate combines characteristics of both a maritime and a continental climate. The proximity of the Arctic Ocean and the North Atlantic creates cold weather, while the Gulf Stream brings in warmer air. Summer in Helsinki &amp; Espoo is bright. Days are at their longest in the second half of June when [&hellip;]","og_url":"https:\/\/eaa-online.org\/congress-2023\/general-information\/","og_site_name":"EAA Congress 2023","article_modified_time":"2022-06-07T12:57:37+00:00","twitter_card":"summary_large_image","twitter_misc":{"Est. reading time":"2 minutes"},"schema":{"@context":"https:\/\/schema.org","@graph":[{"@type":"WebPage","@id":"https:\/\/eaa-online.org\/congress-2023\/general-information\/","url":"https:\/\/eaa-online.org\/congress-2023\/general-information\/","name":"Practical Information - EAA Congress 2023","isPartOf":{"@id":"https:\/\/eaa-online.org\/congress-2023\/#website"},"datePublished":"2021-08-23T13:59:58+00:00","dateModified":"2022-06-07T12:57:37+00:00","inLanguage":"en-US","potentialAction":[{"@type":"ReadAction","target":["https:\/\/eaa-online.org\/congress-2023\/general-information\/"]}]},{"@type":"WebSite","@id":"https:\/\/eaa-online.org\/congress-2023\/#website","url":"https:\/\/eaa-online.org\/congress-2023\/","name":"EAA Congress 2023","description":"Just another EAA Sites site","potentialAction":[{"@type":"SearchAction","target":{"@type":"EntryPoint","urlTemplate":"https:\/\/eaa-online.org\/congress-2023\/?s={search_term_string}"},"query-input":"required name=search_term_string"}],"inLanguage":"en-US"}]}},"_links":{"self":[{"href":"https:\/\/eaa-online.org\/congress-2023\/wp-json\/wp\/v2\/pages\/178"}],"collection":[{"href":"https:\/\/eaa-online.org\/congress-2023\/wp-json\/wp\/v2\/pages"}],"about":[{"href":"https:\/\/eaa-online.org\/congress-2023\/wp-json\/wp\/v2\/types\/page"}],"author":[{"embeddable":true,"href":"https:\/\/eaa-online.org\/congress-2023\/wp-json\/wp\/v2\/users\/91"}],"replies":[{"embeddable":true,"href":"https:\/\/eaa-online.org\/congress-2023\/wp-json\/wp\/v2\/comments?post=178"}],"version-history":[{"count":10,"href":"https:\/\/eaa-online.org\/congress-2023\/wp-json\/wp\/v2\/pages\/178\/revisions"}],"predecessor-version":[{"id":1280,"href":"https:\/\/eaa-online.org\/congress-2023\/wp-json\/wp\/v2\/pages\/178\/revisions\/1280"}],"wp:attachment":[{"href":"https:\/\/eaa-online.org\/congress-2023\/wp-json\/wp\/v2\/media?parent=178"}],"curies":[{"name":"wp","href":"https:\/\/api.w.org\/{rel}","templated":true}]}}