{"id":180,"date":"2021-08-23T14:00:17","date_gmt":"2021-08-23T14:00:17","guid":{"rendered":"https:\/\/eaa-online.org\/congress-2023\/?page_id=180"},"modified":"2022-10-19T13:30:23","modified_gmt":"2022-10-19T13:30:23","slug":"organisers","status":"publish","type":"page","link":"https:\/\/eaa-online.org\/congress-2023\/organisers\/","title":{"rendered":"Organisers"},"content":{"rendered":"<table border=\"0\" width=\"700\" cellspacing=\"25\" cellpadding=\"1\">\n<tbody>\n<tr>\n<td align=\"left\" valign=\"top\" width=\"50%\">\n<h1><span style=\"font-size: 12pt;\">Local Organising Committee<\/span><\/h1>\n<p>Seppo Ik\u00e4heimo, <em>Chair<\/em><\/p>\n<p>Jari Huikku, <em>Deputy Chair<\/em><\/p>\n<p>Vikash Kumar Sinha, <em>General Secretary<\/em><\/p>\n<p>David Derichs, <em>Treasurer<\/em><\/p>\n<p>Juhani Vaivio, <em>Member<\/em><\/p>\n<p>Jukka Sihvonen, <em>Member<\/em><\/p>\n<p>Bianca Beyer, Member<\/p>\n<p>Stina M\u00e4kel\u00e4-Korhonen,&nbsp;<em>Member<\/em><\/td>\n<td><strong>EAA<\/strong><\/p>\n<p>Rue du Foss\u00e9 aux Loups 38<br \/>\n1000 Brussels &#8211; Belgium<\/p>\n<p>Phone: +32 2 226 66 60<br \/>\nFax : +32 2 512 19 29<br \/>\nWebsite:&nbsp;<span style=\"color: #0090cc;\"><a style=\"color: #0090cc;\" href=\"http:\/\/www.eaa-online.org\/\" target=\"_blank\" rel=\"noopener\">www.eaa-online.org<\/a><\/span><\/p>\n<p><span style=\"color: #000000;\"><u>Contact persons<\/u>:<\/span><\/p>\n<p>For&nbsp;<strong><span style=\"color: #000000;\">paper submissions&nbsp;<\/span><\/strong>and general&nbsp;information:<\/p>\n<p>Baha DIYAROV (<a href=\"mailto:baha.diyarov@eiasm.be\"><span style=\"color: #0090cc;\">baha.diyarov@eiasm.be<\/span><\/a>)<\/p>\n<p>For&nbsp;<span style=\"color: #000000;\"><strong>conference registrations<\/strong>:<\/span><\/p>\n<p>Marion HEBBELYNCK (<span style=\"color: #0090cc;\"><a style=\"color: #0090cc;\" href=\"mailto:hebbelynck@eiasm.be\">hebbelynck@eiasm.be<\/a><\/span>)<br \/>\n&nbsp;<\/td>\n<\/tr>\n<\/tbody>\n<\/table>\n","protected":false},"excerpt":{"rendered":"<p>Local Organising Committee Seppo Ik\u00e4heimo, Chair Jari Huikku, Deputy Chair Vikash Kumar Sinha, General Secretary David Derichs, Treasurer Juhani Vaivio, Member Jukka Sihvonen, Member Bianca Beyer, Member Stina M\u00e4kel\u00e4-Korhonen,&nbsp;Member EAA Rue du Foss\u00e9 aux Loups 38 1000 Brussels &#8211; Belgium Phone: +32 2 226 66 60 Fax : +32 2 512 19 29 Website:&nbsp;www.eaa-online.org Contact [&hellip;]<\/p>\n","protected":false},"author":91,"featured_media":0,"parent":0,"menu_order":0,"comment_status":"closed","ping_status":"closed","template":"","meta":{"ngg_post_thumbnail":0},"acf":[],"yoast_head":"<!-- This site is optimized with the Yoast SEO plugin v20.12 - https:\/\/yoast.com\/wordpress\/plugins\/seo\/ -->\n<title>Organisers - EAA Congress 2023<\/title>\n<meta name=\"robots\" content=\"noindex, follow, max-snippet:-1, max-image-preview:large, max-video-preview:-1\" \/>\n<meta property=\"og:locale\" content=\"en_US\" \/>\n<meta property=\"og:type\" content=\"article\" \/>\n<meta property=\"og:title\" content=\"Organisers - EAA Congress 2023\" \/>\n<meta property=\"og:description\" content=\"Local Organising Committee Seppo Ik\u00e4heimo, Chair Jari Huikku, Deputy Chair Vikash Kumar Sinha, General Secretary David Derichs, Treasurer Juhani Vaivio, Member Jukka Sihvonen, Member Bianca Beyer, Member Stina M\u00e4kel\u00e4-Korhonen,&nbsp;Member EAA Rue du Foss\u00e9 aux Loups 38 1000 Brussels &#8211; Belgium Phone: +32 2 226 66 60 Fax : +32 2 512 19 29 Website:&nbsp;www.eaa-online.org Contact [&hellip;]\" \/>\n<meta property=\"og:url\" content=\"https:\/\/eaa-online.org\/congress-2023\/organisers\/\" \/>\n<meta property=\"og:site_name\" content=\"EAA Congress 2023\" \/>\n<meta property=\"article:modified_time\" content=\"2022-10-19T13:30:23+00:00\" \/>\n<meta name=\"twitter:card\" content=\"summary_large_image\" \/>\n<meta name=\"twitter:label1\" content=\"Est. reading time\" \/>\n\t<meta name=\"twitter:data1\" content=\"1 minute\" \/>\n<script type=\"application\/ld+json\" class=\"yoast-schema-graph\">{\"@context\":\"https:\/\/schema.org\",\"@graph\":[{\"@type\":\"WebPage\",\"@id\":\"https:\/\/eaa-online.org\/congress-2023\/organisers\/\",\"url\":\"https:\/\/eaa-online.org\/congress-2023\/organisers\/\",\"name\":\"Organisers - EAA Congress 2023\",\"isPartOf\":{\"@id\":\"https:\/\/eaa-online.org\/congress-2023\/#website\"},\"datePublished\":\"2021-08-23T14:00:17+00:00\",\"dateModified\":\"2022-10-19T13:30:23+00:00\",\"inLanguage\":\"en-US\",\"potentialAction\":[{\"@type\":\"ReadAction\",\"target\":[\"https:\/\/eaa-online.org\/congress-2023\/organisers\/\"]}]},{\"@type\":\"WebSite\",\"@id\":\"https:\/\/eaa-online.org\/congress-2023\/#website\",\"url\":\"https:\/\/eaa-online.org\/congress-2023\/\",\"name\":\"EAA Congress 2023\",\"description\":\"Just another EAA Sites site\",\"potentialAction\":[{\"@type\":\"SearchAction\",\"target\":{\"@type\":\"EntryPoint\",\"urlTemplate\":\"https:\/\/eaa-online.org\/congress-2023\/?s={search_term_string}\"},\"query-input\":\"required name=search_term_string\"}],\"inLanguage\":\"en-US\"}]}<\/script>\n<!-- \/ Yoast SEO plugin. -->","yoast_head_json":{"title":"Organisers - EAA Congress 2023","robots":{"index":"noindex","follow":"follow","max-snippet":"max-snippet:-1","max-image-preview":"max-image-preview:large","max-video-preview":"max-video-preview:-1"},"og_locale":"en_US","og_type":"article","og_title":"Organisers - EAA Congress 2023","og_description":"Local Organising Committee Seppo Ik\u00e4heimo, Chair Jari Huikku, Deputy Chair Vikash Kumar Sinha, General Secretary David Derichs, Treasurer Juhani Vaivio, Member Jukka Sihvonen, Member Bianca Beyer, Member Stina M\u00e4kel\u00e4-Korhonen,&nbsp;Member EAA Rue du Foss\u00e9 aux Loups 38 1000 Brussels &#8211; Belgium Phone: +32 2 226 66 60 Fax : +32 2 512 19 29 Website:&nbsp;www.eaa-online.org Contact [&hellip;]","og_url":"https:\/\/eaa-online.org\/congress-2023\/organisers\/","og_site_name":"EAA Congress 2023","article_modified_time":"2022-10-19T13:30:23+00:00","twitter_card":"summary_large_image","twitter_misc":{"Est. reading time":"1 minute"},"schema":{"@context":"https:\/\/schema.org","@graph":[{"@type":"WebPage","@id":"https:\/\/eaa-online.org\/congress-2023\/organisers\/","url":"https:\/\/eaa-online.org\/congress-2023\/organisers\/","name":"Organisers - EAA Congress 2023","isPartOf":{"@id":"https:\/\/eaa-online.org\/congress-2023\/#website"},"datePublished":"2021-08-23T14:00:17+00:00","dateModified":"2022-10-19T13:30:23+00:00","inLanguage":"en-US","potentialAction":[{"@type":"ReadAction","target":["https:\/\/eaa-online.org\/congress-2023\/organisers\/"]}]},{"@type":"WebSite","@id":"https:\/\/eaa-online.org\/congress-2023\/#website","url":"https:\/\/eaa-online.org\/congress-2023\/","name":"EAA Congress 2023","description":"Just another EAA Sites site","potentialAction":[{"@type":"SearchAction","target":{"@type":"EntryPoint","urlTemplate":"https:\/\/eaa-online.org\/congress-2023\/?s={search_term_string}"},"query-input":"required name=search_term_string"}],"inLanguage":"en-US"}]}},"_links":{"self":[{"href":"https:\/\/eaa-online.org\/congress-2023\/wp-json\/wp\/v2\/pages\/180"}],"collection":[{"href":"https:\/\/eaa-online.org\/congress-2023\/wp-json\/wp\/v2\/pages"}],"about":[{"href":"https:\/\/eaa-online.org\/congress-2023\/wp-json\/wp\/v2\/types\/page"}],"author":[{"embeddable":true,"href":"https:\/\/eaa-online.org\/congress-2023\/wp-json\/wp\/v2\/users\/91"}],"replies":[{"embeddable":true,"href":"https:\/\/eaa-online.org\/congress-2023\/wp-json\/wp\/v2\/comments?post=180"}],"version-history":[{"count":11,"href":"https:\/\/eaa-online.org\/congress-2023\/wp-json\/wp\/v2\/pages\/180\/revisions"}],"predecessor-version":[{"id":1366,"href":"https:\/\/eaa-online.org\/congress-2023\/wp-json\/wp\/v2\/pages\/180\/revisions\/1366"}],"wp:attachment":[{"href":"https:\/\/eaa-online.org\/congress-2023\/wp-json\/wp\/v2\/media?parent=180"}],"curies":[{"name":"wp","href":"https:\/\/api.w.org\/{rel}","templated":true}]}}