{"id":132,"date":"2021-08-23T13:43:28","date_gmt":"2021-08-23T13:43:28","guid":{"rendered":"https:\/\/eaa-online.org\/congress-2026\/?page_id=132"},"modified":"2026-04-15T11:08:31","modified_gmt":"2026-04-15T11:08:31","slug":"programme-outline","status":"publish","type":"page","link":"https:\/\/eaa-online.org\/congress-2026\/programme-outline\/","title":{"rendered":"Programme Outline in Brief"},"content":{"rendered":"<p><span style=\"color: #0090cc\"><strong>Sunday, 24<sup>th<\/sup> May &#8211; Tuesday, 26<sup>th<\/sup> May 2026<\/strong><\/span><\/p>\n<p style=\"padding-left: 40px\">EAA Doctoral Colloquium<\/p>\n<p><span style=\"color: #0090cc\"><strong>Tuesday, 26<sup>th<\/sup> May 2026<\/strong><\/span><\/p>\n<p style=\"padding-left: 80px\"><strong>17:00-20:00<\/strong> Registrations&nbsp;&nbsp;<\/p>\n<p style=\"padding-left: 40px\"><strong>13:30-17:30<\/strong> <a href=\"https:\/\/eaa-online.org\/congress-2026\/hackathon-program\/\">Hackathon 2026<\/a> (IB202 Quattro Modulare)<\/p>\n<p style=\"padding-left: 40px\"><strong>18:00-20:00<\/strong> Early Bird Reception (RB Atrium)<\/p>\n<p><span style=\"color: #0090cc\"><strong>Wednesday, 27<sup>th<\/sup> May 2026<br \/>\n<\/strong><\/span><\/p>\n<p style=\"padding-left: 80px\"><strong>08:00-19:00<\/strong>&nbsp; Registrations<\/p>\n<p style=\"padding-left: 40px\"><strong>08:15-12:30<\/strong> <a href=\"https:\/\/eaa-online.org\/congress-2026\/phd-forum\/\">EAA PhD Forum<\/a> (RB 101)<\/p>\n<p style=\"padding-left: 40px\"><strong>09:00-12:30<\/strong> IFRS Foundation Workshop (NB A)<\/p>\n<p style=\"padding-left: 40px\"><strong>12:00-13:00<\/strong> First-time attendee welcome meeting (IB202 Quattro Modulare)<\/p>\n<p style=\"padding-left: 40px\"><strong>13:00-14:30<\/strong> Opening Session (Vencovsk\u00e9ho Auditorium &amp; streaming to RB101 &amp; Like\u0161ova Aula)<\/p>\n<p style=\"padding-left: 80px\"><strong>14:30-15:00<\/strong> <em>Coffee Break&nbsp;<\/em>(RB Atrium &amp; SB Coworking area)<\/p>\n<p style=\"padding-left: 40px\"><strong>15:00-16:30<\/strong> Parallel Sessions &amp; Symposium 1 (RB 101)<\/p>\n<p style=\"padding-left: 80px\"><strong>16:30-17:00<\/strong> <em>Coffee Break <\/em>(RB Atrium &amp; SB Coworking area)<\/p>\n<p style=\"padding-left: 40px\"><strong>17:00-18:30<\/strong> Parallel Sessions &amp; Symposium 2 (RB 101)<\/p>\n<p style=\"padding-left: 40px\"><strong>19:30-21:30<\/strong> Welcome Reception (The National Museum)<\/p>\n<p><span style=\"color: #0090cc\"><strong>Thursday, 28<sup>th<\/sup> May 2026<\/strong><\/span><\/p>\n<p style=\"padding-left: 80px\"><strong>08:00-18:00<\/strong>&nbsp; Registrations<\/p>\n<p style=\"padding-left: 40px\"><strong>09:00-10:30<\/strong> Parallel Sessions &amp; Symposium 3 (RB 101)<\/p>\n<p style=\"padding-left: 80px\"><strong>10:30-11:00<\/strong> <em>Coffee Break&nbsp;<\/em>(RB Atrium &amp; SB Coworking area)<\/p>\n<p style=\"padding-left: 40px\"><strong>11:00-12:30<\/strong> Parallel Sessions &amp; Symposium 4 (RB 101)<\/p>\n<p style=\"padding-left: 80px\"><strong>12:30-14:00<\/strong> <em>Buffet Lunch<\/em><\/p>\n<p style=\"padding-left: 40px\"><strong>14:00-15:30<\/strong> Parallel Sessions &amp; Symposium 5 (RB 101)<\/p>\n<p style=\"padding-left: 80px\"><strong>15:30-16:00<\/strong> <em>Coffee Break&nbsp;<\/em>(RB Atrium &amp; SB Coworking area)<\/p>\n<p style=\"padding-left: 40px\"><strong>16:00-17:30<\/strong> Parallel Sessions &amp; Symposium 6 (RB 101)<\/p>\n<p><span style=\"color: #0090cc\"><strong>Friday, 29<sup>th<\/sup> May 2026<br \/>\n<\/strong><\/span><\/p>\n<p style=\"padding-left: 80px\"><strong>08:00-14:00<\/strong>&nbsp; Registrations<\/p>\n<p style=\"padding-left: 40px\"><strong>08:00-08:50<\/strong> EAA General Assembly<\/p>\n<p style=\"padding-left: 40px\"><strong>09:00-10:30<\/strong> Parallel Sessions &amp; Symposium 7 (RB 101)<\/p>\n<p style=\"padding-left: 80px\"><strong>10:30-11:00<\/strong> <em>Coffee Break&nbsp;<\/em>(RB Atrium &amp; SB Coworking area)<\/p>\n<p style=\"padding-left: 40px\"><strong>11:00-12:30<\/strong> Parallel Sessions &amp; Symposium 8 (RB 101)<\/p>\n<p style=\"padding-left: 80px\"><strong>12:30-14:00<\/strong> <em>Buffet Lunch&nbsp;<\/em>(RB Atrium &amp; SB Coworking area)<\/p>\n<p style=\"padding-left: 40px\"><strong>14:00-15:30<\/strong> Parallel Sessions &amp; Symposium 9 (RB 101)<\/p>\n<p style=\"padding-left: 40px\"><strong>15:30-16:30 <\/strong>First-time attendee closing meeting (IB202 Quattro Modulare)<\/p>\n<p style=\"padding-left: 40px\"><strong>19:00-00:00<\/strong> Gala Dinner (The Municipal House)<\/p>\n<p>&nbsp;<\/p>\n<p><em>Note: RB &#8211; Rajsk\u00e1 Budova (Rajsk\u00e1 Building), SB &#8211; Star\u00e1 budova (Old Building), NB &#8211; Nov\u00e1 budova (New Building)<\/em><\/p>\n","protected":false},"excerpt":{"rendered":"<p>Sunday, 24th May &#8211; Tuesday, 26th May 2026 EAA Doctoral Colloquium Tuesday, 26th May 2026 17:00-20:00 Registrations&nbsp;&nbsp; 13:30-17:30 Hackathon 2026 (IB202 Quattro Modulare) 18:00-20:00 Early Bird Reception (RB Atrium) Wednesday, 27th May 2026 08:00-19:00&nbsp; Registrations 08:15-12:30 EAA PhD Forum (RB 101) 09:00-12:30 IFRS Foundation Workshop (NB A) 12:00-13:00 First-time attendee welcome meeting (IB202 Quattro Modulare) [&hellip;]<\/p>\n","protected":false},"author":91,"featured_media":0,"parent":0,"menu_order":0,"comment_status":"closed","ping_status":"closed","template":"","meta":{"ngg_post_thumbnail":0},"acf":[],"yoast_head":"<!-- This site is optimized with the Yoast SEO plugin v20.12 - https:\/\/yoast.com\/wordpress\/plugins\/seo\/ -->\n<title>Programme Outline in Brief - Congress 2026<\/title>\n<meta name=\"robots\" content=\"noindex, follow, max-snippet:-1, max-image-preview:large, max-video-preview:-1\" \/>\n<meta property=\"og:locale\" content=\"en_US\" \/>\n<meta property=\"og:type\" content=\"article\" \/>\n<meta property=\"og:title\" content=\"Programme Outline in Brief - Congress 2026\" \/>\n<meta property=\"og:description\" content=\"Sunday, 24th May &#8211; Tuesday, 26th May 2026 EAA Doctoral Colloquium Tuesday, 26th May 2026 17:00-20:00 Registrations&nbsp;&nbsp; 13:30-17:30 Hackathon 2026 (IB202 Quattro Modulare) 18:00-20:00 Early Bird Reception (RB Atrium) Wednesday, 27th May 2026 08:00-19:00&nbsp; Registrations 08:15-12:30 EAA PhD Forum (RB 101) 09:00-12:30 IFRS Foundation Workshop (NB A) 12:00-13:00 First-time attendee welcome meeting (IB202 Quattro Modulare) [&hellip;]\" \/>\n<meta property=\"og:url\" content=\"https:\/\/eaa-online.org\/congress-2026\/programme-outline\/\" \/>\n<meta property=\"og:site_name\" content=\"Congress 2026\" \/>\n<meta property=\"article:modified_time\" content=\"2026-04-15T11:08:31+00:00\" \/>\n<meta name=\"twitter:card\" content=\"summary_large_image\" \/>\n<meta name=\"twitter:label1\" content=\"Est. reading time\" \/>\n\t<meta name=\"twitter:data1\" content=\"2 minutes\" \/>\n<script type=\"application\/ld+json\" class=\"yoast-schema-graph\">{\"@context\":\"https:\/\/schema.org\",\"@graph\":[{\"@type\":\"WebPage\",\"@id\":\"https:\/\/eaa-online.org\/congress-2026\/programme-outline\/\",\"url\":\"https:\/\/eaa-online.org\/congress-2026\/programme-outline\/\",\"name\":\"Programme Outline in Brief - Congress 2026\",\"isPartOf\":{\"@id\":\"https:\/\/eaa-online.org\/congress-2026\/#website\"},\"datePublished\":\"2021-08-23T13:43:28+00:00\",\"dateModified\":\"2026-04-15T11:08:31+00:00\",\"inLanguage\":\"en-US\",\"potentialAction\":[{\"@type\":\"ReadAction\",\"target\":[\"https:\/\/eaa-online.org\/congress-2026\/programme-outline\/\"]}]},{\"@type\":\"WebSite\",\"@id\":\"https:\/\/eaa-online.org\/congress-2026\/#website\",\"url\":\"https:\/\/eaa-online.org\/congress-2026\/\",\"name\":\"Congress 2026\",\"description\":\"Just another EAA Sites site\",\"potentialAction\":[{\"@type\":\"SearchAction\",\"target\":{\"@type\":\"EntryPoint\",\"urlTemplate\":\"https:\/\/eaa-online.org\/congress-2026\/?s={search_term_string}\"},\"query-input\":\"required name=search_term_string\"}],\"inLanguage\":\"en-US\"}]}<\/script>\n<!-- \/ Yoast SEO plugin. -->","yoast_head_json":{"title":"Programme Outline in Brief - Congress 2026","robots":{"index":"noindex","follow":"follow","max-snippet":"max-snippet:-1","max-image-preview":"max-image-preview:large","max-video-preview":"max-video-preview:-1"},"og_locale":"en_US","og_type":"article","og_title":"Programme Outline in Brief - Congress 2026","og_description":"Sunday, 24th May &#8211; Tuesday, 26th May 2026 EAA Doctoral Colloquium Tuesday, 26th May 2026 17:00-20:00 Registrations&nbsp;&nbsp; 13:30-17:30 Hackathon 2026 (IB202 Quattro Modulare) 18:00-20:00 Early Bird Reception (RB Atrium) Wednesday, 27th May 2026 08:00-19:00&nbsp; Registrations 08:15-12:30 EAA PhD Forum (RB 101) 09:00-12:30 IFRS Foundation Workshop (NB A) 12:00-13:00 First-time attendee welcome meeting (IB202 Quattro Modulare) [&hellip;]","og_url":"https:\/\/eaa-online.org\/congress-2026\/programme-outline\/","og_site_name":"Congress 2026","article_modified_time":"2026-04-15T11:08:31+00:00","twitter_card":"summary_large_image","twitter_misc":{"Est. reading time":"2 minutes"},"schema":{"@context":"https:\/\/schema.org","@graph":[{"@type":"WebPage","@id":"https:\/\/eaa-online.org\/congress-2026\/programme-outline\/","url":"https:\/\/eaa-online.org\/congress-2026\/programme-outline\/","name":"Programme Outline in Brief - Congress 2026","isPartOf":{"@id":"https:\/\/eaa-online.org\/congress-2026\/#website"},"datePublished":"2021-08-23T13:43:28+00:00","dateModified":"2026-04-15T11:08:31+00:00","inLanguage":"en-US","potentialAction":[{"@type":"ReadAction","target":["https:\/\/eaa-online.org\/congress-2026\/programme-outline\/"]}]},{"@type":"WebSite","@id":"https:\/\/eaa-online.org\/congress-2026\/#website","url":"https:\/\/eaa-online.org\/congress-2026\/","name":"Congress 2026","description":"Just another EAA Sites site","potentialAction":[{"@type":"SearchAction","target":{"@type":"EntryPoint","urlTemplate":"https:\/\/eaa-online.org\/congress-2026\/?s={search_term_string}"},"query-input":"required name=search_term_string"}],"inLanguage":"en-US"}]}},"_links":{"self":[{"href":"https:\/\/eaa-online.org\/congress-2026\/wp-json\/wp\/v2\/pages\/132"}],"collection":[{"href":"https:\/\/eaa-online.org\/congress-2026\/wp-json\/wp\/v2\/pages"}],"about":[{"href":"https:\/\/eaa-online.org\/congress-2026\/wp-json\/wp\/v2\/types\/page"}],"author":[{"embeddable":true,"href":"https:\/\/eaa-online.org\/congress-2026\/wp-json\/wp\/v2\/users\/91"}],"replies":[{"embeddable":true,"href":"https:\/\/eaa-online.org\/congress-2026\/wp-json\/wp\/v2\/comments?post=132"}],"version-history":[{"count":64,"href":"https:\/\/eaa-online.org\/congress-2026\/wp-json\/wp\/v2\/pages\/132\/revisions"}],"predecessor-version":[{"id":2936,"href":"https:\/\/eaa-online.org\/congress-2026\/wp-json\/wp\/v2\/pages\/132\/revisions\/2936"}],"wp:attachment":[{"href":"https:\/\/eaa-online.org\/congress-2026\/wp-json\/wp\/v2\/media?parent=132"}],"curies":[{"name":"wp","href":"https:\/\/api.w.org\/{rel}","templated":true}]}}