{"id":155,"date":"2021-08-23T13:48:30","date_gmt":"2021-08-23T13:48:30","guid":{"rendered":"https:\/\/eaa-online.org\/congress-2026\/?page_id=155"},"modified":"2026-05-02T08:29:36","modified_gmt":"2026-05-02T08:29:36","slug":"prague","status":"publish","type":"page","link":"https:\/\/eaa-online.org\/congress-2026\/prague\/","title":{"rendered":"About Prague"},"content":{"rendered":"<p><em><span style=\"color: #0099cc\">The 48th Annual Congress of the European Accounting Association is financially supported by the City of Prague.<\/span><\/em><\/p>\n<p style=\"text-align: justify\">Prague is the capital city of the Czech Republic and the country\u2019s centre of politics, international relations, education, culture and economy. It is the seat of the state\u2019s supreme legislative, administrative, and political bodies. The population is around 1,275,000 inhabitants.<\/p>\n<p style=\"text-align: justify\">Prague is one of the most iconic historical cities in the world, with hundreds and thousands of churches, palaces, houses and gardens in Romanesque, Gothic, Renaissance, Baroque, Neoclassical, and Art Nouveau styles. Prague is also a home city of otherwise very rare Cubist architecture. Since 1992, the broad historical centre of Prague has been included in the UNESCO List of World Heritage Sites, being the largest urban area on the List.<\/p>\n<p style=\"text-align: justify\">Among the famous sights, Prague Castle, Lesser Town, Charles Bridge, Old Town Square with its astronomical clock, the Jewish Quarter, New Town and Vy\u0161ehrad are worth mentioning at least. Other places worth visiting are Pet\u0159\u00edn Tower, the ZOO (ranked among the top ten in the world), the Kingdom of Railways (with train models covering more than 600 m\u00b2) and the Museum of Bricks (home to the world&#8217;s largest private Lego collection). Close to the V\u0160E campus, we recommend visiting the \u017di\u017ekov TV Tower, which has an observation deck offering magnificent views of Prague.<\/p>\n<p><strong><span style=\"color: #0099cc\">Passionate about Prague?<\/span><\/strong><\/p>\n<p style=\"padding-left: 40px\">1) Get the <a href=\"https:\/\/praguevisitorpass.eu\/\" target=\"_blank\" rel=\"noopener\">Prague Visitor Pass<\/a>! One card, endless experience!<\/p>\n<p><iframe loading=\"lazy\" title=\"Enjoy Prague to the fullest with the Prague Visitor Pass\" width=\"500\" height=\"281\" src=\"https:\/\/www.youtube.com\/embed\/wVxJrR02gKs?feature=oembed\" frameborder=\"0\" allow=\"accelerometer; autoplay; clipboard-write; encrypted-media; gyroscope; picture-in-picture; web-share\" referrerpolicy=\"strict-origin-when-cross-origin\" allowfullscreen><\/iframe><\/p>\n<p style=\"padding-left: 40px\">2) Get the <a href=\"https:\/\/prague.eu\/en\/playing-prague\/\" target=\"_blank\" rel=\"noopener\">playing prague<\/a> mobile game<\/p>\n<div style=\"width: 1920px;\" class=\"wp-video\"><!--[if lt IE 9]><script>document.createElement('video');<\/script><![endif]-->\n<video class=\"wp-video-shortcode\" id=\"video-155-1\" width=\"1920\" height=\"1080\" poster=\"https:\/\/eaa-online.org\/app\/uploads\/sites\/80\/2026\/05\/game-02.jpg\" preload=\"auto\" controls=\"controls\"><source type=\"video\/mp4\" src=\"https:\/\/eaa-online.org\/app\/uploads\/sites\/80\/2026\/05\/Playing-Prague-Game-web.mp4?_=1\" \/><a href=\"https:\/\/eaa-online.org\/app\/uploads\/sites\/80\/2026\/05\/Playing-Prague-Game-web.mp4\">https:\/\/eaa-online.org\/app\/uploads\/sites\/80\/2026\/05\/Playing-Prague-Game-web.mp4<\/a><\/video><\/div>\n<p>&nbsp;<\/p>\n<p style=\"padding-left: 40px\">3) Visit <strong><a href=\"https:\/\/prague.eu\/en\/\" target=\"_blank\" rel=\"noopener\">Prague City Tourism<\/a><\/strong> offical website to see more tips<\/p>\n","protected":false},"excerpt":{"rendered":"<p>The 48th Annual Congress of the European Accounting Association is financially supported by the City of Prague. Prague is the capital city of the Czech Republic and the country\u2019s centre of politics, international relations, education, culture and economy. It is the seat of the state\u2019s supreme legislative, administrative, and political bodies. The population is around [&hellip;]<\/p>\n","protected":false},"author":91,"featured_media":0,"parent":0,"menu_order":0,"comment_status":"closed","ping_status":"closed","template":"","meta":{"ngg_post_thumbnail":0},"acf":[],"yoast_head":"<!-- This site is optimized with the Yoast SEO plugin v20.12 - https:\/\/yoast.com\/wordpress\/plugins\/seo\/ -->\n<title>About Prague - Congress 2026<\/title>\n<meta name=\"robots\" content=\"index, follow, max-snippet:-1, max-image-preview:large, max-video-preview:-1\" \/>\n<link rel=\"canonical\" href=\"https:\/\/eaa-online.org\/congress-2026\/prague\/\" \/>\n<meta property=\"og:locale\" content=\"en_US\" \/>\n<meta property=\"og:type\" content=\"article\" \/>\n<meta property=\"og:title\" content=\"About Prague - Congress 2026\" \/>\n<meta property=\"og:description\" content=\"The 48th Annual Congress of the European Accounting Association is financially supported by the City of Prague. Prague is the capital city of the Czech Republic and the country\u2019s centre of politics, international relations, education, culture and economy. It is the seat of the state\u2019s supreme legislative, administrative, and political bodies. The population is around [&hellip;]\" \/>\n<meta property=\"og:url\" content=\"https:\/\/eaa-online.org\/congress-2026\/prague\/\" \/>\n<meta property=\"og:site_name\" content=\"Congress 2026\" \/>\n<meta property=\"article:modified_time\" content=\"2026-05-02T08:29:36+00:00\" \/>\n<meta name=\"twitter:card\" content=\"summary_large_image\" \/>\n<meta name=\"twitter:label1\" content=\"Est. reading time\" \/>\n\t<meta name=\"twitter:data1\" content=\"2 minutes\" \/>\n<script type=\"application\/ld+json\" class=\"yoast-schema-graph\">{\"@context\":\"https:\/\/schema.org\",\"@graph\":[{\"@type\":\"WebPage\",\"@id\":\"https:\/\/eaa-online.org\/congress-2026\/prague\/\",\"url\":\"https:\/\/eaa-online.org\/congress-2026\/prague\/\",\"name\":\"About Prague - Congress 2026\",\"isPartOf\":{\"@id\":\"https:\/\/eaa-online.org\/congress-2026\/#website\"},\"datePublished\":\"2021-08-23T13:48:30+00:00\",\"dateModified\":\"2026-05-02T08:29:36+00:00\",\"inLanguage\":\"en-US\",\"potentialAction\":[{\"@type\":\"ReadAction\",\"target\":[\"https:\/\/eaa-online.org\/congress-2026\/prague\/\"]}]},{\"@type\":\"WebSite\",\"@id\":\"https:\/\/eaa-online.org\/congress-2026\/#website\",\"url\":\"https:\/\/eaa-online.org\/congress-2026\/\",\"name\":\"Congress 2026\",\"description\":\"Just another EAA Sites site\",\"potentialAction\":[{\"@type\":\"SearchAction\",\"target\":{\"@type\":\"EntryPoint\",\"urlTemplate\":\"https:\/\/eaa-online.org\/congress-2026\/?s={search_term_string}\"},\"query-input\":\"required name=search_term_string\"}],\"inLanguage\":\"en-US\"}]}<\/script>\n<!-- \/ Yoast SEO plugin. -->","yoast_head_json":{"title":"About Prague - Congress 2026","robots":{"index":"index","follow":"follow","max-snippet":"max-snippet:-1","max-image-preview":"max-image-preview:large","max-video-preview":"max-video-preview:-1"},"canonical":"https:\/\/eaa-online.org\/congress-2026\/prague\/","og_locale":"en_US","og_type":"article","og_title":"About Prague - Congress 2026","og_description":"The 48th Annual Congress of the European Accounting Association is financially supported by the City of Prague. Prague is the capital city of the Czech Republic and the country\u2019s centre of politics, international relations, education, culture and economy. It is the seat of the state\u2019s supreme legislative, administrative, and political bodies. The population is around [&hellip;]","og_url":"https:\/\/eaa-online.org\/congress-2026\/prague\/","og_site_name":"Congress 2026","article_modified_time":"2026-05-02T08:29:36+00:00","twitter_card":"summary_large_image","twitter_misc":{"Est. reading time":"2 minutes"},"schema":{"@context":"https:\/\/schema.org","@graph":[{"@type":"WebPage","@id":"https:\/\/eaa-online.org\/congress-2026\/prague\/","url":"https:\/\/eaa-online.org\/congress-2026\/prague\/","name":"About Prague - Congress 2026","isPartOf":{"@id":"https:\/\/eaa-online.org\/congress-2026\/#website"},"datePublished":"2021-08-23T13:48:30+00:00","dateModified":"2026-05-02T08:29:36+00:00","inLanguage":"en-US","potentialAction":[{"@type":"ReadAction","target":["https:\/\/eaa-online.org\/congress-2026\/prague\/"]}]},{"@type":"WebSite","@id":"https:\/\/eaa-online.org\/congress-2026\/#website","url":"https:\/\/eaa-online.org\/congress-2026\/","name":"Congress 2026","description":"Just another EAA Sites site","potentialAction":[{"@type":"SearchAction","target":{"@type":"EntryPoint","urlTemplate":"https:\/\/eaa-online.org\/congress-2026\/?s={search_term_string}"},"query-input":"required name=search_term_string"}],"inLanguage":"en-US"}]}},"_links":{"self":[{"href":"https:\/\/eaa-online.org\/congress-2026\/wp-json\/wp\/v2\/pages\/155"}],"collection":[{"href":"https:\/\/eaa-online.org\/congress-2026\/wp-json\/wp\/v2\/pages"}],"about":[{"href":"https:\/\/eaa-online.org\/congress-2026\/wp-json\/wp\/v2\/types\/page"}],"author":[{"embeddable":true,"href":"https:\/\/eaa-online.org\/congress-2026\/wp-json\/wp\/v2\/users\/91"}],"replies":[{"embeddable":true,"href":"https:\/\/eaa-online.org\/congress-2026\/wp-json\/wp\/v2\/comments?post=155"}],"version-history":[{"count":42,"href":"https:\/\/eaa-online.org\/congress-2026\/wp-json\/wp\/v2\/pages\/155\/revisions"}],"predecessor-version":[{"id":3015,"href":"https:\/\/eaa-online.org\/congress-2026\/wp-json\/wp\/v2\/pages\/155\/revisions\/3015"}],"wp:attachment":[{"href":"https:\/\/eaa-online.org\/congress-2026\/wp-json\/wp\/v2\/media?parent=155"}],"curies":[{"name":"wp","href":"https:\/\/api.w.org\/{rel}","templated":true}]}}