{"id":157,"date":"2021-08-23T13:49:01","date_gmt":"2021-08-23T13:49:01","guid":{"rendered":"https:\/\/eaa-online.org\/congress-2026\/?page_id=157"},"modified":"2026-02-04T08:13:45","modified_gmt":"2026-02-04T08:13:45","slug":"vse","status":"publish","type":"page","link":"https:\/\/eaa-online.org\/congress-2026\/vse\/","title":{"rendered":"About V\u0160E"},"content":{"rendered":"<p style=\"text-align: justify\"><strong><span style=\"color: #0099cc\">Prague University of Economics and Business<\/span><\/strong><\/p>\n<p style=\"text-align: justify\"><em>Prague University of Economics and Business<\/em> (in Czech: Vysok\u00e1 \u0161kola ekonomick\u00e1 v Praze \u2013 V\u0160E), founded in 1953, is the largest public university of economics in the Czech Republic. V\u0160E has six faculties offering applicants a broad spectrum of bachelor, master, PhD and MBA study programs. Five faculties are located in the centre of Prague \u2013 the <strong><a href=\"https:\/\/ffu.vse.cz\/english\/\">Faculty of Finance and Accounting<\/a><\/strong>, the Faculty of International Relations, the Faculty of Business Administration, the Faculty of Informatics and Statistics and the Faculty of Economics. The Faculty of Management is located in the town of Jind\u0159ich\u016fv Hradec. Studies at V\u0160E meet the requirements of the European Credit Transfer and Accumulation System (ECTS). There are about 14,000 students at V\u0160E. The classes taught at V\u0160E are guaranteed and provided by more than 600 qualified academics and business experts.<\/p>\n<p style=\"text-align: justify\">The university currently cooperates with more than 250 partner universities worldwide. Approximately 1,000 students go abroad annually, and even more international students come to V\u0160E. V\u0160E holds the AACSB accreditation and is a member of numerous international organizations and networks, such as the international strategic alliance CEMS (Global Alliance in Management Education), PIM (Partnership in International Management) or the PRME Initiative (Principles for Responsible Management Education). Many significant Czech and foreign economists have obtained the university\u2019s honoris causa title, for instance, the Nobel Prize winners Prof Robert A. Mundell, Prof Milton Friedman, or Prof Gary S. Becker.<\/p>\n<p style=\"text-align: justify\"><em><span style=\"color: #0099cc\">V\u0160E website &amp; social media<\/span><\/em><\/p>\n<table style=\"width: 300px;border-collapse: collapse\">\n<tbody>\n<tr>\n<td style=\"width: 33.3333%\"><a href=\"https:\/\/www.vse.cz\/english\/ \" target=\"_blank\" rel=\"noopener\"><img decoding=\"async\" loading=\"lazy\" class=\"sFlh5c FyHeAf iPVvYb alignleft\" src=\"https:\/\/i.pinimg.com\/736x\/fd\/71\/cc\/fd71cc920df96dfb498587b177d3c658.jpg\" alt=\"Png World Wide Web Logo - Icon Transparent Background ...\" width=\"54\" height=\"58\"><\/a><\/td>\n<td style=\"width: 33.3333%\"><a href=\"https:\/\/www.facebook.com\/vsecz.english\" target=\"_blank\" rel=\"noopener\"><img decoding=\"async\" loading=\"lazy\" class=\"wp-image-926 alignleft\" src=\"https:\/\/convention.vse.cz\/wp-content\/uploads\/2025\/05\/Facebook_Logo_Primary-300x300.png\" alt=\"\" width=\"50\" height=\"50\"><\/a><\/td>\n<td style=\"width: 33.3333%\"><a href=\"https:\/\/www.instagram.com\/vsecz\/\" target=\"_blank\" rel=\"noopener\"><img decoding=\"async\" loading=\"lazy\" class=\"wp-image-927 alignleft\" src=\"https:\/\/convention.vse.cz\/wp-content\/uploads\/2025\/05\/Instagram_Glyph_Gradient-300x300.png\" alt=\"\" width=\"50\" height=\"50\"><\/a><\/td>\n<\/tr>\n<\/tbody>\n<\/table>\n<p style=\"text-align: justify\">&nbsp;<\/p>\n<p style=\"text-align: justify\"><strong><span style=\"color: #0099cc\">Faculty of Finance and Accounting<\/span><\/strong><\/p>\n<p style=\"text-align: justify\">The<strong> <a href=\"https:\/\/ffu.vse.cz\/english\/\">Faculty of Finance and Accounting<\/a><\/strong> provides education in corporate and public finance, accounting, taxation and tax policy, banking and insurance, and economic education. Courses \/ programmes are accredited by ACCA, ICAEW, CFA or RICS. The Faculty consists of around 90 academic employees and approximately 2,500 students in bachelor\u2019s, master and doctoral programmes. The Faculty\u2019s mission is to consistently achieve the leading position within finance and accounting in the countries of Central Europe. In the QS World University Rankings by Subject 2025, the Faculty ranked in the position 201-250 in the field of Accounting and Finance<\/p>\n<p style=\"text-align: justify\">The Faculty endeavours education based on principles of social responsibility and leads students to ethical behaviour, individual and social responsibility, and defends the free expression of thoughts and ideas. The Faculty consists of 7 <a href=\"https:\/\/ffu.vse.cz\/english\/departments\/\">Departments<\/a> a 2 <a href=\"https:\/\/ffu.vse.cz\/english\/institutes\/\">Institutes<\/a>.<\/p>\n<p style=\"text-align: justify\">Together with the Chamber of Auditors, the Chamber of Tax Advisors and the Union of Accountants, the Faculty belongs to the constituents of the <a href=\"https:\/\/nur.cz\/\" target=\"_blank\" rel=\"noopener\">Czech Accounting Board<\/a>, an independent body issuing the interpretations of Czech GAAP to help prepares to increase the quality of their financial statements and, thus, to meet users\u2019 information needs. Although the Board has no legal power to command the usage of its interpretations issued, Czech firms extensively use these. Furthermore, the Faculty significantly contributes to the process of standard-setting. The Ministry of Finance has empowered the Faculty to comment on both unpublic and public proposals of amendments to accounting law, and the Faculty is, thus, directly involved in developing new legislation.<\/p>\n<p style=\"text-align: justify\"><em><span style=\"color: #0099cc\">Faculty website &amp; social media<\/span><\/em><\/p>\n<table style=\"height: 100px;width: 300px\">\n<tbody>\n<tr>\n<td style=\"width: 34.5924%\"><a href=\"https:\/\/ffu.vse.cz\/english\/\" target=\"_blank\" rel=\"noopener\"><img decoding=\"async\" loading=\"lazy\" class=\"sFlh5c FyHeAf iPVvYb aligncenter\" src=\"https:\/\/i.pinimg.com\/736x\/fd\/71\/cc\/fd71cc920df96dfb498587b177d3c658.jpg\" alt=\"Png World Wide Web Logo - Icon Transparent Background ...\" width=\"50\" height=\"54\"><\/a><\/td>\n<td style=\"width: 32.8032%\"><a href=\"https:\/\/www.facebook.com\/ffu.vse\/\" target=\"_blank\" rel=\"noopener\"><img decoding=\"async\" loading=\"lazy\" class=\"aligncenter wp-image-926\" src=\"https:\/\/convention.vse.cz\/wp-content\/uploads\/2025\/05\/Facebook_Logo_Primary-300x300.png\" alt=\"\" width=\"52\" height=\"52\"><\/a><\/td>\n<td style=\"width: 30.6163%\"><a href=\"https:\/\/www.instagram.com\/ffu_vse\/\" target=\"_blank\" rel=\"noopener\"><img decoding=\"async\" loading=\"lazy\" class=\"aligncenter wp-image-927\" src=\"https:\/\/convention.vse.cz\/wp-content\/uploads\/2025\/05\/Instagram_Glyph_Gradient-300x300.png\" alt=\"\" width=\"50\" height=\"50\"><\/a><\/td>\n<\/tr>\n<\/tbody>\n<\/table>\n","protected":false},"excerpt":{"rendered":"<p>Prague University of Economics and Business Prague University of Economics and Business (in Czech: Vysok\u00e1 \u0161kola ekonomick\u00e1 v Praze \u2013 V\u0160E), founded in 1953, is the largest public university of economics in the Czech Republic. V\u0160E has six faculties offering applicants a broad spectrum of bachelor, master, PhD and MBA study programs. Five faculties are [&hellip;]<\/p>\n","protected":false},"author":91,"featured_media":0,"parent":0,"menu_order":0,"comment_status":"closed","ping_status":"closed","template":"","meta":{"ngg_post_thumbnail":0},"acf":[],"yoast_head":"<!-- This site is optimized with the Yoast SEO plugin v20.12 - https:\/\/yoast.com\/wordpress\/plugins\/seo\/ -->\n<title>About V\u0160E - Congress 2026<\/title>\n<meta name=\"robots\" content=\"noindex, follow, max-snippet:-1, max-image-preview:large, max-video-preview:-1\" \/>\n<meta property=\"og:locale\" content=\"en_US\" \/>\n<meta property=\"og:type\" content=\"article\" \/>\n<meta property=\"og:title\" content=\"About V\u0160E - Congress 2026\" \/>\n<meta property=\"og:description\" content=\"Prague University of Economics and Business Prague University of Economics and Business (in Czech: Vysok\u00e1 \u0161kola ekonomick\u00e1 v Praze \u2013 V\u0160E), founded in 1953, is the largest public university of economics in the Czech Republic. V\u0160E has six faculties offering applicants a broad spectrum of bachelor, master, PhD and MBA study programs. Five faculties are [&hellip;]\" \/>\n<meta property=\"og:url\" content=\"https:\/\/eaa-online.org\/congress-2026\/vse\/\" \/>\n<meta property=\"og:site_name\" content=\"Congress 2026\" \/>\n<meta property=\"article:modified_time\" content=\"2026-02-04T08:13:45+00:00\" \/>\n<meta property=\"og:image\" content=\"https:\/\/i.pinimg.com\/736x\/fd\/71\/cc\/fd71cc920df96dfb498587b177d3c658.jpg\" \/>\n<meta name=\"twitter:card\" content=\"summary_large_image\" \/>\n<meta name=\"twitter:label1\" content=\"Est. reading time\" \/>\n\t<meta name=\"twitter:data1\" content=\"4 minutes\" \/>\n<script type=\"application\/ld+json\" class=\"yoast-schema-graph\">{\"@context\":\"https:\/\/schema.org\",\"@graph\":[{\"@type\":\"WebPage\",\"@id\":\"https:\/\/eaa-online.org\/congress-2026\/vse\/\",\"url\":\"https:\/\/eaa-online.org\/congress-2026\/vse\/\",\"name\":\"About V\u0160E - Congress 2026\",\"isPartOf\":{\"@id\":\"https:\/\/eaa-online.org\/congress-2026\/#website\"},\"datePublished\":\"2021-08-23T13:49:01+00:00\",\"dateModified\":\"2026-02-04T08:13:45+00:00\",\"inLanguage\":\"en-US\",\"potentialAction\":[{\"@type\":\"ReadAction\",\"target\":[\"https:\/\/eaa-online.org\/congress-2026\/vse\/\"]}]},{\"@type\":\"WebSite\",\"@id\":\"https:\/\/eaa-online.org\/congress-2026\/#website\",\"url\":\"https:\/\/eaa-online.org\/congress-2026\/\",\"name\":\"Congress 2026\",\"description\":\"Just another EAA Sites site\",\"potentialAction\":[{\"@type\":\"SearchAction\",\"target\":{\"@type\":\"EntryPoint\",\"urlTemplate\":\"https:\/\/eaa-online.org\/congress-2026\/?s={search_term_string}\"},\"query-input\":\"required name=search_term_string\"}],\"inLanguage\":\"en-US\"}]}<\/script>\n<!-- \/ Yoast SEO plugin. -->","yoast_head_json":{"title":"About V\u0160E - Congress 2026","robots":{"index":"noindex","follow":"follow","max-snippet":"max-snippet:-1","max-image-preview":"max-image-preview:large","max-video-preview":"max-video-preview:-1"},"og_locale":"en_US","og_type":"article","og_title":"About V\u0160E - Congress 2026","og_description":"Prague University of Economics and Business Prague University of Economics and Business (in Czech: Vysok\u00e1 \u0161kola ekonomick\u00e1 v Praze \u2013 V\u0160E), founded in 1953, is the largest public university of economics in the Czech Republic. V\u0160E has six faculties offering applicants a broad spectrum of bachelor, master, PhD and MBA study programs. Five faculties are [&hellip;]","og_url":"https:\/\/eaa-online.org\/congress-2026\/vse\/","og_site_name":"Congress 2026","article_modified_time":"2026-02-04T08:13:45+00:00","og_image":[{"url":"https:\/\/i.pinimg.com\/736x\/fd\/71\/cc\/fd71cc920df96dfb498587b177d3c658.jpg"}],"twitter_card":"summary_large_image","twitter_misc":{"Est. reading time":"4 minutes"},"schema":{"@context":"https:\/\/schema.org","@graph":[{"@type":"WebPage","@id":"https:\/\/eaa-online.org\/congress-2026\/vse\/","url":"https:\/\/eaa-online.org\/congress-2026\/vse\/","name":"About V\u0160E - Congress 2026","isPartOf":{"@id":"https:\/\/eaa-online.org\/congress-2026\/#website"},"datePublished":"2021-08-23T13:49:01+00:00","dateModified":"2026-02-04T08:13:45+00:00","inLanguage":"en-US","potentialAction":[{"@type":"ReadAction","target":["https:\/\/eaa-online.org\/congress-2026\/vse\/"]}]},{"@type":"WebSite","@id":"https:\/\/eaa-online.org\/congress-2026\/#website","url":"https:\/\/eaa-online.org\/congress-2026\/","name":"Congress 2026","description":"Just another EAA Sites site","potentialAction":[{"@type":"SearchAction","target":{"@type":"EntryPoint","urlTemplate":"https:\/\/eaa-online.org\/congress-2026\/?s={search_term_string}"},"query-input":"required name=search_term_string"}],"inLanguage":"en-US"}]}},"_links":{"self":[{"href":"https:\/\/eaa-online.org\/congress-2026\/wp-json\/wp\/v2\/pages\/157"}],"collection":[{"href":"https:\/\/eaa-online.org\/congress-2026\/wp-json\/wp\/v2\/pages"}],"about":[{"href":"https:\/\/eaa-online.org\/congress-2026\/wp-json\/wp\/v2\/types\/page"}],"author":[{"embeddable":true,"href":"https:\/\/eaa-online.org\/congress-2026\/wp-json\/wp\/v2\/users\/91"}],"replies":[{"embeddable":true,"href":"https:\/\/eaa-online.org\/congress-2026\/wp-json\/wp\/v2\/comments?post=157"}],"version-history":[{"count":33,"href":"https:\/\/eaa-online.org\/congress-2026\/wp-json\/wp\/v2\/pages\/157\/revisions"}],"predecessor-version":[{"id":2816,"href":"https:\/\/eaa-online.org\/congress-2026\/wp-json\/wp\/v2\/pages\/157\/revisions\/2816"}],"wp:attachment":[{"href":"https:\/\/eaa-online.org\/congress-2026\/wp-json\/wp\/v2\/media?parent=157"}],"curies":[{"name":"wp","href":"https:\/\/api.w.org\/{rel}","templated":true}]}}