{"id":163,"date":"2021-08-23T13:50:17","date_gmt":"2021-08-23T13:50:17","guid":{"rendered":"https:\/\/eaa-online.org\/congress-2026\/?page_id=163"},"modified":"2026-02-04T07:44:45","modified_gmt":"2026-02-04T07:44:45","slug":"congress-venue","status":"publish","type":"page","link":"https:\/\/eaa-online.org\/congress-2026\/congress-venue\/","title":{"rendered":"Congress Venue"},"content":{"rendered":"<p>The entire scientific programme will take place in the main campus of Prague University of Economics and Business (Vysok\u00e1 \u0161kola ekonomick\u00e1 v Praze)<\/p>\n<p><strong><span style=\"color: #0099cc\">Address &amp; Map<\/span><\/strong><\/p>\n<ul>\n<li>Winston Churchill Square 1938\/4, Prague 3 \u2013 \u017di\u017ekov<\/li>\n<\/ul>\n<p><a href=\"https:\/\/maps.app.goo.gl\/y4Y5E176G8D9MjRf7\" target=\"_blank\" rel=\"noopener\"><img decoding=\"async\" loading=\"lazy\" class=\"alignnone wp-image-2655\" src=\"https:\/\/eaa-online.org\/app\/uploads\/sites\/80\/2026\/02\/google-map-300x182.png\" alt=\"\" width=\"445\" height=\"270\" srcset=\"https:\/\/eaa-online.org\/app\/uploads\/sites\/80\/2026\/02\/google-map-300x182.png 300w, https:\/\/eaa-online.org\/app\/uploads\/sites\/80\/2026\/02\/google-map-1024x621.png 1024w, https:\/\/eaa-online.org\/app\/uploads\/sites\/80\/2026\/02\/google-map-768x466.png 768w, https:\/\/eaa-online.org\/app\/uploads\/sites\/80\/2026\/02\/google-map.png 1034w\" sizes=\"(max-width: 445px) 100vw, 445px\" \/><\/a><br \/>\n&nbsp;<\/p>\n<p><strong><span style=\"color: #0099cc\">Getting to the campus<\/span><\/strong><\/p>\n<p>The University Campus is just a few minutes walking from the city center. It is easily accessible by all means of the Prague public transport.&nbsp;&nbsp;<\/p>\n<p><em><span style=\"color: #0099cc\">By Tram<\/span><\/em><\/p>\n<ul>\n<li>TRAM 5, 9, 15 or 26: Stop &#8220;Viktoria \u017di\u017ekov&#8221; (then 100m to the square)<\/li>\n<\/ul>\n<p><em><span style=\"color: #0099cc\">By Bus<\/span><\/em><\/p>\n<ul>\n<li>BUS 101 or 135: Stop &#8220;N\u00e1m\u011bst\u00ed Winstona Churchilla&#8221; (stops directly in front of the campus)<\/li>\n<\/ul>\n<p><em><span style=\"color: #0099cc\">By Metro<\/span><\/em><\/p>\n<ul>\n<li>METRO C (red line): Stop &#8220;Hlavn\u00ed n\u00e1dra\u017e\u00ed&#8221; (which is the main train station) and then by walk<span class=\"BxUVEf ILfuVd\" lang=\"cs\"><span class=\"hgKElc\"><b>\u2014<\/b><\/span><\/span>use the corridor from the 7th platform of the station which leads directly to the Winston Churchill Square (7-8 minute walk from the metro platform)<\/li>\n<\/ul>\n<p><strong><span style=\"color: #0099cc\">Campus map &amp; gallery<\/span><\/strong><\/p>\n<p><a href=\"https:\/\/eaa-online.org\/app\/uploads\/sites\/80\/2026\/02\/campus.jpg\"><img decoding=\"async\" loading=\"lazy\" class=\"alignnone wp-image-2652\" src=\"https:\/\/eaa-online.org\/app\/uploads\/sites\/80\/2026\/02\/campus-300x184.jpg\" alt=\"\" width=\"497\" height=\"305\" srcset=\"https:\/\/eaa-online.org\/app\/uploads\/sites\/80\/2026\/02\/campus-300x184.jpg 300w, https:\/\/eaa-online.org\/app\/uploads\/sites\/80\/2026\/02\/campus-768x471.jpg 768w, https:\/\/eaa-online.org\/app\/uploads\/sites\/80\/2026\/02\/campus.jpg 834w\" sizes=\"(max-width: 497px) 100vw, 497px\" \/><\/a><\/p>\n<p>&nbsp;<\/p>\n\n\n<div class=\"ngg-galleryoverview ngg-slideshow\"\n\t id=\"ngg-slideshow-06a69f2db3871372d27f556f96430df2-11820447770\"\n     data-gallery-id=\"06a69f2db3871372d27f556f96430df2\"\n     style=\"max-width: 750px; max-height: 500px;\">\n\n \t<div id=\"ngg-image-0\" class=\"ngg-gallery-slideshow-image\" style=\"height:500px\">\n\n        <a href=\"https:\/\/eaa-online.org\/app\/uploads\/sites\/6\/nggallery\/campus\/CAMPUS01.jpg\"\n           title=\"\"\n           data-src=\"https:\/\/eaa-online.org\/app\/uploads\/sites\/6\/nggallery\/campus\/CAMPUS01.jpg\"\n           data-thumbnail=\"https:\/\/eaa-online.org\/app\/uploads\/sites\/6\/nggallery\/campus\/thumbs\/thumbs_CAMPUS01.jpg\"\n           data-image-id=\"175\"\n           data-title=\"CAMPUS01\"\n           data-description=\"\"\n           class=\"ngg-simplelightbox\" rel=\"06a69f2db3871372d27f556f96430df2\">\n\n            <img data-image-id='175'\n                 title=\"\"\n                 alt=\"CAMPUS01\"\n                 src=\"https:\/\/eaa-online.org\/app\/uploads\/sites\/6\/nggallery\/campus\/CAMPUS01.jpg\"\n                 style=\"max-height: 480px;\"\/>\n        <\/a>\n\n        <\/div> \n<div id=\"ngg-image-1\" class=\"ngg-gallery-slideshow-image\" style=\"height:500px\">\n\n        <a href=\"https:\/\/eaa-online.org\/app\/uploads\/sites\/6\/nggallery\/campus\/CAMPUS02.jpg\"\n           title=\"\"\n           data-src=\"https:\/\/eaa-online.org\/app\/uploads\/sites\/6\/nggallery\/campus\/CAMPUS02.jpg\"\n           data-thumbnail=\"https:\/\/eaa-online.org\/app\/uploads\/sites\/6\/nggallery\/campus\/thumbs\/thumbs_CAMPUS02.jpg\"\n           data-image-id=\"178\"\n           data-title=\"CAMPUS02\"\n           data-description=\"\"\n           class=\"ngg-simplelightbox\" rel=\"06a69f2db3871372d27f556f96430df2\">\n\n            <img data-image-id='178'\n                 title=\"\"\n                 alt=\"CAMPUS02\"\n                 src=\"https:\/\/eaa-online.org\/app\/uploads\/sites\/6\/nggallery\/campus\/CAMPUS02.jpg\"\n                 style=\"max-height: 480px;\"\/>\n        <\/a>\n\n        <\/div> \n<div id=\"ngg-image-2\" class=\"ngg-gallery-slideshow-image\" style=\"height:500px\">\n\n        <a href=\"https:\/\/eaa-online.org\/app\/uploads\/sites\/6\/nggallery\/campus\/CAMPUS03.jpg\"\n           title=\"\"\n           data-src=\"https:\/\/eaa-online.org\/app\/uploads\/sites\/6\/nggallery\/campus\/CAMPUS03.jpg\"\n           data-thumbnail=\"https:\/\/eaa-online.org\/app\/uploads\/sites\/6\/nggallery\/campus\/thumbs\/thumbs_CAMPUS03.jpg\"\n           data-image-id=\"177\"\n           data-title=\"CAMPUS03\"\n           data-description=\"\"\n           class=\"ngg-simplelightbox\" rel=\"06a69f2db3871372d27f556f96430df2\">\n\n            <img data-image-id='177'\n                 title=\"\"\n                 alt=\"CAMPUS03\"\n                 src=\"https:\/\/eaa-online.org\/app\/uploads\/sites\/6\/nggallery\/campus\/CAMPUS03.jpg\"\n                 style=\"max-height: 480px;\"\/>\n        <\/a>\n\n        <\/div> \n<div id=\"ngg-image-3\" class=\"ngg-gallery-slideshow-image\" style=\"height:500px\">\n\n        <a href=\"https:\/\/eaa-online.org\/app\/uploads\/sites\/6\/nggallery\/campus\/CAMPUS04.jpg\"\n           title=\"\"\n           data-src=\"https:\/\/eaa-online.org\/app\/uploads\/sites\/6\/nggallery\/campus\/CAMPUS04.jpg\"\n           data-thumbnail=\"https:\/\/eaa-online.org\/app\/uploads\/sites\/6\/nggallery\/campus\/thumbs\/thumbs_CAMPUS04.jpg\"\n           data-image-id=\"174\"\n           data-title=\"CAMPUS04\"\n           data-description=\"\"\n           class=\"ngg-simplelightbox\" rel=\"06a69f2db3871372d27f556f96430df2\">\n\n            <img data-image-id='174'\n                 title=\"\"\n                 alt=\"CAMPUS04\"\n                 src=\"https:\/\/eaa-online.org\/app\/uploads\/sites\/6\/nggallery\/campus\/CAMPUS04.jpg\"\n                 style=\"max-height: 480px;\"\/>\n        <\/a>\n\n        <\/div> \n<div id=\"ngg-image-4\" class=\"ngg-gallery-slideshow-image\" style=\"height:500px\">\n\n        <a href=\"https:\/\/eaa-online.org\/app\/uploads\/sites\/6\/nggallery\/campus\/CAMPUS05.jpg\"\n           title=\"\"\n           data-src=\"https:\/\/eaa-online.org\/app\/uploads\/sites\/6\/nggallery\/campus\/CAMPUS05.jpg\"\n           data-thumbnail=\"https:\/\/eaa-online.org\/app\/uploads\/sites\/6\/nggallery\/campus\/thumbs\/thumbs_CAMPUS05.jpg\"\n           data-image-id=\"173\"\n           data-title=\"CAMPUS05\"\n           data-description=\"\"\n           class=\"ngg-simplelightbox\" rel=\"06a69f2db3871372d27f556f96430df2\">\n\n            <img data-image-id='173'\n                 title=\"\"\n                 alt=\"CAMPUS05\"\n                 src=\"https:\/\/eaa-online.org\/app\/uploads\/sites\/6\/nggallery\/campus\/CAMPUS05.jpg\"\n                 style=\"max-height: 480px;\"\/>\n        <\/a>\n\n        <\/div> \n<div id=\"ngg-image-5\" class=\"ngg-gallery-slideshow-image\" style=\"height:500px\">\n\n        <a href=\"https:\/\/eaa-online.org\/app\/uploads\/sites\/6\/nggallery\/campus\/CAMPUS06.jpg\"\n           title=\"\"\n           data-src=\"https:\/\/eaa-online.org\/app\/uploads\/sites\/6\/nggallery\/campus\/CAMPUS06.jpg\"\n           data-thumbnail=\"https:\/\/eaa-online.org\/app\/uploads\/sites\/6\/nggallery\/campus\/thumbs\/thumbs_CAMPUS06.jpg\"\n           data-image-id=\"176\"\n           data-title=\"CAMPUS06\"\n           data-description=\"\"\n           class=\"ngg-simplelightbox\" rel=\"06a69f2db3871372d27f556f96430df2\">\n\n            <img data-image-id='176'\n                 title=\"\"\n                 alt=\"CAMPUS06\"\n                 src=\"https:\/\/eaa-online.org\/app\/uploads\/sites\/6\/nggallery\/campus\/CAMPUS06.jpg\"\n                 style=\"max-height: 480px;\"\/>\n        <\/a>\n\n        <\/div> \n<div id=\"ngg-image-6\" class=\"ngg-gallery-slideshow-image\" style=\"height:500px\">\n\n        <a href=\"https:\/\/eaa-online.org\/app\/uploads\/sites\/6\/nggallery\/campus\/CAMPUS07.jpg\"\n           title=\"\"\n           data-src=\"https:\/\/eaa-online.org\/app\/uploads\/sites\/6\/nggallery\/campus\/CAMPUS07.jpg\"\n           data-thumbnail=\"https:\/\/eaa-online.org\/app\/uploads\/sites\/6\/nggallery\/campus\/thumbs\/thumbs_CAMPUS07.jpg\"\n           data-image-id=\"179\"\n           data-title=\"CAMPUS07\"\n           data-description=\"\"\n           class=\"ngg-simplelightbox\" rel=\"06a69f2db3871372d27f556f96430df2\">\n\n            <img data-image-id='179'\n                 title=\"\"\n                 alt=\"CAMPUS07\"\n                 src=\"https:\/\/eaa-online.org\/app\/uploads\/sites\/6\/nggallery\/campus\/CAMPUS07.jpg\"\n                 style=\"max-height: 480px;\"\/>\n        <\/a>\n\n        <\/div> \n<div id=\"ngg-image-7\" class=\"ngg-gallery-slideshow-image\" style=\"height:500px\">\n\n        <a href=\"https:\/\/eaa-online.org\/app\/uploads\/sites\/6\/nggallery\/campus\/CAMPUS08.jpg\"\n           title=\"\"\n           data-src=\"https:\/\/eaa-online.org\/app\/uploads\/sites\/6\/nggallery\/campus\/CAMPUS08.jpg\"\n           data-thumbnail=\"https:\/\/eaa-online.org\/app\/uploads\/sites\/6\/nggallery\/campus\/thumbs\/thumbs_CAMPUS08.jpg\"\n           data-image-id=\"180\"\n           data-title=\"CAMPUS08\"\n           data-description=\"\"\n           class=\"ngg-simplelightbox\" rel=\"06a69f2db3871372d27f556f96430df2\">\n\n            <img data-image-id='180'\n                 title=\"\"\n                 alt=\"CAMPUS08\"\n                 src=\"https:\/\/eaa-online.org\/app\/uploads\/sites\/6\/nggallery\/campus\/CAMPUS08.jpg\"\n                 style=\"max-height: 480px;\"\/>\n        <\/a>\n\n        <\/div> \n<div id=\"ngg-image-8\" class=\"ngg-gallery-slideshow-image\" style=\"height:500px\">\n\n        <a href=\"https:\/\/eaa-online.org\/app\/uploads\/sites\/6\/nggallery\/campus\/CAMPUS09.JPG\"\n           title=\"\"\n           data-src=\"https:\/\/eaa-online.org\/app\/uploads\/sites\/6\/nggallery\/campus\/CAMPUS09.JPG\"\n           data-thumbnail=\"https:\/\/eaa-online.org\/app\/uploads\/sites\/6\/nggallery\/campus\/thumbs\/thumbs_CAMPUS09.JPG\"\n           data-image-id=\"181\"\n           data-title=\"CAMPUS09\"\n           data-description=\"\"\n           class=\"ngg-simplelightbox\" rel=\"06a69f2db3871372d27f556f96430df2\">\n\n            <img data-image-id='181'\n                 title=\"\"\n                 alt=\"CAMPUS09\"\n                 src=\"https:\/\/eaa-online.org\/app\/uploads\/sites\/6\/nggallery\/campus\/CAMPUS09.JPG\"\n                 style=\"max-height: 480px;\"\/>\n        <\/a>\n\n        <\/div> \n<\/div>\n\n\n\n\n","protected":false},"excerpt":{"rendered":"<p>The entire scientific programme will take place in the main campus of Prague University of Economics and Business (Vysok\u00e1 \u0161kola ekonomick\u00e1 v Praze) Address &amp; Map Winston Churchill Square 1938\/4, Prague 3 \u2013 \u017di\u017ekov &nbsp; Getting to the campus The University Campus is just a few minutes walking from the city center. It is easily [&hellip;]<\/p>\n","protected":false},"author":91,"featured_media":0,"parent":0,"menu_order":0,"comment_status":"closed","ping_status":"closed","template":"","meta":{"ngg_post_thumbnail":0},"acf":[],"yoast_head":"<!-- This site is optimized with the Yoast SEO plugin v20.12 - https:\/\/yoast.com\/wordpress\/plugins\/seo\/ -->\n<title>Congress Venue - Congress 2026<\/title>\n<meta name=\"robots\" content=\"noindex, follow, max-snippet:-1, max-image-preview:large, max-video-preview:-1\" \/>\n<meta property=\"og:locale\" content=\"en_US\" \/>\n<meta property=\"og:type\" content=\"article\" \/>\n<meta property=\"og:title\" content=\"Congress Venue - Congress 2026\" \/>\n<meta property=\"og:description\" content=\"The entire scientific programme will take place in the main campus of Prague University of Economics and Business (Vysok\u00e1 \u0161kola ekonomick\u00e1 v Praze) Address &amp; Map Winston Churchill Square 1938\/4, Prague 3 \u2013 \u017di\u017ekov &nbsp; Getting to the campus The University Campus is just a few minutes walking from the city center. It is easily [&hellip;]\" \/>\n<meta property=\"og:url\" content=\"https:\/\/eaa-online.org\/congress-2026\/congress-venue\/\" \/>\n<meta property=\"og:site_name\" content=\"Congress 2026\" \/>\n<meta property=\"article:modified_time\" content=\"2026-02-04T07:44:45+00:00\" \/>\n<meta property=\"og:image\" content=\"https:\/\/eaa-online.org\/app\/uploads\/sites\/80\/2026\/02\/google-map-300x182.png\" \/>\n<meta name=\"twitter:card\" content=\"summary_large_image\" \/>\n<meta name=\"twitter:label1\" content=\"Est. reading time\" \/>\n\t<meta name=\"twitter:data1\" content=\"2 minutes\" \/>\n<script type=\"application\/ld+json\" class=\"yoast-schema-graph\">{\"@context\":\"https:\/\/schema.org\",\"@graph\":[{\"@type\":\"WebPage\",\"@id\":\"https:\/\/eaa-online.org\/congress-2026\/congress-venue\/\",\"url\":\"https:\/\/eaa-online.org\/congress-2026\/congress-venue\/\",\"name\":\"Congress Venue - Congress 2026\",\"isPartOf\":{\"@id\":\"https:\/\/eaa-online.org\/congress-2026\/#website\"},\"datePublished\":\"2021-08-23T13:50:17+00:00\",\"dateModified\":\"2026-02-04T07:44:45+00:00\",\"inLanguage\":\"en-US\",\"potentialAction\":[{\"@type\":\"ReadAction\",\"target\":[\"https:\/\/eaa-online.org\/congress-2026\/congress-venue\/\"]}]},{\"@type\":\"WebSite\",\"@id\":\"https:\/\/eaa-online.org\/congress-2026\/#website\",\"url\":\"https:\/\/eaa-online.org\/congress-2026\/\",\"name\":\"Congress 2026\",\"description\":\"Just another EAA Sites site\",\"potentialAction\":[{\"@type\":\"SearchAction\",\"target\":{\"@type\":\"EntryPoint\",\"urlTemplate\":\"https:\/\/eaa-online.org\/congress-2026\/?s={search_term_string}\"},\"query-input\":\"required name=search_term_string\"}],\"inLanguage\":\"en-US\"}]}<\/script>\n<!-- \/ Yoast SEO plugin. -->","yoast_head_json":{"title":"Congress Venue - Congress 2026","robots":{"index":"noindex","follow":"follow","max-snippet":"max-snippet:-1","max-image-preview":"max-image-preview:large","max-video-preview":"max-video-preview:-1"},"og_locale":"en_US","og_type":"article","og_title":"Congress Venue - Congress 2026","og_description":"The entire scientific programme will take place in the main campus of Prague University of Economics and Business (Vysok\u00e1 \u0161kola ekonomick\u00e1 v Praze) Address &amp; Map Winston Churchill Square 1938\/4, Prague 3 \u2013 \u017di\u017ekov &nbsp; Getting to the campus The University Campus is just a few minutes walking from the city center. It is easily [&hellip;]","og_url":"https:\/\/eaa-online.org\/congress-2026\/congress-venue\/","og_site_name":"Congress 2026","article_modified_time":"2026-02-04T07:44:45+00:00","og_image":[{"url":"https:\/\/eaa-online.org\/app\/uploads\/sites\/80\/2026\/02\/google-map-300x182.png"}],"twitter_card":"summary_large_image","twitter_misc":{"Est. reading time":"2 minutes"},"schema":{"@context":"https:\/\/schema.org","@graph":[{"@type":"WebPage","@id":"https:\/\/eaa-online.org\/congress-2026\/congress-venue\/","url":"https:\/\/eaa-online.org\/congress-2026\/congress-venue\/","name":"Congress Venue - Congress 2026","isPartOf":{"@id":"https:\/\/eaa-online.org\/congress-2026\/#website"},"datePublished":"2021-08-23T13:50:17+00:00","dateModified":"2026-02-04T07:44:45+00:00","inLanguage":"en-US","potentialAction":[{"@type":"ReadAction","target":["https:\/\/eaa-online.org\/congress-2026\/congress-venue\/"]}]},{"@type":"WebSite","@id":"https:\/\/eaa-online.org\/congress-2026\/#website","url":"https:\/\/eaa-online.org\/congress-2026\/","name":"Congress 2026","description":"Just another EAA Sites site","potentialAction":[{"@type":"SearchAction","target":{"@type":"EntryPoint","urlTemplate":"https:\/\/eaa-online.org\/congress-2026\/?s={search_term_string}"},"query-input":"required name=search_term_string"}],"inLanguage":"en-US"}]}},"_links":{"self":[{"href":"https:\/\/eaa-online.org\/congress-2026\/wp-json\/wp\/v2\/pages\/163"}],"collection":[{"href":"https:\/\/eaa-online.org\/congress-2026\/wp-json\/wp\/v2\/pages"}],"about":[{"href":"https:\/\/eaa-online.org\/congress-2026\/wp-json\/wp\/v2\/types\/page"}],"author":[{"embeddable":true,"href":"https:\/\/eaa-online.org\/congress-2026\/wp-json\/wp\/v2\/users\/91"}],"replies":[{"embeddable":true,"href":"https:\/\/eaa-online.org\/congress-2026\/wp-json\/wp\/v2\/comments?post=163"}],"version-history":[{"count":39,"href":"https:\/\/eaa-online.org\/congress-2026\/wp-json\/wp\/v2\/pages\/163\/revisions"}],"predecessor-version":[{"id":2657,"href":"https:\/\/eaa-online.org\/congress-2026\/wp-json\/wp\/v2\/pages\/163\/revisions\/2657"}],"wp:attachment":[{"href":"https:\/\/eaa-online.org\/congress-2026\/wp-json\/wp\/v2\/media?parent=163"}],"curies":[{"name":"wp","href":"https:\/\/api.w.org\/{rel}","templated":true}]}}