{"id":407,"date":"2022-02-15T15:30:26","date_gmt":"2022-02-15T15:30:26","guid":{"rendered":"https:\/\/eaa-online.org\/congress-2026\/?page_id=407"},"modified":"2026-02-04T08:22:58","modified_gmt":"2026-02-04T08:22:58","slug":"travel-in","status":"publish","type":"page","link":"https:\/\/eaa-online.org\/congress-2026\/travel-in\/","title":{"rendered":"Getting to Prague"},"content":{"rendered":"<p style=\"text-align: justify\">Prague is well-connected and easily accessible from a variety of international and European cities. Delegates can choose to travel by plane, train, or bus, depending on their origin and preference.<\/p>\n<p style=\"text-align: justify\"><strong><span style=\"color: #0099cc\">By Plane<\/span><\/strong><\/p>\n<ul style=\"text-align: justify\">\n<li>Prague&#8217;s main international airport is <strong><a href=\"https:\/\/www.prg.aero\/en\" target=\"_blank\" rel=\"noopener\">V\u00e1clav Havel Airport Prague<\/a><\/strong> (PRG). It is located about 17 km from the city center and from the V\u0160E campus.<\/li>\n<li>The airport serves numerous direct flights from major European cities, North America, the Middle East, and Asia. The airport is also well-connected with major European transfer hubs (Munich, Frankfurt, Paris, London, Vienna, Amsterdam), both by major carriers and low-cost airlines.<\/li>\n<\/ul>\n<p style=\"text-align: justify\"><strong>From the Airport to the City<\/strong><\/p>\n<p style=\"text-align: justify\"><span style=\"color: #0099cc\"><em>Public Transport<\/em><\/span><\/p>\n<p style=\"text-align: justify\">The connection between V\u00e1clav Havel Airport Prague and Prague city centre is provided by public transport bus lines which operate at regular few-minute intervals. Bus stops are located directly in front of terminals. To get to Prague city centre the fastest by public transport, use the 59 bus (Terminal 1\/Terminal 2 \u2013 Veleslav\u00edn train station) and changing to metro Line A. The standard public transport tickets can be bought in yellow machines located at the bus stop terminal.<\/p>\n<p style=\"text-align: justify\"><span style=\"color: #0099cc\"><em>Airport Express Bus<\/em><\/span><\/p>\n<p style=\"text-align: justify\">There is a specific Airport Express (AE) bus service that goes directly to the main train station (Praha Hlavn\u00ed n\u00e1dra\u017e\u00ed). The standard public transport tickets are not valid on this route. The ticket costs 100 CZK and can be bought by the bus driver.<\/p>\n<p style=\"text-align: justify\">This option is convenient if you are planning to go directly from the airport to the V\u0160E campus, which is approximately a 7\u20138 minute walk from the main train station.<\/p>\n<p style=\"text-align: justify\"><span style=\"color: #0099cc\"><em>Taxi<\/em><\/span><\/p>\n<p style=\"text-align: justify\">Taxis are also available for a more direct route to your accommodation. Currently, the official taxi operator from the Prague Airport is UBER. We recommend having the UBER app installed on your mobile phone. But even if you do not have the app, the UBER taxi can be easily ordered and paid using the black kiosks located in the Airport arrival hall, with a fixed price when the order is placed.&nbsp;<\/p>\n<p style=\"text-align: justify\">For detail information on all means of transport from the Airport to the City, please visit the official <strong><a href=\"https:\/\/www.prg.aero\/en\/transport-and-parking\" target=\"_blank\" rel=\"noopener\">Airport Website<\/a><\/strong><\/p>\n<p style=\"text-align: justify\"><strong><span style=\"color: #0099cc\">By Train<\/span><\/strong><\/p>\n<ul style=\"text-align: justify\">\n<li>Prague&#8217;s main train station is called Praha Hlavn\u00ed N\u00e1dra\u017e\u00ed.<\/li>\n<li>It is a large station in a central location, just a short walk from Wenceslas Square and within easy walking distance of the Old Town. More importantly, the V\u0160E campus is close to the station \u2014 approximately a 7\u20138 minute walk via the corridor leading from the station to the square where the campus is located.<\/li>\n<li>Prague is a hub for Central Europe and is well-connected by train to cities such as Vienna, Berlin, Hamburg, Frankfurt, Warszawa, Budapest, Bratislava.<\/li>\n<\/ul>\n<p style=\"text-align: justify\"><strong><span style=\"color: #0099cc\">By Bus<\/span><\/strong><\/p>\n<ul style=\"text-align: justify\">\n<li>International and long-distance buses typically arrive at Florenc Bus Station (Florenc) or Na Kn\u00ed\u017eec\u00ed. Both stations are on the Prague metro network, making onward travel easy. The major bus operators are FlixBus and RegioJet, offering extensive bus networks connecting Prague to cities across Europe.<\/li>\n<\/ul>\n<p style=\"text-align: justify\">&nbsp;<\/p>\n","protected":false},"excerpt":{"rendered":"<p>Prague is well-connected and easily accessible from a variety of international and European cities. Delegates can choose to travel by plane, train, or bus, depending on their origin and preference. By Plane Prague&#8217;s main international airport is V\u00e1clav Havel Airport Prague (PRG). It is located about 17 km from the city center and from the [&hellip;]<\/p>\n","protected":false},"author":91,"featured_media":0,"parent":0,"menu_order":0,"comment_status":"closed","ping_status":"closed","template":"","meta":{"ngg_post_thumbnail":0},"acf":[],"yoast_head":"<!-- This site is optimized with the Yoast SEO plugin v20.12 - https:\/\/yoast.com\/wordpress\/plugins\/seo\/ -->\n<title>Getting to Prague - Congress 2026<\/title>\n<meta name=\"robots\" content=\"noindex, follow, max-snippet:-1, max-image-preview:large, max-video-preview:-1\" \/>\n<meta property=\"og:locale\" content=\"en_US\" \/>\n<meta property=\"og:type\" content=\"article\" \/>\n<meta property=\"og:title\" content=\"Getting to Prague - Congress 2026\" \/>\n<meta property=\"og:description\" content=\"Prague is well-connected and easily accessible from a variety of international and European cities. Delegates can choose to travel by plane, train, or bus, depending on their origin and preference. By Plane Prague&#8217;s main international airport is V\u00e1clav Havel Airport Prague (PRG). It is located about 17 km from the city center and from the [&hellip;]\" \/>\n<meta property=\"og:url\" content=\"https:\/\/eaa-online.org\/congress-2026\/travel-in\/\" \/>\n<meta property=\"og:site_name\" content=\"Congress 2026\" \/>\n<meta property=\"article:modified_time\" content=\"2026-02-04T08:22:58+00:00\" \/>\n<meta name=\"twitter:card\" content=\"summary_large_image\" \/>\n<meta name=\"twitter:label1\" content=\"Est. reading time\" \/>\n\t<meta name=\"twitter:data1\" content=\"3 minutes\" \/>\n<script type=\"application\/ld+json\" class=\"yoast-schema-graph\">{\"@context\":\"https:\/\/schema.org\",\"@graph\":[{\"@type\":\"WebPage\",\"@id\":\"https:\/\/eaa-online.org\/congress-2026\/travel-in\/\",\"url\":\"https:\/\/eaa-online.org\/congress-2026\/travel-in\/\",\"name\":\"Getting to Prague - Congress 2026\",\"isPartOf\":{\"@id\":\"https:\/\/eaa-online.org\/congress-2026\/#website\"},\"datePublished\":\"2022-02-15T15:30:26+00:00\",\"dateModified\":\"2026-02-04T08:22:58+00:00\",\"inLanguage\":\"en-US\",\"potentialAction\":[{\"@type\":\"ReadAction\",\"target\":[\"https:\/\/eaa-online.org\/congress-2026\/travel-in\/\"]}]},{\"@type\":\"WebSite\",\"@id\":\"https:\/\/eaa-online.org\/congress-2026\/#website\",\"url\":\"https:\/\/eaa-online.org\/congress-2026\/\",\"name\":\"Congress 2026\",\"description\":\"Just another EAA Sites site\",\"potentialAction\":[{\"@type\":\"SearchAction\",\"target\":{\"@type\":\"EntryPoint\",\"urlTemplate\":\"https:\/\/eaa-online.org\/congress-2026\/?s={search_term_string}\"},\"query-input\":\"required name=search_term_string\"}],\"inLanguage\":\"en-US\"}]}<\/script>\n<!-- \/ Yoast SEO plugin. -->","yoast_head_json":{"title":"Getting to Prague - Congress 2026","robots":{"index":"noindex","follow":"follow","max-snippet":"max-snippet:-1","max-image-preview":"max-image-preview:large","max-video-preview":"max-video-preview:-1"},"og_locale":"en_US","og_type":"article","og_title":"Getting to Prague - Congress 2026","og_description":"Prague is well-connected and easily accessible from a variety of international and European cities. Delegates can choose to travel by plane, train, or bus, depending on their origin and preference. By Plane Prague&#8217;s main international airport is V\u00e1clav Havel Airport Prague (PRG). It is located about 17 km from the city center and from the [&hellip;]","og_url":"https:\/\/eaa-online.org\/congress-2026\/travel-in\/","og_site_name":"Congress 2026","article_modified_time":"2026-02-04T08:22:58+00:00","twitter_card":"summary_large_image","twitter_misc":{"Est. reading time":"3 minutes"},"schema":{"@context":"https:\/\/schema.org","@graph":[{"@type":"WebPage","@id":"https:\/\/eaa-online.org\/congress-2026\/travel-in\/","url":"https:\/\/eaa-online.org\/congress-2026\/travel-in\/","name":"Getting to Prague - Congress 2026","isPartOf":{"@id":"https:\/\/eaa-online.org\/congress-2026\/#website"},"datePublished":"2022-02-15T15:30:26+00:00","dateModified":"2026-02-04T08:22:58+00:00","inLanguage":"en-US","potentialAction":[{"@type":"ReadAction","target":["https:\/\/eaa-online.org\/congress-2026\/travel-in\/"]}]},{"@type":"WebSite","@id":"https:\/\/eaa-online.org\/congress-2026\/#website","url":"https:\/\/eaa-online.org\/congress-2026\/","name":"Congress 2026","description":"Just another EAA Sites site","potentialAction":[{"@type":"SearchAction","target":{"@type":"EntryPoint","urlTemplate":"https:\/\/eaa-online.org\/congress-2026\/?s={search_term_string}"},"query-input":"required name=search_term_string"}],"inLanguage":"en-US"}]}},"_links":{"self":[{"href":"https:\/\/eaa-online.org\/congress-2026\/wp-json\/wp\/v2\/pages\/407"}],"collection":[{"href":"https:\/\/eaa-online.org\/congress-2026\/wp-json\/wp\/v2\/pages"}],"about":[{"href":"https:\/\/eaa-online.org\/congress-2026\/wp-json\/wp\/v2\/types\/page"}],"author":[{"embeddable":true,"href":"https:\/\/eaa-online.org\/congress-2026\/wp-json\/wp\/v2\/users\/91"}],"replies":[{"embeddable":true,"href":"https:\/\/eaa-online.org\/congress-2026\/wp-json\/wp\/v2\/comments?post=407"}],"version-history":[{"count":36,"href":"https:\/\/eaa-online.org\/congress-2026\/wp-json\/wp\/v2\/pages\/407\/revisions"}],"predecessor-version":[{"id":2818,"href":"https:\/\/eaa-online.org\/congress-2026\/wp-json\/wp\/v2\/pages\/407\/revisions\/2818"}],"wp:attachment":[{"href":"https:\/\/eaa-online.org\/congress-2026\/wp-json\/wp\/v2\/media?parent=407"}],"curies":[{"name":"wp","href":"https:\/\/api.w.org\/{rel}","templated":true}]}}